{"id":3865,"date":"2024-05-31T04:06:23","date_gmt":"2024-05-31T01:06:23","guid":{"rendered":"https:\/\/4aelektrik.com.tr\/?page_id=3865"},"modified":"2025-02-10T11:47:05","modified_gmt":"2025-02-10T08:47:05","slug":"enerji-yonetim-sistemleri","status":"publish","type":"page","link":"https:\/\/www.4aelektrik.com.tr\/en\/cozumler-ve-hizmetler\/enerji-yonetim-sistemleri\/","title":{"rendered":"Energy Management Systems"},"content":{"rendered":"<div data-elementor-type=\"wp-page\" data-elementor-id=\"3865\" class=\"elementor elementor-3865\">\n\t\t\t\t\t\t<section class=\"elementor-section elementor-top-section elementor-element elementor-element-7ec2a9 elementor-section-boxed elementor-section-height-default elementor-section-height-default\" data-id=\"7ec2a9\" data-element_type=\"section\" data-e-type=\"section\">\n\t\t\t\t\t\t<div class=\"elementor-container elementor-column-gap-default\">\n\t\t\t\t\t<div class=\"elementor-column elementor-col-100 elementor-top-column elementor-element elementor-element-6018382b\" data-id=\"6018382b\" data-element_type=\"column\" data-e-type=\"column\">\n\t\t\t<div class=\"elementor-widget-wrap elementor-element-populated\">\n\t\t\t\t\t\t<section class=\"elementor-section elementor-inner-section elementor-element elementor-element-76c28aca elementor-section-full_width elementor-section-height-default elementor-section-height-default\" data-id=\"76c28aca\" data-element_type=\"section\" data-e-type=\"section\">\n\t\t\t\t\t\t<div class=\"elementor-container elementor-column-gap-no\">\n\t\t\t\t\t<div class=\"elementor-column elementor-col-50 elementor-inner-column elementor-element elementor-element-70f9c814 page-single\" data-id=\"70f9c814\" data-element_type=\"column\" data-e-type=\"column\">\n\t\t\t<div class=\"elementor-widget-wrap elementor-element-populated\">\n\t\t\t\t\t\t<div class=\"elementor-element elementor-element-509301aa page-img elementor-widget elementor-widget-image\" data-id=\"509301aa\" data-element_type=\"widget\" data-e-type=\"widget\" data-widget_type=\"image.default\">\n\t\t\t\t<div class=\"elementor-widget-container\">\n\t\t\t\t\t\t\t\t\t\t\t\t\t\t\t<img fetchpriority=\"high\" decoding=\"async\" width=\"748\" height=\"509\" src=\"https:\/\/www.4aelektrik.com.tr\/wp-content\/uploads\/2024\/05\/enerjiyonetim.png\" class=\"attachment-full size-full wp-image-3796\" alt=\"\" srcset=\"https:\/\/www.4aelektrik.com.tr\/wp-content\/uploads\/2024\/05\/enerjiyonetim.png 748w, https:\/\/www.4aelektrik.com.tr\/wp-content\/uploads\/2024\/05\/enerjiyonetim-600x408.png 600w, https:\/\/www.4aelektrik.com.tr\/wp-content\/uploads\/2024\/05\/enerjiyonetim-300x204.png 300w\" sizes=\"(max-width: 748px) 100vw, 748px\" \/>\t\t\t\t\t\t\t\t\t\t\t\t\t\t\t<\/div>\n\t\t\t\t<\/div>\n\t\t\t\t<div class=\"elementor-element elementor-element-4ad0e87 h3 page-title elementor-widget elementor-widget-heading\" data-id=\"4ad0e87\" data-element_type=\"widget\" data-e-type=\"widget\" data-widget_type=\"heading.default\">\n\t\t\t\t<div class=\"elementor-widget-container\">\n\t\t\t\t\t<h3 class=\"elementor-heading-title elementor-size-default\"><h2 style=\"font-family: Barlow, sans-serif;white-space: normal\">ENERJ\u0130 Y\u00d6NET\u0130M S\u0130STEMLER\u0130<\/h2><\/h3>\t\t\t\t<\/div>\n\t\t\t\t<\/div>\n\t\t\t\t<div class=\"elementor-element elementor-element-2d60bb72 elementor-widget elementor-widget-text-editor\" data-id=\"2d60bb72\" data-element_type=\"widget\" data-e-type=\"widget\" data-widget_type=\"text-editor.default\">\n\t\t\t\t<div class=\"elementor-widget-container\">\n\t\t\t\t\t\t\t\t\t<p><strong>4A ELEKTRIK<\/strong>\u00a0has been designing and executing highly technological power management solutions based on the technological\nbackground and intelligent engineering capabilities of the company.<\/p>\t\t\t\t\t\t\t\t<\/div>\n\t\t\t\t<\/div>\n\t\t\t\t<div class=\"elementor-element elementor-element-1e8fb65 elementor-widget elementor-widget-text-editor\" data-id=\"1e8fb65\" data-element_type=\"widget\" data-e-type=\"widget\" data-widget_type=\"text-editor.default\">\n\t\t\t\t<div class=\"elementor-widget-container\">\n\t\t\t\t\t\t\t\t\t<div class=\"row\"><div class=\"col-md-12\"><div class=\"checklist style5\"><ul><li><i class=\"fas fa-octagon-check\"><\/i>Generator load shedding systems<\/li><li><i class=\"fas fa-octagon-check\"><\/i>Synchronous generators power management systems (load sharing, automatic switching, etc.)<\/li><li><i class=\"fas fa-octagon-check\"><\/i>MV motor busbars Fast Transfer Schemes<\/li><li><i class=\"fas fa-octagon-check\"><\/i>Demand control systems<\/li><li><i class=\"fas fa-octagon-check\"><\/i>Special protection and control systems<\/li><li><i class=\"fas fa-octagon-check\"><\/i>Wide area protection, metering and control systems<\/li><li><i class=\"fas fa-octagon-check\"><\/i>Automatic generator control systems<\/li><li><i class=\"fas fa-octagon-check\"><\/i>MV\/HV automatic VAR optimization and control systems<\/li><\/ul><\/div><\/div><\/div>\t\t\t\t\t\t\t\t<\/div>\n\t\t\t\t<\/div>\n\t\t\t\t\t<\/div>\n\t\t<\/div>\n\t\t\t\t<div class=\"elementor-column elementor-col-50 elementor-inner-column elementor-element elementor-element-6fb10977\" data-id=\"6fb10977\" data-element_type=\"column\" data-e-type=\"column\">\n\t\t\t<div class=\"elementor-widget-wrap elementor-element-populated\">\n\t\t\t\t\t\t<div class=\"elementor-element elementor-element-21bdddb3 elementor-widget elementor-widget-nav-menu\" data-id=\"21bdddb3\" data-element_type=\"widget\" data-e-type=\"widget\" data-widget_type=\"nav-menu.default\">\n\t\t\t\t<div class=\"elementor-widget-container\">\n\t\t\t\t\t \t\t\t\t<\/div>\n\t\t\t\t<\/div>\n\t\t\t\t<div class=\"elementor-element elementor-element-28aa2b08 elementor-widget elementor-widget-text-editor\" data-id=\"28aa2b08\" data-element_type=\"widget\" data-e-type=\"widget\" data-widget_type=\"text-editor.default\">\n\t\t\t\t<div class=\"elementor-widget-container\">\n\t\t\t\t\t\t\t\t\t<div class=\"widget widget_banner\" data-bg-src=\"https:\/\/themeholy.com\/wordpress\/test\/wp-content\/uploads\/2023\/03\/widget_banner-1.jpg\"><div class=\"widget-banner\"><p><span class=\"text\">WE ARE WITH YOU<\/span><\/p><h2 class=\"title\">DETAYLI B\u0130LG\u0130 \u0130\u00c7\u0130N<\/h2><p><a class=\"th-btn style3\" href=\"\/en\/iletisim\/\">Contact Us<\/a><\/p><\/div><\/div>\t\t\t\t\t\t\t\t<\/div>\n\t\t\t\t<\/div>\n\t\t\t\t\t<\/div>\n\t\t<\/div>\n\t\t\t\t\t<\/div>\n\t\t<\/section>\n\t\t\t\t\t<\/div>\n\t\t<\/div>\n\t\t\t\t\t<\/div>\n\t\t<\/section>\n\t\t\t\t<\/div>","protected":false},"excerpt":{"rendered":"<p>ENERJ\u0130 Y\u00d6NET\u0130M S\u0130STEMLER\u0130 4A ELEKTR\u0130K\u00a0derin teknolojik altyap\u0131s\u0131 ve yetenekleri ile enerji y\u00f6netim sistemleri konusunda geli\u015fmi\u015f sistemlerin tasar\u0131m ve imalat\u0131n\u0131 ger\u00e7ekle\u015ftirmektedir. Jenerat\u00f6r y\u00fck atma sistemleri Senkron jenerat\u00f6rlerin enerji y\u00f6netim sistemleri (y\u00fck payla\u015ft\u0131rma, otomatik devreye girme ve \u00e7\u0131kma v.s.) OG Motor Baralar\u0131nda H\u0131zl\u0131 Transfer Sistemlerive selektivite \u00e7al\u0131\u015fmalar\u0131 Demand kontrol sistemleri \u00d6zel koruma ve kontrol sistemleri Geni\u015f alan&#8230;<\/p>","protected":false},"author":1,"featured_media":0,"parent":527,"menu_order":2,"comment_status":"closed","ping_status":"closed","template":"","meta":{"footnotes":""},"class_list":["post-3865","page","type-page","status-publish","hentry"],"_links":{"self":[{"href":"https:\/\/www.4aelektrik.com.tr\/en\/wp-json\/wp\/v2\/pages\/3865","targetHints":{"allow":["GET"]}}],"collection":[{"href":"https:\/\/www.4aelektrik.com.tr\/en\/wp-json\/wp\/v2\/pages"}],"about":[{"href":"https:\/\/www.4aelektrik.com.tr\/en\/wp-json\/wp\/v2\/types\/page"}],"author":[{"embeddable":true,"href":"https:\/\/www.4aelektrik.com.tr\/en\/wp-json\/wp\/v2\/users\/1"}],"replies":[{"embeddable":true,"href":"https:\/\/www.4aelektrik.com.tr\/en\/wp-json\/wp\/v2\/comments?post=3865"}],"version-history":[{"count":19,"href":"https:\/\/www.4aelektrik.com.tr\/en\/wp-json\/wp\/v2\/pages\/3865\/revisions"}],"predecessor-version":[{"id":4890,"href":"https:\/\/www.4aelektrik.com.tr\/en\/wp-json\/wp\/v2\/pages\/3865\/revisions\/4890"}],"up":[{"embeddable":true,"href":"https:\/\/www.4aelektrik.com.tr\/en\/wp-json\/wp\/v2\/pages\/527"}],"wp:attachment":[{"href":"https:\/\/www.4aelektrik.com.tr\/en\/wp-json\/wp\/v2\/media?parent=3865"}],"curies":[{"name":"wp","href":"https:\/\/api.w.org\/{rel}","templated":true}]}}