{"id":3879,"date":"2024-05-31T04:23:54","date_gmt":"2024-05-31T01:23:54","guid":{"rendered":"https:\/\/4aelektrik.com.tr\/?page_id=3879"},"modified":"2025-02-17T14:22:58","modified_gmt":"2025-02-17T11:22:58","slug":"koruma-ve-kontrol-sistemleri","status":"publish","type":"page","link":"https:\/\/www.4aelektrik.com.tr\/en\/cozumler-ve-hizmetler\/koruma-ve-kontrol-sistemleri\/","title":{"rendered":"Protection and Control Systems"},"content":{"rendered":"<div data-elementor-type=\"wp-page\" data-elementor-id=\"3879\" class=\"elementor elementor-3879\">\n\t\t\t\t\t\t<section class=\"elementor-section elementor-top-section elementor-element elementor-element-930ad67 elementor-section-boxed elementor-section-height-default elementor-section-height-default\" data-id=\"930ad67\" data-element_type=\"section\" data-e-type=\"section\">\n\t\t\t\t\t\t<div class=\"elementor-container elementor-column-gap-default\">\n\t\t\t\t\t<div class=\"elementor-column elementor-col-100 elementor-top-column elementor-element elementor-element-1968b603\" data-id=\"1968b603\" data-element_type=\"column\" data-e-type=\"column\">\n\t\t\t<div class=\"elementor-widget-wrap elementor-element-populated\">\n\t\t\t\t\t\t<section class=\"elementor-section elementor-inner-section elementor-element elementor-element-550c85b1 elementor-section-full_width elementor-section-height-default elementor-section-height-default\" data-id=\"550c85b1\" data-element_type=\"section\" data-e-type=\"section\">\n\t\t\t\t\t\t<div class=\"elementor-container elementor-column-gap-no\">\n\t\t\t\t\t<div class=\"elementor-column elementor-col-50 elementor-inner-column elementor-element elementor-element-62d29889 page-single\" data-id=\"62d29889\" data-element_type=\"column\" data-e-type=\"column\">\n\t\t\t<div class=\"elementor-widget-wrap elementor-element-populated\">\n\t\t\t\t\t\t<div class=\"elementor-element elementor-element-5f8b85db page-img elementor-widget elementor-widget-image\" data-id=\"5f8b85db\" data-element_type=\"widget\" data-e-type=\"widget\" data-widget_type=\"image.default\">\n\t\t\t\t<div class=\"elementor-widget-container\">\n\t\t\t\t\t\t\t\t\t\t\t\t\t\t\t<img fetchpriority=\"high\" decoding=\"async\" width=\"743\" height=\"510\" src=\"https:\/\/www.4aelektrik.com.tr\/wp-content\/uploads\/2024\/05\/prot_auto.png\" class=\"attachment-full size-full wp-image-3799\" alt=\"\" srcset=\"https:\/\/www.4aelektrik.com.tr\/wp-content\/uploads\/2024\/05\/prot_auto.png 743w, https:\/\/www.4aelektrik.com.tr\/wp-content\/uploads\/2024\/05\/prot_auto-600x412.png 600w, https:\/\/www.4aelektrik.com.tr\/wp-content\/uploads\/2024\/05\/prot_auto-300x206.png 300w\" sizes=\"(max-width: 743px) 100vw, 743px\" \/>\t\t\t\t\t\t\t\t\t\t\t\t\t\t\t<\/div>\n\t\t\t\t<\/div>\n\t\t\t\t<div class=\"elementor-element elementor-element-16c1de94 h3 page-title elementor-widget elementor-widget-heading\" data-id=\"16c1de94\" data-element_type=\"widget\" data-e-type=\"widget\" data-widget_type=\"heading.default\">\n\t\t\t\t<div class=\"elementor-widget-container\">\n\t\t\t\t\t<h3 class=\"elementor-heading-title elementor-size-default\"><h2 style=\"font-family: Barlow, sans-serif;white-space: normal\">Protection and Control Systems<\/h2><\/h3>\t\t\t\t<\/div>\n\t\t\t\t<\/div>\n\t\t\t\t<div class=\"elementor-element elementor-element-4d980cea elementor-widget elementor-widget-text-editor\" data-id=\"4d980cea\" data-element_type=\"widget\" data-e-type=\"widget\" data-widget_type=\"text-editor.default\">\n\t\t\t\t<div class=\"elementor-widget-container\">\n\t\t\t\t\t\t\t\t\t4A ELEKTRIK as a result of its 20 years experience and expertise, designs, manufactures and executes protection and energy\nautomation systems especially in high voltage and medium voltage systems.\nIn this field, the company is not only the follower of the innovative technologies that goes to the extend of digital transfomer\nsubstation automation systems, but the pioneer in implementation and design.\t\t\t\t\t\t\t\t<\/div>\n\t\t\t\t<\/div>\n\t\t\t\t\t<\/div>\n\t\t<\/div>\n\t\t\t\t<div class=\"elementor-column elementor-col-50 elementor-inner-column elementor-element elementor-element-6ad525f4\" data-id=\"6ad525f4\" data-element_type=\"column\" data-e-type=\"column\">\n\t\t\t<div class=\"elementor-widget-wrap elementor-element-populated\">\n\t\t\t\t\t\t<div class=\"elementor-element elementor-element-46380c65 elementor-widget elementor-widget-nav-menu\" data-id=\"46380c65\" data-element_type=\"widget\" data-e-type=\"widget\" data-widget_type=\"nav-menu.default\">\n\t\t\t\t<div class=\"elementor-widget-container\">\n\t\t\t\t\t \t\t\t\t<\/div>\n\t\t\t\t<\/div>\n\t\t\t\t<div class=\"elementor-element elementor-element-5acb0dc9 elementor-widget elementor-widget-text-editor\" data-id=\"5acb0dc9\" data-element_type=\"widget\" data-e-type=\"widget\" data-widget_type=\"text-editor.default\">\n\t\t\t\t<div class=\"elementor-widget-container\">\n\t\t\t\t\t\t\t\t\t<div class=\"widget widget_banner\" data-bg-src=\"https:\/\/themeholy.com\/wordpress\/test\/wp-content\/uploads\/2023\/03\/widget_banner-1.jpg\"><div class=\"widget-banner\"><span class=\"text\">WE ARE WITH YOU<\/span><h2 class=\"title\">FOR DETAILED INFORMATION<\/h2><p><a class=\"th-btn style3\" href=\"\/en\/iletisim\/\">Contact Us<\/a><\/p><\/div><\/div>\t\t\t\t\t\t\t\t<\/div>\n\t\t\t\t<\/div>\n\t\t\t\t\t<\/div>\n\t\t<\/div>\n\t\t\t\t\t<\/div>\n\t\t<\/section>\n\t\t\t\t<div class=\"elementor-element elementor-element-32ae48b2 elementor-widget elementor-widget-text-editor\" data-id=\"32ae48b2\" data-element_type=\"widget\" data-e-type=\"widget\" data-widget_type=\"text-editor.default\">\n\t\t\t\t<div class=\"elementor-widget-container\">\n\t\t\t\t\t\t\t\t\t<div class=\"row\"><div class=\"col-md-12\"><div class=\"checklist style5\"><ul><li><i class=\"fas fa-octagon-check\"><\/i>High voltage line, transformer, capacitor, busbar and breaker failure systems<\/li><li><i class=\"fas fa-octagon-check\"><\/i> Event and fault recorders<\/li><li><i class=\"fas fa-octagon-check\"><\/i>IEC61850 based digital substation control and protection systems<\/li><li><i class=\"fas fa-octagon-check\"><\/i>Generator protection and synchronization systems<\/li><li><i class=\"fas fa-octagon-check\"><\/i>Distribution systems feeder protection and selective protection systems<\/li><li><i class=\"fas fa-octagon-check\"><\/i>Distributed architecture fast metering, protection and control systems<\/li><li><i class=\"fas fa-octagon-check\"><\/i> Motor protection systems<\/li><\/ul><\/div><\/div><\/div>\t\t\t\t\t\t\t\t<\/div>\n\t\t\t\t<\/div>\n\t\t\t\t\t<\/div>\n\t\t<\/div>\n\t\t\t\t\t<\/div>\n\t\t<\/section>\n\t\t\t\t<\/div>","protected":false},"excerpt":{"rendered":"<p>Koruma ve Kontrol Sistemleri 4A ELEKTR\u0130K 20 y\u0131l\u0131 a\u015fk\u0131n teknik tecr\u00fcbesi ve uzmanl\u0131\u011f\u0131 ile \u00f6zellikle y\u00fcksek gerilim ve orta gerilim sistemlerinde koruma ve enerji otomasyonu sistemleri tasar\u0131m ve \u00fcretimi ger\u00e7ekle\u015ftirmektedir. Bu alanda tam n\u00fcmerik trafo merkezi otomasyonu sistemlerine varan geli\u015fmi\u015f ve yenilik\u00e7i teknolojilerin sadece takip\u00e7isi de\u011fil, \u00f6nc\u00fc uygulay\u0131c\u0131s\u0131 konumundad\u0131r.\u0130LET\u0130\u015e\u0130M B\u0130LG\u0130LER\u0130 DETAYLI B\u0130LG\u0130N \u0130\u00c7\u0130N \u0130LET\u0130\u015e\u0130M Y\u00fcksek&#8230;<\/p>","protected":false},"author":1,"featured_media":0,"parent":527,"menu_order":3,"comment_status":"closed","ping_status":"closed","template":"","meta":{"footnotes":""},"class_list":["post-3879","page","type-page","status-publish","hentry"],"_links":{"self":[{"href":"https:\/\/www.4aelektrik.com.tr\/en\/wp-json\/wp\/v2\/pages\/3879","targetHints":{"allow":["GET"]}}],"collection":[{"href":"https:\/\/www.4aelektrik.com.tr\/en\/wp-json\/wp\/v2\/pages"}],"about":[{"href":"https:\/\/www.4aelektrik.com.tr\/en\/wp-json\/wp\/v2\/types\/page"}],"author":[{"embeddable":true,"href":"https:\/\/www.4aelektrik.com.tr\/en\/wp-json\/wp\/v2\/users\/1"}],"replies":[{"embeddable":true,"href":"https:\/\/www.4aelektrik.com.tr\/en\/wp-json\/wp\/v2\/comments?post=3879"}],"version-history":[{"count":17,"href":"https:\/\/www.4aelektrik.com.tr\/en\/wp-json\/wp\/v2\/pages\/3879\/revisions"}],"predecessor-version":[{"id":4975,"href":"https:\/\/www.4aelektrik.com.tr\/en\/wp-json\/wp\/v2\/pages\/3879\/revisions\/4975"}],"up":[{"embeddable":true,"href":"https:\/\/www.4aelektrik.com.tr\/en\/wp-json\/wp\/v2\/pages\/527"}],"wp:attachment":[{"href":"https:\/\/www.4aelektrik.com.tr\/en\/wp-json\/wp\/v2\/media?parent=3879"}],"curies":[{"name":"wp","href":"https:\/\/api.w.org\/{rel}","templated":true}]}}