{"id":3885,"date":"2024-05-31T04:30:06","date_gmt":"2024-05-31T01:30:06","guid":{"rendered":"https:\/\/4aelektrik.com.tr\/?page_id=3885"},"modified":"2025-01-29T10:17:58","modified_gmt":"2025-01-29T07:17:58","slug":"anahtar-teslim-projeler","status":"publish","type":"page","link":"https:\/\/www.4aelektrik.com.tr\/en\/cozumler-ve-hizmetler\/anahtar-teslim-projeler\/","title":{"rendered":"Turnkey Projects"},"content":{"rendered":"<div data-elementor-type=\"wp-page\" data-elementor-id=\"3885\" class=\"elementor elementor-3885\">\n\t\t\t\t\t\t<section class=\"elementor-section elementor-top-section elementor-element elementor-element-2a3c0735 elementor-section-boxed elementor-section-height-default elementor-section-height-default\" data-id=\"2a3c0735\" data-element_type=\"section\" data-e-type=\"section\">\n\t\t\t\t\t\t<div class=\"elementor-container elementor-column-gap-default\">\n\t\t\t\t\t<div class=\"elementor-column elementor-col-100 elementor-top-column elementor-element elementor-element-7e702940\" data-id=\"7e702940\" data-element_type=\"column\" data-e-type=\"column\">\n\t\t\t<div class=\"elementor-widget-wrap elementor-element-populated\">\n\t\t\t\t\t\t<section class=\"elementor-section elementor-inner-section elementor-element elementor-element-466c22cd elementor-section-full_width elementor-section-height-default elementor-section-height-default\" data-id=\"466c22cd\" data-element_type=\"section\" data-e-type=\"section\">\n\t\t\t\t\t\t<div class=\"elementor-container elementor-column-gap-no\">\n\t\t\t\t\t<div class=\"elementor-column elementor-col-50 elementor-inner-column elementor-element elementor-element-5f46f1a9 page-single\" data-id=\"5f46f1a9\" data-element_type=\"column\" data-e-type=\"column\">\n\t\t\t<div class=\"elementor-widget-wrap elementor-element-populated\">\n\t\t\t\t\t\t<div class=\"elementor-element elementor-element-724ca513 page-img elementor-widget elementor-widget-image\" data-id=\"724ca513\" data-element_type=\"widget\" data-e-type=\"widget\" data-widget_type=\"image.default\">\n\t\t\t\t<div class=\"elementor-widget-container\">\n\t\t\t\t\t\t\t\t\t\t\t\t\t\t\t<img fetchpriority=\"high\" decoding=\"async\" width=\"700\" height=\"600\" src=\"https:\/\/www.4aelektrik.com.tr\/wp-content\/uploads\/2024\/05\/Organized-Industrial-Park.jpg\" class=\"attachment-full size-full wp-image-3814\" alt=\"\" srcset=\"https:\/\/www.4aelektrik.com.tr\/wp-content\/uploads\/2024\/05\/Organized-Industrial-Park.jpg 700w, https:\/\/www.4aelektrik.com.tr\/wp-content\/uploads\/2024\/05\/Organized-Industrial-Park-600x514.jpg 600w, https:\/\/www.4aelektrik.com.tr\/wp-content\/uploads\/2024\/05\/Organized-Industrial-Park-300x257.jpg 300w\" sizes=\"(max-width: 700px) 100vw, 700px\" \/>\t\t\t\t\t\t\t\t\t\t\t\t\t\t\t<\/div>\n\t\t\t\t<\/div>\n\t\t\t\t<div class=\"elementor-element elementor-element-73e92250 h3 page-title elementor-widget elementor-widget-heading\" data-id=\"73e92250\" data-element_type=\"widget\" data-e-type=\"widget\" data-widget_type=\"heading.default\">\n\t\t\t\t<div class=\"elementor-widget-container\">\n\t\t\t\t\t<h3 class=\"elementor-heading-title elementor-size-default\"><h2 style=\"font-family: Barlow, sans-serif;white-space: normal\">Turnkey Projects<\/h2><\/h3>\t\t\t\t<\/div>\n\t\t\t\t<\/div>\n\t\t\t\t<div class=\"elementor-element elementor-element-39d1b8fb elementor-widget elementor-widget-text-editor\" data-id=\"39d1b8fb\" data-element_type=\"widget\" data-e-type=\"widget\" data-widget_type=\"text-editor.default\">\n\t\t\t\t<div class=\"elementor-widget-container\">\n\t\t\t\t\t\t\t\t\t<p><strong>4A ELEKTRIK<\/strong>\u00a0has been serving turnkey solutions to the market for several years.<\/p>\t\t\t\t\t\t\t\t<\/div>\n\t\t\t\t<\/div>\n\t\t\t\t<div class=\"elementor-element elementor-element-4ceadf25 elementor-widget elementor-widget-text-editor\" data-id=\"4ceadf25\" data-element_type=\"widget\" data-e-type=\"widget\" data-widget_type=\"text-editor.default\">\n\t\t\t\t<div class=\"elementor-widget-container\">\n\t\t\t\t\t\t\t\t\t<div class=\"row\"><div class=\"col-md-12\"><div class=\"checklist style5\"><ul><li><i class=\"fas fa-octagon-check\"><\/i> Energy automation and SCADA systems<\/li><li><i class=\"fas fa-octagon-check\"><\/i> High voltage and medium voltage protection and control systems<\/li><li><i class=\"fas fa-octagon-check\"><\/i> Turn key protection and control systems for power plants and transformer substations<\/li><li><i class=\"fas fa-octagon-check\"><\/i> Metro and railway automation systems<\/li><li><i class=\"fas fa-octagon-check\"><\/i> Generator synchronization and excitation systems<\/li><li><i class=\"fas fa-octagon-check\"><\/i> Hydro and wind power plants electrical systems<\/li><li><i class=\"fas fa-octagon-check\"><\/i> Special protection and control applications<\/li><li><i class=\"fas fa-octagon-check\"><\/i>Turnkey substations<\/li><\/ul><\/div><\/div><\/div>\t\t\t\t\t\t\t\t<\/div>\n\t\t\t\t<\/div>\n\t\t\t\t\t<\/div>\n\t\t<\/div>\n\t\t\t\t<div class=\"elementor-column elementor-col-50 elementor-inner-column elementor-element elementor-element-775ed03b\" data-id=\"775ed03b\" data-element_type=\"column\" data-e-type=\"column\">\n\t\t\t<div class=\"elementor-widget-wrap elementor-element-populated\">\n\t\t\t\t\t\t<div class=\"elementor-element elementor-element-172a7187 elementor-widget elementor-widget-nav-menu\" data-id=\"172a7187\" data-element_type=\"widget\" data-e-type=\"widget\" data-widget_type=\"nav-menu.default\">\n\t\t\t\t<div class=\"elementor-widget-container\">\n\t\t\t\t\t \t\t\t\t<\/div>\n\t\t\t\t<\/div>\n\t\t\t\t<div class=\"elementor-element elementor-element-5024e694 elementor-widget elementor-widget-text-editor\" data-id=\"5024e694\" data-element_type=\"widget\" data-e-type=\"widget\" data-widget_type=\"text-editor.default\">\n\t\t\t\t<div class=\"elementor-widget-container\">\n\t\t\t\t\t\t\t\t\t<div class=\"widget widget_banner\" data-bg-src=\"https:\/\/themeholy.com\/wordpress\/test\/wp-content\/uploads\/2023\/03\/widget_banner-1.jpg\"><div class=\"widget-banner\"><span class=\"text\">WE ARE WITH YOU<\/span><h2 class=\"title\">FOR DETAILED INFORMATION<\/h2><p><a class=\"th-btn style3\" href=\"\/en\/iletisim\/\">Contact Us<\/a><\/p><\/div><\/div>\t\t\t\t\t\t\t\t<\/div>\n\t\t\t\t<\/div>\n\t\t\t\t\t<\/div>\n\t\t<\/div>\n\t\t\t\t\t<\/div>\n\t\t<\/section>\n\t\t\t\t\t<\/div>\n\t\t<\/div>\n\t\t\t\t\t<\/div>\n\t\t<\/section>\n\t\t\t\t<\/div>","protected":false},"excerpt":{"rendered":"<p>Anahtar Teslim Projeler 4A ELEKTR\u0130K\u00a0y\u0131llard\u0131r m\u00fc\u015fterilerine anahtar teslim \u00e7\u00f6z\u00fcmler ve projeler sunmaktad\u0131r. Enerji Otomasyonu ve SCADA sistemleri Y\u00fcksek ve Orta Gerilim Elektrik Sistemleri i\u00e7in Koruma ve Kumanda Sistemleri. Enerji Santralleri ve Trafo Merkezleri i\u00e7in anahtar teslimi koruma ve kontrol sistemleri Metro ve Rayl\u0131 Sistemler i\u00e7in otomasyon sistemleri Jenerat\u00f6r senkronizasyon ve uyart\u0131m sistemleri HES ve RES&#8230;<\/p>","protected":false},"author":1,"featured_media":0,"parent":527,"menu_order":4,"comment_status":"closed","ping_status":"closed","template":"","meta":{"footnotes":""},"class_list":["post-3885","page","type-page","status-publish","hentry"],"_links":{"self":[{"href":"https:\/\/www.4aelektrik.com.tr\/en\/wp-json\/wp\/v2\/pages\/3885","targetHints":{"allow":["GET"]}}],"collection":[{"href":"https:\/\/www.4aelektrik.com.tr\/en\/wp-json\/wp\/v2\/pages"}],"about":[{"href":"https:\/\/www.4aelektrik.com.tr\/en\/wp-json\/wp\/v2\/types\/page"}],"author":[{"embeddable":true,"href":"https:\/\/www.4aelektrik.com.tr\/en\/wp-json\/wp\/v2\/users\/1"}],"replies":[{"embeddable":true,"href":"https:\/\/www.4aelektrik.com.tr\/en\/wp-json\/wp\/v2\/comments?post=3885"}],"version-history":[{"count":7,"href":"https:\/\/www.4aelektrik.com.tr\/en\/wp-json\/wp\/v2\/pages\/3885\/revisions"}],"predecessor-version":[{"id":4680,"href":"https:\/\/www.4aelektrik.com.tr\/en\/wp-json\/wp\/v2\/pages\/3885\/revisions\/4680"}],"up":[{"embeddable":true,"href":"https:\/\/www.4aelektrik.com.tr\/en\/wp-json\/wp\/v2\/pages\/527"}],"wp:attachment":[{"href":"https:\/\/www.4aelektrik.com.tr\/en\/wp-json\/wp\/v2\/media?parent=3885"}],"curies":[{"name":"wp","href":"https:\/\/api.w.org\/{rel}","templated":true}]}}