{"id":3891,"date":"2024-05-31T04:35:41","date_gmt":"2024-05-31T01:35:41","guid":{"rendered":"https:\/\/4aelektrik.com.tr\/?page_id=3891"},"modified":"2025-02-09T19:19:08","modified_gmt":"2025-02-09T16:19:08","slug":"guc-sistemleri-haberlesme","status":"publish","type":"page","link":"https:\/\/www.4aelektrik.com.tr\/en\/cozumler-ve-hizmetler\/guc-sistemleri-haberlesme\/","title":{"rendered":"Power Systems Communications"},"content":{"rendered":"<p><img fetchpriority=\"high\" decoding=\"async\" width=\"744\" height=\"513\" src=\"https:\/\/www.4aelektrik.com.tr\/wp-content\/uploads\/2024\/05\/com.png\" alt=\"\" srcset=\"https:\/\/www.4aelektrik.com.tr\/wp-content\/uploads\/2024\/05\/com.png 744w, https:\/\/www.4aelektrik.com.tr\/wp-content\/uploads\/2024\/05\/com-600x414.png 600w, https:\/\/www.4aelektrik.com.tr\/wp-content\/uploads\/2024\/05\/com-300x207.png 300w\" sizes=\"(max-width: 744px) 100vw, 744px\" \/>\t\t\t\t\t\t\t\t\t\t\t\t\t\t\t<\/p>\n<h3>\n<h2 style=\"font-family: Barlow, sans-serif\">Power Systems Communications<\/h2>\n<\/h3>\n<p>\t\t4A ELEKTRIK has the capability and the expertise of handling the advanced communication requirements of power systems<br \/>\nand this is an important business segment for 4A ELEKTRIK. Communication solutions in energy industry requires deep<br \/>\nknowledge of communication systems background.<\/p>\n<ul>\n<li> Teleinformation systems \u2013 RTU \u2013 Load dispatch center systems<\/li>\n<li> SDH, PDH, MUX applications<\/li>\n<li>Leased lines<\/li>\n<li> DSL network data transfer<\/li>\n<li> Radio communications<\/li>\n<li> GSM\/GPRS\/3G network remote communciations systems<\/li>\n<li> Communication through power line carriers, PLC<\/li>\n<li> Optical fiber networks<\/li>\n<li> Voice and image transfer systems<\/li>\n<li> Special signalisation and protection communication<\/li>\n<li> Encrypted, secure communication and networks<\/li>\n<li> Wireless communication Wi-Fi, Radiolink, Microwave, Wi-Max<\/li>\n<\/ul>\n<p>WE ARE WITH YOU<\/p>\n<h2>FOR DETAILED INFORMATION<\/h2>\n<p><a href=\"\/en\/iletisim\/\">Contact Us<\/a><\/p>","protected":false},"excerpt":{"rendered":"<p>G\u00fc\u00e7 Sistemleri Haberle\u015fme 4A ELEKTR\u0130K g\u00fc\u00e7 sistemlerinin ihtiya\u00e7 duydu\u011fu geli\u015fmi\u015f haberle\u015fme sistemleri ile ilgili uygulamalar\u0131 ger\u00e7ekle\u015ftirme yetene\u011fine sahiptir ve bunu \u00f6nemli bir i\u015f kolu olarak uygulamaktad\u0131r. Enerji sistemlerinde uygulanan haberle\u015fme \u00e7\u00f6z\u00fcmleri, ileri seviyede haberle\u015fme altyap\u0131lar\u0131na hakim olmay\u0131 gerektirir. Teleinformasyon sistemleri \u2013 RTU \u2013 Y\u00fck tevzi haberle\u015fme sistemleri SDH, PDH, MUX sistemleri uygulamasi Kiral\u0131k devreler DSL&#8230;<\/p>","protected":false},"author":1,"featured_media":0,"parent":527,"menu_order":5,"comment_status":"closed","ping_status":"closed","template":"","meta":{"footnotes":""},"class_list":["post-3891","page","type-page","status-publish","hentry","page--item"],"_links":{"self":[{"href":"https:\/\/www.4aelektrik.com.tr\/en\/wp-json\/wp\/v2\/pages\/3891","targetHints":{"allow":["GET"]}}],"collection":[{"href":"https:\/\/www.4aelektrik.com.tr\/en\/wp-json\/wp\/v2\/pages"}],"about":[{"href":"https:\/\/www.4aelektrik.com.tr\/en\/wp-json\/wp\/v2\/types\/page"}],"author":[{"embeddable":true,"href":"https:\/\/www.4aelektrik.com.tr\/en\/wp-json\/wp\/v2\/users\/1"}],"replies":[{"embeddable":true,"href":"https:\/\/www.4aelektrik.com.tr\/en\/wp-json\/wp\/v2\/comments?post=3891"}],"version-history":[{"count":13,"href":"https:\/\/www.4aelektrik.com.tr\/en\/wp-json\/wp\/v2\/pages\/3891\/revisions"}],"predecessor-version":[{"id":4689,"href":"https:\/\/www.4aelektrik.com.tr\/en\/wp-json\/wp\/v2\/pages\/3891\/revisions\/4689"}],"up":[{"embeddable":true,"href":"https:\/\/www.4aelektrik.com.tr\/en\/wp-json\/wp\/v2\/pages\/527"}],"wp:attachment":[{"href":"https:\/\/www.4aelektrik.com.tr\/en\/wp-json\/wp\/v2\/media?parent=3891"}],"curies":[{"name":"wp","href":"https:\/\/api.w.org\/{rel}","templated":true}]}}