{"id":3897,"date":"2024-05-31T04:40:58","date_gmt":"2024-05-31T01:40:58","guid":{"rendered":"https:\/\/4aelektrik.com.tr\/?page_id=3897"},"modified":"2025-02-10T14:00:39","modified_gmt":"2025-02-10T11:00:39","slug":"saha-test-ve-devreye-alma","status":"publish","type":"page","link":"https:\/\/www.4aelektrik.com.tr\/en\/cozumler-ve-hizmetler\/saha-test-ve-devreye-alma\/","title":{"rendered":"Site Services, Test and Commissionig"},"content":{"rendered":"\t\t<div data-elementor-type=\"wp-page\" data-elementor-id=\"3897\" class=\"elementor elementor-3897\">\n\t\t\t\t\t\t<section class=\"elementor-section elementor-top-section elementor-element elementor-element-eaec993 elementor-section-boxed elementor-section-height-default elementor-section-height-default\" data-id=\"eaec993\" data-element_type=\"section\" data-e-type=\"section\">\n\t\t\t\t\t\t<div class=\"elementor-container elementor-column-gap-default\">\n\t\t\t\t\t<div class=\"elementor-column elementor-col-100 elementor-top-column elementor-element elementor-element-62f2ee2c\" data-id=\"62f2ee2c\" data-element_type=\"column\" data-e-type=\"column\">\n\t\t\t<div class=\"elementor-widget-wrap elementor-element-populated\">\n\t\t\t\t\t\t<section class=\"elementor-section elementor-inner-section elementor-element elementor-element-f04b1a elementor-section-full_width elementor-section-height-default elementor-section-height-default\" data-id=\"f04b1a\" data-element_type=\"section\" data-e-type=\"section\">\n\t\t\t\t\t\t<div class=\"elementor-container elementor-column-gap-no\">\n\t\t\t\t\t<div class=\"elementor-column elementor-col-50 elementor-inner-column elementor-element elementor-element-8d651e7 page-single\" data-id=\"8d651e7\" data-element_type=\"column\" data-e-type=\"column\">\n\t\t\t<div class=\"elementor-widget-wrap elementor-element-populated\">\n\t\t\t\t\t\t<div class=\"elementor-element elementor-element-2c5ed066 page-img elementor-widget elementor-widget-image\" data-id=\"2c5ed066\" data-element_type=\"widget\" data-e-type=\"widget\" data-widget_type=\"image.default\">\n\t\t\t\t<div class=\"elementor-widget-container\">\n\t\t\t\t\t\t\t\t\t\t\t\t\t\t\t<img fetchpriority=\"high\" decoding=\"async\" width=\"746\" height=\"509\" src=\"https:\/\/www.4aelektrik.com.tr\/wp-content\/uploads\/2024\/05\/site_service.png\" class=\"attachment-full size-full wp-image-3800\" alt=\"\" srcset=\"https:\/\/www.4aelektrik.com.tr\/wp-content\/uploads\/2024\/05\/site_service.png 746w, https:\/\/www.4aelektrik.com.tr\/wp-content\/uploads\/2024\/05\/site_service-600x409.png 600w, https:\/\/www.4aelektrik.com.tr\/wp-content\/uploads\/2024\/05\/site_service-300x205.png 300w\" sizes=\"(max-width: 746px) 100vw, 746px\" \/>\t\t\t\t\t\t\t\t\t\t\t\t\t\t\t<\/div>\n\t\t\t\t<\/div>\n\t\t\t\t<div class=\"elementor-element elementor-element-1bf9b40f h3 page-title elementor-widget elementor-widget-heading\" data-id=\"1bf9b40f\" data-element_type=\"widget\" data-e-type=\"widget\" data-widget_type=\"heading.default\">\n\t\t\t\t<div class=\"elementor-widget-container\">\n\t\t\t\t\t<h3 class=\"elementor-heading-title elementor-size-default\"><h2 style=\"font-family: Barlow, sans-serif;white-space: normal\">Saya Servis, Test ve Devreye Alma Hizmetleri<\/h2><\/h3>\t\t\t\t<\/div>\n\t\t\t\t<\/div>\n\t\t\t\t<div class=\"elementor-element elementor-element-7d497ab2 elementor-widget elementor-widget-text-editor\" data-id=\"7d497ab2\" data-element_type=\"widget\" data-e-type=\"widget\" data-widget_type=\"text-editor.default\">\n\t\t\t\t<div class=\"elementor-widget-container\">\n\t\t\t\t\t\t\t\t\t<div class=\"flex-shrink-0 flex flex-col relative items-end\"><div class=\"pt-0\"><div class=\"gizmo-bot-avatar flex h-8 w-8 items-center justify-center overflow-hidden rounded-full\"><div class=\"relative p-1 rounded-sm flex items-center justify-center bg-token-main-surface-primary text-token-text-primary h-8 w-8\">4A ELEKTR\u0130K, sat\u0131\u015f\u0131n\u0131 ve taahh\u00fcd\u00fcn\u00fc ger\u00e7ekle\u015ftirdi\u011fi t\u00fcm sistemlerin saha \u00e7al\u0131\u015fmalar\u0131n\u0131, fabrika ve saha kabul testlerini tam anlam\u0131yla kendi b\u00fcnyesinde yapabilme yetene\u011fine sahip \u00e7ok ender kurulu\u015flardan birisidir. Ayn\u0131 zamanda, taahh\u00fcd\u00fcn\u00fc ger\u00e7ekle\u015ftirdi\u011fi sistemlerin d\u0131\u015f\u0131nda, yurt i\u00e7i ve yurt d\u0131\u015f\u0131 \u00f6zel m\u00fc\u015fterilerine de saha servis, test ve devreye alma hizmetleri sunmaktad\u0131r.<\/div><\/div><\/div><\/div><div class=\"group\/conversation-turn relative flex w-full min-w-0 flex-col agent-turn\"><div class=\"flex-col gap-1 md:gap-3\"><div class=\"flex max-w-full flex-col flex-grow\"><div class=\"min-h-8 text-message flex w-full flex-col items-end gap-2 whitespace-normal break-words text-start [.text-message+&amp;]:mt-5\" dir=\"auto\" data-message-author-role=\"assistant\" data-message-id=\"ecc13070-7a42-43b3-b650-09f640b01566\" data-message-model-slug=\"gpt-4o\"><div class=\"flex w-full flex-col gap-1 empty:hidden first:pt-[3px]\"><div class=\"markdown prose w-full break-words dark:prose-invert light\"><ul><li>Koruma r\u00f6leleri i\u00e7in test ve devreye alma hizmetleriuygulamalar\u0131<\/li><li>Trafo merkezleri i\u00e7in sekonder ve primer saha testleri<\/li><li>R\u00f6le parametrelendirme ve programlama<\/li><li>Sekonder ve primer enjeksiyon testleri<\/li><li>Devreye alma haz\u0131rl\u0131k testleri<\/li><li>U\u00e7tan uca geli\u015fmi\u015f r\u00f6le testleri<\/li><li>U\u00e7tan uca haberle\u015fme testleri<\/li><li>Devreye alma ve enerjilendirme<\/li><li>Saha montaj ve kablaj hizmetleri<\/li><li>Fiber optik kurulumlar<\/li><li>\u00d6zel sim\u00fclasyon testleri<\/li><li>Fabrika ve saha kabul testleri<\/li><\/ul><\/div><\/div><\/div><\/div><\/div><\/div>\t\t\t\t\t\t\t\t<\/div>\n\t\t\t\t<\/div>\n\t\t\t\t\t<\/div>\n\t\t<\/div>\n\t\t\t\t<div class=\"elementor-column elementor-col-50 elementor-inner-column elementor-element elementor-element-2f0d31a8\" data-id=\"2f0d31a8\" data-element_type=\"column\" data-e-type=\"column\">\n\t\t\t<div class=\"elementor-widget-wrap elementor-element-populated\">\n\t\t\t\t\t\t<div class=\"elementor-element elementor-element-950a1e0 elementor-widget elementor-widget-nav-menu\" data-id=\"950a1e0\" data-element_type=\"widget\" data-e-type=\"widget\" data-widget_type=\"nav-menu.default\">\n\t\t\t\t<div class=\"elementor-widget-container\">\n\t\t\t\t\t \t\t\t\t<\/div>\n\t\t\t\t<\/div>\n\t\t\t\t<div class=\"elementor-element elementor-element-4ce43e80 elementor-widget elementor-widget-text-editor\" data-id=\"4ce43e80\" data-element_type=\"widget\" data-e-type=\"widget\" data-widget_type=\"text-editor.default\">\n\t\t\t\t<div class=\"elementor-widget-container\">\n\t\t\t\t\t\t\t\t\t<div class=\"widget widget_banner \" data-bg-src=\"https:\/\/themeholy.com\/wordpress\/test\/wp-content\/uploads\/2023\/03\/widget_banner-1.jpg\"><div class=\"widget-banner\"><span class=\"text\">\u0130LET\u0130\u015e\u0130M B\u0130LG\u0130LER\u0130<\/span><h2 class=\"title\">DETAYLI B\u0130LG\u0130N \u0130\u00c7\u0130N<\/h2><p><a class=\"th-btn style3\" href=\"\/iletisim\/\">\u0130LET\u0130\u015e\u0130M<\/a><\/p><\/div><\/div>\t\t\t\t\t\t\t\t<\/div>\n\t\t\t\t<\/div>\n\t\t\t\t<div class=\"elementor-element elementor-element-60fcf974 elementor-widget elementor-widget-text-editor\" data-id=\"60fcf974\" data-element_type=\"widget\" data-e-type=\"widget\" data-widget_type=\"text-editor.default\">\n\t\t\t\t<div class=\"elementor-widget-container\">\n\t\t\t\t\t\t\t\t\t<div class=\"row\"><div class=\"col-md-12\"><div class=\"checklist style5\"><p>\u00a0<\/p><\/div><\/div><\/div>\t\t\t\t\t\t\t\t<\/div>\n\t\t\t\t<\/div>\n\t\t\t\t\t<\/div>\n\t\t<\/div>\n\t\t\t\t\t<\/div>\n\t\t<\/section>\n\t\t\t\t\t<\/div>\n\t\t<\/div>\n\t\t\t\t\t<\/div>\n\t\t<\/section>\n\t\t\t\t<\/div>\n\t\t","protected":false},"excerpt":{"rendered":"<p>Saya Servis, Test ve Devreye Alma Hizmetleri 4A ELEKTR\u0130K, sat\u0131\u015f\u0131n\u0131 ve taahh\u00fcd\u00fcn\u00fc ger\u00e7ekle\u015ftirdi\u011fi t\u00fcm sistemlerin saha \u00e7al\u0131\u015fmalar\u0131n\u0131, fabrika ve saha kabul testlerini tam anlam\u0131yla kendi b\u00fcnyesinde yapabilme yetene\u011fine sahip \u00e7ok ender kurulu\u015flardan birisidir. Ayn\u0131 zamanda, taahh\u00fcd\u00fcn\u00fc ger\u00e7ekle\u015ftirdi\u011fi sistemlerin d\u0131\u015f\u0131nda, yurt i\u00e7i ve yurt d\u0131\u015f\u0131 \u00f6zel m\u00fc\u015fterilerine de saha servis, test ve devreye alma hizmetleri sunmaktad\u0131r&#8230;.<\/p>","protected":false},"author":1,"featured_media":0,"parent":527,"menu_order":6,"comment_status":"closed","ping_status":"closed","template":"","meta":{"footnotes":""},"class_list":["post-3897","page","type-page","status-publish","hentry"],"_links":{"self":[{"href":"https:\/\/www.4aelektrik.com.tr\/en\/wp-json\/wp\/v2\/pages\/3897","targetHints":{"allow":["GET"]}}],"collection":[{"href":"https:\/\/www.4aelektrik.com.tr\/en\/wp-json\/wp\/v2\/pages"}],"about":[{"href":"https:\/\/www.4aelektrik.com.tr\/en\/wp-json\/wp\/v2\/types\/page"}],"author":[{"embeddable":true,"href":"https:\/\/www.4aelektrik.com.tr\/en\/wp-json\/wp\/v2\/users\/1"}],"replies":[{"embeddable":true,"href":"https:\/\/www.4aelektrik.com.tr\/en\/wp-json\/wp\/v2\/comments?post=3897"}],"version-history":[{"count":28,"href":"https:\/\/www.4aelektrik.com.tr\/en\/wp-json\/wp\/v2\/pages\/3897\/revisions"}],"predecessor-version":[{"id":4929,"href":"https:\/\/www.4aelektrik.com.tr\/en\/wp-json\/wp\/v2\/pages\/3897\/revisions\/4929"}],"up":[{"embeddable":true,"href":"https:\/\/www.4aelektrik.com.tr\/en\/wp-json\/wp\/v2\/pages\/527"}],"wp:attachment":[{"href":"https:\/\/www.4aelektrik.com.tr\/en\/wp-json\/wp\/v2\/media?parent=3897"}],"curies":[{"name":"wp","href":"https:\/\/api.w.org\/{rel}","templated":true}]}}