{"id":3903,"date":"2024-05-31T04:46:02","date_gmt":"2024-05-31T01:46:02","guid":{"rendered":"https:\/\/4aelektrik.com.tr\/?page_id=3903"},"modified":"2025-01-29T10:47:39","modified_gmt":"2025-01-29T07:47:39","slug":"guc-sistemleri-muhendislik-hizmetleri","status":"publish","type":"page","link":"https:\/\/www.4aelektrik.com.tr\/en\/cozumler-ve-hizmetler\/guc-sistemleri-muhendislik-hizmetleri\/","title":{"rendered":"M\u00fchendislik Hizmetleri"},"content":{"rendered":"<div data-elementor-type=\"wp-page\" data-elementor-id=\"3903\" class=\"elementor elementor-3903\">\n\t\t\t\t\t\t<section class=\"elementor-section elementor-top-section elementor-element elementor-element-53d978bf elementor-section-boxed elementor-section-height-default elementor-section-height-default\" data-id=\"53d978bf\" data-element_type=\"section\" data-e-type=\"section\">\n\t\t\t\t\t\t<div class=\"elementor-container elementor-column-gap-default\">\n\t\t\t\t\t<div class=\"elementor-column elementor-col-100 elementor-top-column elementor-element elementor-element-77ffff5c\" data-id=\"77ffff5c\" data-element_type=\"column\" data-e-type=\"column\">\n\t\t\t<div class=\"elementor-widget-wrap elementor-element-populated\">\n\t\t\t\t\t\t<section class=\"elementor-section elementor-inner-section elementor-element elementor-element-64e81838 elementor-section-full_width elementor-section-height-default elementor-section-height-default\" data-id=\"64e81838\" data-element_type=\"section\" data-e-type=\"section\">\n\t\t\t\t\t\t<div class=\"elementor-container elementor-column-gap-no\">\n\t\t\t\t\t<div class=\"elementor-column elementor-col-50 elementor-inner-column elementor-element elementor-element-5c3d14aa page-single\" data-id=\"5c3d14aa\" data-element_type=\"column\" data-e-type=\"column\">\n\t\t\t<div class=\"elementor-widget-wrap elementor-element-populated\">\n\t\t\t\t\t\t<div class=\"elementor-element elementor-element-4637f9a2 page-img elementor-widget elementor-widget-image\" data-id=\"4637f9a2\" data-element_type=\"widget\" data-e-type=\"widget\" data-widget_type=\"image.default\">\n\t\t\t\t<div class=\"elementor-widget-container\">\n\t\t\t\t\t\t\t\t\t\t\t\t\t\t\t<img fetchpriority=\"high\" decoding=\"async\" width=\"749\" height=\"513\" src=\"https:\/\/www.4aelektrik.com.tr\/wp-content\/uploads\/2024\/05\/engineering.png\" class=\"attachment-full size-full wp-image-3797\" alt=\"\" srcset=\"https:\/\/www.4aelektrik.com.tr\/wp-content\/uploads\/2024\/05\/engineering.png 749w, https:\/\/www.4aelektrik.com.tr\/wp-content\/uploads\/2024\/05\/engineering-600x411.png 600w, https:\/\/www.4aelektrik.com.tr\/wp-content\/uploads\/2024\/05\/engineering-300x205.png 300w\" sizes=\"(max-width: 749px) 100vw, 749px\" \/>\t\t\t\t\t\t\t\t\t\t\t\t\t\t\t<\/div>\n\t\t\t\t<\/div>\n\t\t\t\t<div class=\"elementor-element elementor-element-2d8c8231 h3 page-title elementor-widget elementor-widget-heading\" data-id=\"2d8c8231\" data-element_type=\"widget\" data-e-type=\"widget\" data-widget_type=\"heading.default\">\n\t\t\t\t<div class=\"elementor-widget-container\">\n\t\t\t\t\t<h3 class=\"elementor-heading-title elementor-size-default\"><h2 style=\"font-family: Barlow, sans-serif;white-space: normal\">Power Systems Engineering Services<\/h2><\/h3>\t\t\t\t<\/div>\n\t\t\t\t<\/div>\n\t\t\t\t<div class=\"elementor-element elementor-element-21e1dd37 elementor-widget elementor-widget-text-editor\" data-id=\"21e1dd37\" data-element_type=\"widget\" data-e-type=\"widget\" data-widget_type=\"text-editor.default\">\n\t\t\t\t<div class=\"elementor-widget-container\">\n\t\t\t\t\t\t\t\t\t<p><strong>4A ELEKTRIK<\/strong>\u00a0has been serving below engineering services to the market for several years.<\/p>\t\t\t\t\t\t\t\t<\/div>\n\t\t\t\t<\/div>\n\t\t\t\t<div class=\"elementor-element elementor-element-3888b67a elementor-widget elementor-widget-text-editor\" data-id=\"3888b67a\" data-element_type=\"widget\" data-e-type=\"widget\" data-widget_type=\"text-editor.default\">\n\t\t\t\t<div class=\"elementor-widget-container\">\n\t\t\t\t\t\t\t\t\t<div class=\"row\"><div class=\"col-md-12\"><div class=\"checklist style5\"><ul><li><i class=\"fas fa-octagon-check\"><\/i> Short circuit studies<\/li><li><i class=\"fas fa-octagon-check\"><\/i> Load flow studies<\/li><li><i class=\"fas fa-octagon-check\"><\/i>Voltage drop, load and loss calculations<\/li><li><i class=\"fas fa-octagon-check\"><\/i> Protection coordination and selectivity studies<\/li><li><i class=\"fas fa-octagon-check\"><\/i>Transient stability analysis<\/li><li><i class=\"fas fa-octagon-check\"><\/i> Compensation studies<\/li><li><i class=\"fas fa-octagon-check\"><\/i> CT\/VT adequecy calculations<\/li><li><i class=\"fas fa-octagon-check\"><\/i> Earthing calculations<\/li><li><i class=\"fas fa-octagon-check\"><\/i>Substation engineering and design<\/li><\/ul><\/div><\/div><\/div>\t\t\t\t\t\t\t\t<\/div>\n\t\t\t\t<\/div>\n\t\t\t\t\t<\/div>\n\t\t<\/div>\n\t\t\t\t<div class=\"elementor-column elementor-col-50 elementor-inner-column elementor-element elementor-element-168aa81b\" data-id=\"168aa81b\" data-element_type=\"column\" data-e-type=\"column\">\n\t\t\t<div class=\"elementor-widget-wrap elementor-element-populated\">\n\t\t\t\t\t\t<div class=\"elementor-element elementor-element-7c605b56 elementor-widget elementor-widget-nav-menu\" data-id=\"7c605b56\" data-element_type=\"widget\" data-e-type=\"widget\" data-widget_type=\"nav-menu.default\">\n\t\t\t\t<div class=\"elementor-widget-container\">\n\t\t\t\t\t \t\t\t\t<\/div>\n\t\t\t\t<\/div>\n\t\t\t\t<div class=\"elementor-element elementor-element-e69200c elementor-widget elementor-widget-text-editor\" data-id=\"e69200c\" data-element_type=\"widget\" data-e-type=\"widget\" data-widget_type=\"text-editor.default\">\n\t\t\t\t<div class=\"elementor-widget-container\">\n\t\t\t\t\t\t\t\t\t<div class=\"widget widget_banner\" data-bg-src=\"https:\/\/themeholy.com\/wordpress\/test\/wp-content\/uploads\/2023\/03\/widget_banner-1.jpg\"><div class=\"widget-banner\"><span class=\"text\">WE ARE WITH YOU<\/span><h2 class=\"title\">FOR DETAILED INFORMATION<\/h2><p><a class=\"th-btn style3\" href=\"\/en\/iletisim\/\">Contact Us<\/a><\/p><\/div><\/div>\t\t\t\t\t\t\t\t<\/div>\n\t\t\t\t<\/div>\n\t\t\t\t\t<\/div>\n\t\t<\/div>\n\t\t\t\t\t<\/div>\n\t\t<\/section>\n\t\t\t\t\t<\/div>\n\t\t<\/div>\n\t\t\t\t\t<\/div>\n\t\t<\/section>\n\t\t\t\t<\/div>","protected":false},"excerpt":{"rendered":"<p>G\u00fc\u00e7 Sistemleri M\u00fchendislik Hizmetleri 4A ELEKTR\u0130K\u00a0y\u0131llard\u0131r, enerji tesisleri i\u00e7in \u00e7e\u015fitli alanlarda m\u00fchendislik hizmetleri sunmaktad\u0131r: K\u0131sa Devre Hesaplar\u0131 Y\u00fck Ak\u0131\u015f\u0131 Et\u00fcdleri Gerilim d\u00fc\u015f\u00fcm\u00fc, y\u00fcklenme ve kay\u0131p hesaplar\u0131 Koruma koordinasyonu ve selektivite \u00e7al\u0131\u015fmalar\u0131 Stabilite analizleri Kompanzasyon Hesaplar\u0131 Ak\u0131m ve Gerilim trafolar\u0131 gereksinim hesaplar\u0131 Topraklama hesaplar\u0131 Trafo merkezleri m\u00fchendislik ve projelendirme \u0130LET\u0130\u015e\u0130M B\u0130LG\u0130LER\u0130 DETAYLI B\u0130LG\u0130N \u0130\u00c7\u0130N \u0130LET\u0130\u015e\u0130M<\/p>","protected":false},"author":1,"featured_media":0,"parent":527,"menu_order":7,"comment_status":"closed","ping_status":"closed","template":"","meta":{"footnotes":""},"class_list":["post-3903","page","type-page","status-publish","hentry"],"_links":{"self":[{"href":"https:\/\/www.4aelektrik.com.tr\/en\/wp-json\/wp\/v2\/pages\/3903","targetHints":{"allow":["GET"]}}],"collection":[{"href":"https:\/\/www.4aelektrik.com.tr\/en\/wp-json\/wp\/v2\/pages"}],"about":[{"href":"https:\/\/www.4aelektrik.com.tr\/en\/wp-json\/wp\/v2\/types\/page"}],"author":[{"embeddable":true,"href":"https:\/\/www.4aelektrik.com.tr\/en\/wp-json\/wp\/v2\/users\/1"}],"replies":[{"embeddable":true,"href":"https:\/\/www.4aelektrik.com.tr\/en\/wp-json\/wp\/v2\/comments?post=3903"}],"version-history":[{"count":10,"href":"https:\/\/www.4aelektrik.com.tr\/en\/wp-json\/wp\/v2\/pages\/3903\/revisions"}],"predecessor-version":[{"id":4698,"href":"https:\/\/www.4aelektrik.com.tr\/en\/wp-json\/wp\/v2\/pages\/3903\/revisions\/4698"}],"up":[{"embeddable":true,"href":"https:\/\/www.4aelektrik.com.tr\/en\/wp-json\/wp\/v2\/pages\/527"}],"wp:attachment":[{"href":"https:\/\/www.4aelektrik.com.tr\/en\/wp-json\/wp\/v2\/media?parent=3903"}],"curies":[{"name":"wp","href":"https:\/\/api.w.org\/{rel}","templated":true}]}}