{"id":3909,"date":"2024-05-31T04:51:00","date_gmt":"2024-05-31T01:51:00","guid":{"rendered":"https:\/\/4aelektrik.com.tr\/?page_id=3909"},"modified":"2025-04-06T10:23:29","modified_gmt":"2025-04-06T07:23:29","slug":"egitim-ve-danismanlik-hizmetleri","status":"publish","type":"page","link":"https:\/\/www.4aelektrik.com.tr\/en\/cozumler-ve-hizmetler\/egitim-ve-danismanlik-hizmetleri\/","title":{"rendered":"Training and Consulting Services"},"content":{"rendered":"<div data-elementor-type=\"wp-page\" data-elementor-id=\"3909\" class=\"elementor elementor-3909\">\n\t\t\t\t\t\t<section class=\"elementor-section elementor-top-section elementor-element elementor-element-4afa4ca9 elementor-section-boxed elementor-section-height-default elementor-section-height-default\" data-id=\"4afa4ca9\" data-element_type=\"section\" data-e-type=\"section\">\n\t\t\t\t\t\t<div class=\"elementor-container elementor-column-gap-default\">\n\t\t\t\t\t<div class=\"elementor-column elementor-col-100 elementor-top-column elementor-element elementor-element-1694e7d2\" data-id=\"1694e7d2\" data-element_type=\"column\" data-e-type=\"column\">\n\t\t\t<div class=\"elementor-widget-wrap elementor-element-populated\">\n\t\t\t\t\t\t<section class=\"elementor-section elementor-inner-section elementor-element elementor-element-1e1829d9 elementor-section-full_width elementor-section-height-default elementor-section-height-default\" data-id=\"1e1829d9\" data-element_type=\"section\" data-e-type=\"section\">\n\t\t\t\t\t\t<div class=\"elementor-container elementor-column-gap-no\">\n\t\t\t\t\t<div class=\"elementor-column elementor-col-50 elementor-inner-column elementor-element elementor-element-5e439e5e page-single\" data-id=\"5e439e5e\" data-element_type=\"column\" data-e-type=\"column\">\n\t\t\t<div class=\"elementor-widget-wrap elementor-element-populated\">\n\t\t\t\t\t\t<div class=\"elementor-element elementor-element-7b740fe page-img elementor-widget elementor-widget-image\" data-id=\"7b740fe\" data-element_type=\"widget\" data-e-type=\"widget\" data-widget_type=\"image.default\">\n\t\t\t\t<div class=\"elementor-widget-container\">\n\t\t\t\t\t\t\t\t\t\t\t\t\t\t\t<img fetchpriority=\"high\" decoding=\"async\" width=\"1200\" height=\"673\" src=\"https:\/\/www.4aelektrik.com.tr\/wp-content\/uploads\/2024\/05\/Screenshot_1-1200x673-1.jpg\" class=\"attachment-full size-full wp-image-3815\" alt=\"\" \/>\t\t\t\t\t\t\t\t\t\t\t\t\t\t\t<\/div>\n\t\t\t\t<\/div>\n\t\t\t\t<div class=\"elementor-element elementor-element-4a6f7269 h3 page-title elementor-widget elementor-widget-heading\" data-id=\"4a6f7269\" data-element_type=\"widget\" data-e-type=\"widget\" data-widget_type=\"heading.default\">\n\t\t\t\t<div class=\"elementor-widget-container\">\n\t\t\t\t\t<h3 class=\"elementor-heading-title elementor-size-default\"><h2 style=\"font-family: Barlow, sans-serif;white-space: normal\">Training and Consulting Services<\/h2><\/h3>\t\t\t\t<\/div>\n\t\t\t\t<\/div>\n\t\t\t\t<div class=\"elementor-element elementor-element-6d2225f8 elementor-widget elementor-widget-text-editor\" data-id=\"6d2225f8\" data-element_type=\"widget\" data-e-type=\"widget\" data-widget_type=\"text-editor.default\">\n\t\t\t\t<div class=\"elementor-widget-container\">\n\t\t\t\t\t\t\t\t\t<p><strong>4A ELEKTRIK<\/strong>, geli\u015fen teknolojik ihtiya\u00e7lar\u0131 kar\u015f\u0131lamak amac\u0131yla s\u00fcrekli dahili e\u011fitim programlar\u0131 ile m\u00fc\u015fterilerine e\u011fitim ve dan\u0131\u015fmanl\u0131k hizmetleri sunmaktad\u0131r. 4A ELEKTR\u0130K Tesislerin yat\u0131r\u0131m et\u00fcd ve fizibilite \u00e7al\u0131\u015fmalar\u0131 a\u015famas\u0131ndan, operat\u00f6r ve i\u015fletme e\u011fitimlerine kadar bir \u00e7ok alanda hizmetler sunabilmektedir.<\/p>\t\t\t\t\t\t\t\t<\/div>\n\t\t\t\t<\/div>\n\t\t\t\t<div class=\"elementor-element elementor-element-6424cef4 elementor-widget elementor-widget-text-editor\" data-id=\"6424cef4\" data-element_type=\"widget\" data-e-type=\"widget\" data-widget_type=\"text-editor.default\">\n\t\t\t\t<div class=\"elementor-widget-container\">\n\t\t\t\t\t\t\t\t\t<div class=\"row\"><div class=\"col-md-12\"><h3 class=\"h4 mb-20\">Consultancy:<\/h3><div class=\"checklist style5\"><ul><li><i class=\"fas fa-octagon-check\"><\/i> General plant design consultancy<\/li><li><i class=\"fas fa-octagon-check\"><\/i> Equipment selection and dimensioning<\/li><li><i class=\"fas fa-octagon-check\"><\/i> Plant optimization<\/li><li><i class=\"fas fa-octagon-check\"><\/i> Administrative and regulatory consultancy<\/li><li><i class=\"fas fa-octagon-check\"><\/i> Power plant investment consultancy<\/li><li><i class=\"fas fa-octagon-check\"><\/i> Technological system consultancy<\/li><li><i class=\"fas fa-octagon-check\"><\/i> Technical specification preperation services<\/li><li><i class=\"fas fa-octagon-check\"><\/i> Supply chain and purchasing consultancy<\/li><li><i class=\"fas fa-octagon-check\"><\/i> Innovative technologies consultancy for utilities<\/li><li><i class=\"fas fa-octagon-check\"><\/i> Innovative technologies consultancy for utilities<\/li><li><i class=\"fas fa-octagon-check\"><\/i> Renewable energy technologies<\/li><\/ul><\/div><\/div><div class=\"col-md-12 mt-40\"><h3 class=\"h4 mb-20\">Training Services:<\/h3><div class=\"checklist style5\"><ul><li><i class=\"fas fa-octagon-check\"><\/i> Power system analysis and studies<\/li><li><i class=\"fas fa-octagon-check\"><\/i> Protection systems<\/li><li><i class=\"fas fa-octagon-check\"><\/i> Transformer substation automation and SCADA systems<\/li><li><i class=\"fas fa-octagon-check\"><\/i> Communication systems<\/li><li><i class=\"fas fa-octagon-check\"><\/i> Digital communication protocols and basis<\/li><li><i class=\"fas fa-octagon-check\"><\/i> Generator protection and synchronization systems<\/li><li><i class=\"fas fa-octagon-check\"><\/i> Generator excitation systems<\/li><li><i class=\"fas fa-octagon-check\"><\/i> Operation and operator training<\/li><li><i class=\"fas fa-octagon-check\"><\/i> Periodical personnel trainings for utilities<\/li><li><i class=\"fas fa-octagon-check\"><\/i> International training organizations<\/li><\/ul><\/div><\/div><\/div>\t\t\t\t\t\t\t\t<\/div>\n\t\t\t\t<\/div>\n\t\t\t\t\t<\/div>\n\t\t<\/div>\n\t\t\t\t<div class=\"elementor-column elementor-col-50 elementor-inner-column elementor-element elementor-element-766e85ed\" data-id=\"766e85ed\" data-element_type=\"column\" data-e-type=\"column\">\n\t\t\t<div class=\"elementor-widget-wrap elementor-element-populated\">\n\t\t\t\t\t\t<div class=\"elementor-element elementor-element-792c8ef9 elementor-widget elementor-widget-nav-menu\" data-id=\"792c8ef9\" data-element_type=\"widget\" data-e-type=\"widget\" data-widget_type=\"nav-menu.default\">\n\t\t\t\t<div class=\"elementor-widget-container\">\n\t\t\t\t\t \t\t\t\t<\/div>\n\t\t\t\t<\/div>\n\t\t\t\t<div class=\"elementor-element elementor-element-948b3a5 elementor-widget elementor-widget-text-editor\" data-id=\"948b3a5\" data-element_type=\"widget\" data-e-type=\"widget\" data-widget_type=\"text-editor.default\">\n\t\t\t\t<div class=\"elementor-widget-container\">\n\t\t\t\t\t\t\t\t\t<div class=\"widget widget_banner\" data-bg-src=\"https:\/\/themeholy.com\/wordpress\/test\/wp-content\/uploads\/2023\/03\/widget_banner-1.jpg\"><div class=\"widget-banner\"><span class=\"text\">WE ARE WITH YOU<\/span><h2 class=\"title\">FOR DETAILED INFORMATION<\/h2><p><a class=\"th-btn style3\" href=\"\/en\/iletisim\/\">Contact Us<\/a><\/p><\/div><\/div>\t\t\t\t\t\t\t\t<\/div>\n\t\t\t\t<\/div>\n\t\t\t\t\t<\/div>\n\t\t<\/div>\n\t\t\t\t\t<\/div>\n\t\t<\/section>\n\t\t\t\t\t<\/div>\n\t\t<\/div>\n\t\t\t\t\t<\/div>\n\t\t<\/section>\n\t\t\t\t<\/div>","protected":false},"excerpt":{"rendered":"<p>E\u011fitim ve Dan\u0131\u015fmanl\u0131k Hizmetleri 4A ELEKTR\u0130K, geli\u015fen teknolojik ihtiya\u00e7lar\u0131 kar\u015f\u0131lamak amac\u0131yla s\u00fcrekli dahili e\u011fitim programlar\u0131 ile m\u00fc\u015fterilerine e\u011fitim ve dan\u0131\u015fmanl\u0131k hizmetleri sunmaktad\u0131r. 4A ELEKTR\u0130K Tesislerin yat\u0131r\u0131m et\u00fcd ve fizibilite \u00e7al\u0131\u015fmalar\u0131 a\u015famas\u0131ndan, operat\u00f6r ve i\u015fletme e\u011fitimlerine kadar bir \u00e7ok alanda hizmetler sunabilmektedir. Dan\u0131\u015fmanl\u0131k Genel tesis tasar\u0131m\u0131 dan\u0131\u015fmanl\u0131\u011f\u0131 Ekipman se\u00e7imi ve boyutland\u0131rmas\u0131 \u0130dari ve b\u00fcrokratik dan\u0131\u015fmanl\u0131k Enerji&#8230;<\/p>","protected":false},"author":1,"featured_media":0,"parent":527,"menu_order":8,"comment_status":"closed","ping_status":"closed","template":"","meta":{"footnotes":""},"class_list":["post-3909","page","type-page","status-publish","hentry"],"_links":{"self":[{"href":"https:\/\/www.4aelektrik.com.tr\/en\/wp-json\/wp\/v2\/pages\/3909","targetHints":{"allow":["GET"]}}],"collection":[{"href":"https:\/\/www.4aelektrik.com.tr\/en\/wp-json\/wp\/v2\/pages"}],"about":[{"href":"https:\/\/www.4aelektrik.com.tr\/en\/wp-json\/wp\/v2\/types\/page"}],"author":[{"embeddable":true,"href":"https:\/\/www.4aelektrik.com.tr\/en\/wp-json\/wp\/v2\/users\/1"}],"replies":[{"embeddable":true,"href":"https:\/\/www.4aelektrik.com.tr\/en\/wp-json\/wp\/v2\/comments?post=3909"}],"version-history":[{"count":17,"href":"https:\/\/www.4aelektrik.com.tr\/en\/wp-json\/wp\/v2\/pages\/3909\/revisions"}],"predecessor-version":[{"id":4989,"href":"https:\/\/www.4aelektrik.com.tr\/en\/wp-json\/wp\/v2\/pages\/3909\/revisions\/4989"}],"up":[{"embeddable":true,"href":"https:\/\/www.4aelektrik.com.tr\/en\/wp-json\/wp\/v2\/pages\/527"}],"wp:attachment":[{"href":"https:\/\/www.4aelektrik.com.tr\/en\/wp-json\/wp\/v2\/media?parent=3909"}],"curies":[{"name":"wp","href":"https:\/\/api.w.org\/{rel}","templated":true}]}}