{"id":4060,"date":"2024-05-31T06:19:05","date_gmt":"2024-05-31T03:19:05","guid":{"rendered":"https:\/\/4aelektrik.com.tr\/?page_id=4060"},"modified":"2025-12-29T08:49:23","modified_gmt":"2025-12-29T05:49:23","slug":"sertifikalar","status":"publish","type":"page","link":"https:\/\/www.4aelektrik.com.tr\/en\/sertifikalar\/","title":{"rendered":"Certificates"},"content":{"rendered":"<div data-elementor-type=\"wp-page\" data-elementor-id=\"4060\" class=\"elementor elementor-4060\">\n\t\t\t\t<div class=\"elementor-element elementor-element-06316df e-flex e-con-boxed e-con e-parent\" data-id=\"06316df\" data-element_type=\"container\" data-e-type=\"container\">\n\t\t\t\t\t<div class=\"e-con-inner\">\n\t\t<div class=\"elementor-element elementor-element-70932b6 e-con-full e-flex e-con e-child\" data-id=\"70932b6\" data-element_type=\"container\" data-e-type=\"container\">\n\t\t\t\t<div class=\"elementor-element elementor-element-d29f424 elementor-widget elementor-widget-heading\" data-id=\"d29f424\" data-element_type=\"widget\" data-e-type=\"widget\" data-widget_type=\"heading.default\">\n\t\t\t\t<div class=\"elementor-widget-container\">\n\t\t\t\t\t<h5 class=\"elementor-heading-title elementor-size-default\">ISO 9001:2015 TR<\/h5>\t\t\t\t<\/div>\n\t\t\t\t<\/div>\n\t\t\t\t<div class=\"elementor-element elementor-element-8c069fb elementor-widget elementor-widget-image\" data-id=\"8c069fb\" data-element_type=\"widget\" data-e-type=\"widget\" data-widget_type=\"image.default\">\n\t\t\t\t<div class=\"elementor-widget-container\">\n\t\t\t\t\t\t\t\t\t\t\t\t\t\t\t\t<a href=\"https:\/\/www.4aelektrik.com.tr\/wp-content\/uploads\/2025\/12\/9001_2015_TR_2027.jpg\" data-elementor-open-lightbox=\"yes\" data-elementor-lightbox-title=\"9001_2015_TR_2027\" data-e-action-hash=\"#elementor-action%3Aaction%3Dlightbox%26settings%3DeyJpZCI6NTA4OSwidXJsIjoiaHR0cHM6XC9cL3d3dy40YWVsZWt0cmlrLmNvbS50clwvd3AtY29udGVudFwvdXBsb2Fkc1wvMjAyNVwvMTJcLzkwMDFfMjAxNV9UUl8yMDI3LmpwZyJ9\">\n\t\t\t\t\t\t\t<img fetchpriority=\"high\" decoding=\"async\" width=\"545\" height=\"768\" src=\"https:\/\/www.4aelektrik.com.tr\/wp-content\/uploads\/2025\/12\/9001_2015_TR_2027.jpg\" class=\"attachment-large size-large wp-image-5089\" alt=\"\" srcset=\"https:\/\/www.4aelektrik.com.tr\/wp-content\/uploads\/2025\/12\/9001_2015_TR_2027.jpg 545w, https:\/\/www.4aelektrik.com.tr\/wp-content\/uploads\/2025\/12\/9001_2015_TR_2027-213x300.jpg 213w, https:\/\/www.4aelektrik.com.tr\/wp-content\/uploads\/2025\/12\/9001_2015_TR_2027-9x12.jpg 9w\" sizes=\"(max-width: 545px) 100vw, 545px\" \/>\t\t\t\t\t\t\t\t<\/a>\n\t\t\t\t\t\t\t\t\t\t\t\t\t\t\t<\/div>\n\t\t\t\t<\/div>\n\t\t\t\t<\/div>\n\t\t<div class=\"elementor-element elementor-element-0e5af06 e-con-full e-flex e-con e-child\" data-id=\"0e5af06\" data-element_type=\"container\" data-e-type=\"container\">\n\t\t\t\t<div class=\"elementor-element elementor-element-2241671 elementor-widget elementor-widget-heading\" data-id=\"2241671\" data-element_type=\"widget\" data-e-type=\"widget\" data-widget_type=\"heading.default\">\n\t\t\t\t<div class=\"elementor-widget-container\">\n\t\t\t\t\t<h5 class=\"elementor-heading-title elementor-size-default\">ISO 45001:2018 TR<\/h5>\t\t\t\t<\/div>\n\t\t\t\t<\/div>\n\t\t\t\t<div class=\"elementor-element elementor-element-dcbaede elementor-widget elementor-widget-image\" data-id=\"dcbaede\" data-element_type=\"widget\" data-e-type=\"widget\" data-widget_type=\"image.default\">\n\t\t\t\t<div class=\"elementor-widget-container\">\n\t\t\t\t\t\t\t\t\t\t\t\t\t\t\t\t<a href=\"https:\/\/www.4aelektrik.com.tr\/wp-content\/uploads\/2025\/12\/45001_TR_2027.jpg\" data-elementor-open-lightbox=\"yes\" data-elementor-lightbox-title=\"45001_TR_2027\" data-e-action-hash=\"#elementor-action%3Aaction%3Dlightbox%26settings%3DeyJpZCI6NTA5MywidXJsIjoiaHR0cHM6XC9cL3d3dy40YWVsZWt0cmlrLmNvbS50clwvd3AtY29udGVudFwvdXBsb2Fkc1wvMjAyNVwvMTJcLzQ1MDAxX1RSXzIwMjcuanBnIn0%3D\">\n\t\t\t\t\t\t\t<img decoding=\"async\" width=\"542\" height=\"770\" src=\"https:\/\/www.4aelektrik.com.tr\/wp-content\/uploads\/2025\/12\/45001_TR_2027.jpg\" class=\"attachment-large size-large wp-image-5093\" alt=\"\" srcset=\"https:\/\/www.4aelektrik.com.tr\/wp-content\/uploads\/2025\/12\/45001_TR_2027.jpg 542w, https:\/\/www.4aelektrik.com.tr\/wp-content\/uploads\/2025\/12\/45001_TR_2027-211x300.jpg 211w, https:\/\/www.4aelektrik.com.tr\/wp-content\/uploads\/2025\/12\/45001_TR_2027-8x12.jpg 8w\" sizes=\"(max-width: 542px) 100vw, 542px\" \/>\t\t\t\t\t\t\t\t<\/a>\n\t\t\t\t\t\t\t\t\t\t\t\t\t\t\t<\/div>\n\t\t\t\t<\/div>\n\t\t\t\t<\/div>\n\t\t<div class=\"elementor-element elementor-element-2b88a9b e-con-full e-flex e-con e-child\" data-id=\"2b88a9b\" data-element_type=\"container\" data-e-type=\"container\">\n\t\t\t\t<div class=\"elementor-element elementor-element-d53fdca elementor-widget elementor-widget-heading\" data-id=\"d53fdca\" data-element_type=\"widget\" data-e-type=\"widget\" data-widget_type=\"heading.default\">\n\t\t\t\t<div class=\"elementor-widget-container\">\n\t\t\t\t\t<h5 class=\"elementor-heading-title elementor-size-default\">ISO 14001:2015 TR<\/h5>\t\t\t\t<\/div>\n\t\t\t\t<\/div>\n\t\t\t\t<div class=\"elementor-element elementor-element-7278991 elementor-widget elementor-widget-image\" data-id=\"7278991\" data-element_type=\"widget\" data-e-type=\"widget\" data-widget_type=\"image.default\">\n\t\t\t\t<div class=\"elementor-widget-container\">\n\t\t\t\t\t\t\t\t\t\t\t\t\t\t\t\t<a href=\"https:\/\/www.4aelektrik.com.tr\/wp-content\/uploads\/2025\/12\/14001_TR_2027.jpg\" data-elementor-open-lightbox=\"yes\" data-elementor-lightbox-title=\"14001_TR_2027\" data-e-action-hash=\"#elementor-action%3Aaction%3Dlightbox%26settings%3DeyJpZCI6NTExNCwidXJsIjoiaHR0cHM6XC9cL3d3dy40YWVsZWt0cmlrLmNvbS50clwvd3AtY29udGVudFwvdXBsb2Fkc1wvMjAyNVwvMTJcLzE0MDAxX1RSXzIwMjcuanBnIn0%3D\">\n\t\t\t\t\t\t\t<img decoding=\"async\" width=\"547\" height=\"771\" src=\"https:\/\/www.4aelektrik.com.tr\/wp-content\/uploads\/2025\/12\/14001_TR_2027.jpg\" class=\"attachment-large size-large wp-image-5114\" alt=\"\" srcset=\"https:\/\/www.4aelektrik.com.tr\/wp-content\/uploads\/2025\/12\/14001_TR_2027.jpg 547w, https:\/\/www.4aelektrik.com.tr\/wp-content\/uploads\/2025\/12\/14001_TR_2027-213x300.jpg 213w, https:\/\/www.4aelektrik.com.tr\/wp-content\/uploads\/2025\/12\/14001_TR_2027-9x12.jpg 9w\" sizes=\"(max-width: 547px) 100vw, 547px\" \/>\t\t\t\t\t\t\t\t<\/a>\n\t\t\t\t\t\t\t\t\t\t\t\t\t\t\t<\/div>\n\t\t\t\t<\/div>\n\t\t\t\t<\/div>\n\t\t<div class=\"elementor-element elementor-element-e7af073 e-con-full e-flex e-con e-child\" data-id=\"e7af073\" data-element_type=\"container\" data-e-type=\"container\">\n\t\t\t\t<div class=\"elementor-element elementor-element-e6144fe elementor-widget elementor-widget-heading\" data-id=\"e6144fe\" data-element_type=\"widget\" data-e-type=\"widget\" data-widget_type=\"heading.default\">\n\t\t\t\t<div class=\"elementor-widget-container\">\n\t\t\t\t\t<h5 class=\"elementor-heading-title elementor-size-default\">ISO 9001:2015 EN<\/h5>\t\t\t\t<\/div>\n\t\t\t\t<\/div>\n\t\t\t\t<div class=\"elementor-element elementor-element-8682530 elementor-widget elementor-widget-image\" data-id=\"8682530\" data-element_type=\"widget\" data-e-type=\"widget\" data-widget_type=\"image.default\">\n\t\t\t\t<div class=\"elementor-widget-container\">\n\t\t\t\t\t\t\t\t\t\t\t\t\t\t\t\t<a href=\"https:\/\/www.4aelektrik.com.tr\/wp-content\/uploads\/2025\/12\/9001_2025_EN_2027.jpg\" data-elementor-open-lightbox=\"yes\" data-elementor-lightbox-title=\"9001_2025_EN_2027\" data-e-action-hash=\"#elementor-action%3Aaction%3Dlightbox%26settings%3DeyJpZCI6NTExMCwidXJsIjoiaHR0cHM6XC9cL3d3dy40YWVsZWt0cmlrLmNvbS50clwvd3AtY29udGVudFwvdXBsb2Fkc1wvMjAyNVwvMTJcLzkwMDFfMjAyNV9FTl8yMDI3LmpwZyJ9\">\n\t\t\t\t\t\t\t<img loading=\"lazy\" decoding=\"async\" width=\"541\" height=\"766\" src=\"https:\/\/www.4aelektrik.com.tr\/wp-content\/uploads\/2025\/12\/9001_2025_EN_2027.jpg\" class=\"attachment-large size-large wp-image-5110\" alt=\"\" srcset=\"https:\/\/www.4aelektrik.com.tr\/wp-content\/uploads\/2025\/12\/9001_2025_EN_2027.jpg 541w, https:\/\/www.4aelektrik.com.tr\/wp-content\/uploads\/2025\/12\/9001_2025_EN_2027-212x300.jpg 212w, https:\/\/www.4aelektrik.com.tr\/wp-content\/uploads\/2025\/12\/9001_2025_EN_2027-8x12.jpg 8w\" sizes=\"(max-width: 541px) 100vw, 541px\" \/>\t\t\t\t\t\t\t\t<\/a>\n\t\t\t\t\t\t\t\t\t\t\t\t\t\t\t<\/div>\n\t\t\t\t<\/div>\n\t\t\t\t<\/div>\n\t\t<div class=\"elementor-element elementor-element-7939282 e-con-full e-flex e-con e-child\" data-id=\"7939282\" data-element_type=\"container\" data-e-type=\"container\">\n\t\t\t\t<div class=\"elementor-element elementor-element-752e31c elementor-widget elementor-widget-heading\" data-id=\"752e31c\" data-element_type=\"widget\" data-e-type=\"widget\" data-widget_type=\"heading.default\">\n\t\t\t\t<div class=\"elementor-widget-container\">\n\t\t\t\t\t<h5 class=\"elementor-heading-title elementor-size-default\">ISO 45001:2018 EN<\/h5>\t\t\t\t<\/div>\n\t\t\t\t<\/div>\n\t\t\t\t<div class=\"elementor-element elementor-element-455e389 elementor-widget elementor-widget-image\" data-id=\"455e389\" data-element_type=\"widget\" data-e-type=\"widget\" data-widget_type=\"image.default\">\n\t\t\t\t<div class=\"elementor-widget-container\">\n\t\t\t\t\t\t\t\t\t\t\t\t\t\t\t\t<a href=\"https:\/\/www.4aelektrik.com.tr\/wp-content\/uploads\/2025\/12\/45001_EN_2027.jpg\" data-elementor-open-lightbox=\"yes\" data-elementor-lightbox-title=\"45001_EN_2027\" data-e-action-hash=\"#elementor-action%3Aaction%3Dlightbox%26settings%3DeyJpZCI6NTEwNiwidXJsIjoiaHR0cHM6XC9cL3d3dy40YWVsZWt0cmlrLmNvbS50clwvd3AtY29udGVudFwvdXBsb2Fkc1wvMjAyNVwvMTJcLzQ1MDAxX0VOXzIwMjcuanBnIn0%3D\">\n\t\t\t\t\t\t\t<img loading=\"lazy\" decoding=\"async\" width=\"546\" height=\"763\" src=\"https:\/\/www.4aelektrik.com.tr\/wp-content\/uploads\/2025\/12\/45001_EN_2027.jpg\" class=\"attachment-large size-large wp-image-5106\" alt=\"\" srcset=\"https:\/\/www.4aelektrik.com.tr\/wp-content\/uploads\/2025\/12\/45001_EN_2027.jpg 546w, https:\/\/www.4aelektrik.com.tr\/wp-content\/uploads\/2025\/12\/45001_EN_2027-215x300.jpg 215w, https:\/\/www.4aelektrik.com.tr\/wp-content\/uploads\/2025\/12\/45001_EN_2027-9x12.jpg 9w\" sizes=\"(max-width: 546px) 100vw, 546px\" \/>\t\t\t\t\t\t\t\t<\/a>\n\t\t\t\t\t\t\t\t\t\t\t\t\t\t\t<\/div>\n\t\t\t\t<\/div>\n\t\t\t\t<\/div>\n\t\t<div class=\"elementor-element elementor-element-4982a3f e-con-full e-flex e-con e-child\" data-id=\"4982a3f\" data-element_type=\"container\" data-e-type=\"container\">\n\t\t\t\t<div class=\"elementor-element elementor-element-c5911cf elementor-widget elementor-widget-heading\" data-id=\"c5911cf\" data-element_type=\"widget\" data-e-type=\"widget\" data-widget_type=\"heading.default\">\n\t\t\t\t<div class=\"elementor-widget-container\">\n\t\t\t\t\t<h5 class=\"elementor-heading-title elementor-size-default\">ISO 14001:2015 EN<\/h5>\t\t\t\t<\/div>\n\t\t\t\t<\/div>\n\t\t\t\t<div class=\"elementor-element elementor-element-ed9d76c elementor-widget elementor-widget-image\" data-id=\"ed9d76c\" data-element_type=\"widget\" data-e-type=\"widget\" data-widget_type=\"image.default\">\n\t\t\t\t<div class=\"elementor-widget-container\">\n\t\t\t\t\t\t\t\t\t\t\t\t\t\t\t\t<a href=\"https:\/\/www.4aelektrik.com.tr\/wp-content\/uploads\/2025\/12\/14001_EN_2027.jpg\" data-elementor-open-lightbox=\"yes\" data-elementor-lightbox-title=\"14001_EN_2027\" data-e-action-hash=\"#elementor-action%3Aaction%3Dlightbox%26settings%3DeyJpZCI6NTExOCwidXJsIjoiaHR0cHM6XC9cL3d3dy40YWVsZWt0cmlrLmNvbS50clwvd3AtY29udGVudFwvdXBsb2Fkc1wvMjAyNVwvMTJcLzE0MDAxX0VOXzIwMjcuanBnIn0%3D\">\n\t\t\t\t\t\t\t<img loading=\"lazy\" decoding=\"async\" width=\"542\" height=\"772\" src=\"https:\/\/www.4aelektrik.com.tr\/wp-content\/uploads\/2025\/12\/14001_EN_2027.jpg\" class=\"attachment-large size-large wp-image-5118\" alt=\"\" srcset=\"https:\/\/www.4aelektrik.com.tr\/wp-content\/uploads\/2025\/12\/14001_EN_2027.jpg 542w, https:\/\/www.4aelektrik.com.tr\/wp-content\/uploads\/2025\/12\/14001_EN_2027-211x300.jpg 211w, https:\/\/www.4aelektrik.com.tr\/wp-content\/uploads\/2025\/12\/14001_EN_2027-8x12.jpg 8w\" sizes=\"(max-width: 542px) 100vw, 542px\" \/>\t\t\t\t\t\t\t\t<\/a>\n\t\t\t\t\t\t\t\t\t\t\t\t\t\t\t<\/div>\n\t\t\t\t<\/div>\n\t\t\t\t<\/div>\n\t\t<div class=\"elementor-element elementor-element-c07c224 e-con-full e-flex e-con e-child\" data-id=\"c07c224\" data-element_type=\"container\" data-e-type=\"container\">\n\t\t\t\t<div class=\"elementor-element elementor-element-93cc6ef elementor-widget elementor-widget-heading\" data-id=\"93cc6ef\" data-element_type=\"widget\" data-e-type=\"widget\" data-widget_type=\"heading.default\">\n\t\t\t\t<div class=\"elementor-widget-container\">\n\t\t\t\t\t<h5 class=\"elementor-heading-title elementor-size-default\">SF6 SERT\u0130F\u0130KASI<\/h5>\t\t\t\t<\/div>\n\t\t\t\t<\/div>\n\t\t\t\t<div class=\"elementor-element elementor-element-6bbb207 elementor-widget elementor-widget-image\" data-id=\"6bbb207\" data-element_type=\"widget\" data-e-type=\"widget\" data-widget_type=\"image.default\">\n\t\t\t\t<div class=\"elementor-widget-container\">\n\t\t\t\t\t\t\t\t\t\t\t\t\t\t\t\t<a href=\"https:\/\/www.4aelektrik.com.tr\/wp-content\/uploads\/2024\/05\/SF6-CERTIFICATE.jpg\" data-elementor-open-lightbox=\"yes\" data-elementor-lightbox-title=\"SF6-CERTIFICATE\" data-e-action-hash=\"#elementor-action%3Aaction%3Dlightbox%26settings%3DeyJpZCI6NDA3OCwidXJsIjoiaHR0cHM6XC9cL3d3dy40YWVsZWt0cmlrLmNvbS50clwvd3AtY29udGVudFwvdXBsb2Fkc1wvMjAyNFwvMDVcL1NGNi1DRVJUSUZJQ0FURS5qcGcifQ%3D%3D\">\n\t\t\t\t\t\t\t<img loading=\"lazy\" decoding=\"async\" width=\"724\" height=\"1024\" src=\"https:\/\/www.4aelektrik.com.tr\/wp-content\/uploads\/2024\/05\/SF6-CERTIFICATE.jpg\" class=\"attachment-large size-large wp-image-4078\" alt=\"\" srcset=\"https:\/\/www.4aelektrik.com.tr\/wp-content\/uploads\/2024\/05\/SF6-CERTIFICATE.jpg 724w, https:\/\/www.4aelektrik.com.tr\/wp-content\/uploads\/2024\/05\/SF6-CERTIFICATE-600x849.jpg 600w, https:\/\/www.4aelektrik.com.tr\/wp-content\/uploads\/2024\/05\/SF6-CERTIFICATE-212x300.jpg 212w\" sizes=\"(max-width: 724px) 100vw, 724px\" \/>\t\t\t\t\t\t\t\t<\/a>\n\t\t\t\t\t\t\t\t\t\t\t\t\t\t\t<\/div>\n\t\t\t\t<\/div>\n\t\t\t\t<\/div>\n\t\t<div class=\"elementor-element elementor-element-fb908ab e-con-full e-flex e-con e-child\" data-id=\"fb908ab\" data-element_type=\"container\" data-e-type=\"container\">\n\t\t\t\t<div class=\"elementor-element elementor-element-6e22681 elementor-widget elementor-widget-heading\" data-id=\"6e22681\" data-element_type=\"widget\" data-e-type=\"widget\" data-widget_type=\"heading.default\">\n\t\t\t\t<div class=\"elementor-widget-container\">\n\t\t\t\t\t<h5 class=\"elementor-heading-title elementor-size-default\">EAC SERT\u0130F\u0130KASI - PAGE 1<\/h5>\t\t\t\t<\/div>\n\t\t\t\t<\/div>\n\t\t\t\t<div class=\"elementor-element elementor-element-41e1fd9 elementor-widget elementor-widget-image\" data-id=\"41e1fd9\" data-element_type=\"widget\" data-e-type=\"widget\" data-widget_type=\"image.default\">\n\t\t\t\t<div class=\"elementor-widget-container\">\n\t\t\t\t\t\t\t\t\t\t\t\t\t\t\t\t<a href=\"https:\/\/www.4aelektrik.com.tr\/wp-content\/uploads\/2025\/12\/EAC_2030_Page_1.jpg\" data-elementor-open-lightbox=\"yes\" data-elementor-lightbox-title=\"EAC_2030_Page_1\" data-e-action-hash=\"#elementor-action%3Aaction%3Dlightbox%26settings%3DeyJpZCI6NTE0MCwidXJsIjoiaHR0cHM6XC9cL3d3dy40YWVsZWt0cmlrLmNvbS50clwvd3AtY29udGVudFwvdXBsb2Fkc1wvMjAyNVwvMTJcL0VBQ18yMDMwX1BhZ2VfMS5qcGcifQ%3D%3D\">\n\t\t\t\t\t\t\t<img loading=\"lazy\" decoding=\"async\" width=\"669\" height=\"947\" src=\"https:\/\/www.4aelektrik.com.tr\/wp-content\/uploads\/2025\/12\/EAC_2030_Page_1.jpg\" class=\"attachment-large size-large wp-image-5140\" alt=\"\" srcset=\"https:\/\/www.4aelektrik.com.tr\/wp-content\/uploads\/2025\/12\/EAC_2030_Page_1.jpg 669w, https:\/\/www.4aelektrik.com.tr\/wp-content\/uploads\/2025\/12\/EAC_2030_Page_1-212x300.jpg 212w, https:\/\/www.4aelektrik.com.tr\/wp-content\/uploads\/2025\/12\/EAC_2030_Page_1-8x12.jpg 8w, https:\/\/www.4aelektrik.com.tr\/wp-content\/uploads\/2025\/12\/EAC_2030_Page_1-600x849.jpg 600w\" sizes=\"(max-width: 669px) 100vw, 669px\" \/>\t\t\t\t\t\t\t\t<\/a>\n\t\t\t\t\t\t\t\t\t\t\t\t\t\t\t<\/div>\n\t\t\t\t<\/div>\n\t\t\t\t<\/div>\n\t\t<div class=\"elementor-element elementor-element-fe8514b e-con-full e-flex e-con e-child\" data-id=\"fe8514b\" data-element_type=\"container\" data-e-type=\"container\">\n\t\t\t\t<div class=\"elementor-element elementor-element-d3e8023 elementor-widget elementor-widget-heading\" data-id=\"d3e8023\" data-element_type=\"widget\" data-e-type=\"widget\" data-widget_type=\"heading.default\">\n\t\t\t\t<div class=\"elementor-widget-container\">\n\t\t\t\t\t<h5 class=\"elementor-heading-title elementor-size-default\">EAC SERT\u0130F\u0130KASI - PAGE 2<\/h5>\t\t\t\t<\/div>\n\t\t\t\t<\/div>\n\t\t\t\t<div class=\"elementor-element elementor-element-f45527b elementor-widget elementor-widget-image\" data-id=\"f45527b\" data-element_type=\"widget\" data-e-type=\"widget\" data-widget_type=\"image.default\">\n\t\t\t\t<div class=\"elementor-widget-container\">\n\t\t\t\t\t\t\t\t\t\t\t\t\t\t\t\t<a href=\"https:\/\/www.4aelektrik.com.tr\/wp-content\/uploads\/2025\/12\/EAC_2030_Page_2.jpg\" data-elementor-open-lightbox=\"yes\" data-elementor-lightbox-title=\"EAC_2030_Page_2\" data-e-action-hash=\"#elementor-action%3Aaction%3Dlightbox%26settings%3DeyJpZCI6NTE0MSwidXJsIjoiaHR0cHM6XC9cL3d3dy40YWVsZWt0cmlrLmNvbS50clwvd3AtY29udGVudFwvdXBsb2Fkc1wvMjAyNVwvMTJcL0VBQ18yMDMwX1BhZ2VfMi5qcGcifQ%3D%3D\">\n\t\t\t\t\t\t\t<img loading=\"lazy\" decoding=\"async\" width=\"669\" height=\"949\" src=\"https:\/\/www.4aelektrik.com.tr\/wp-content\/uploads\/2025\/12\/EAC_2030_Page_2.jpg\" class=\"attachment-large size-large wp-image-5141\" alt=\"\" srcset=\"https:\/\/www.4aelektrik.com.tr\/wp-content\/uploads\/2025\/12\/EAC_2030_Page_2.jpg 669w, https:\/\/www.4aelektrik.com.tr\/wp-content\/uploads\/2025\/12\/EAC_2030_Page_2-211x300.jpg 211w, https:\/\/www.4aelektrik.com.tr\/wp-content\/uploads\/2025\/12\/EAC_2030_Page_2-8x12.jpg 8w, https:\/\/www.4aelektrik.com.tr\/wp-content\/uploads\/2025\/12\/EAC_2030_Page_2-600x851.jpg 600w\" sizes=\"(max-width: 669px) 100vw, 669px\" \/>\t\t\t\t\t\t\t\t<\/a>\n\t\t\t\t\t\t\t\t\t\t\t\t\t\t\t<\/div>\n\t\t\t\t<\/div>\n\t\t\t\t<\/div>\n\t\t<div class=\"elementor-element elementor-element-533814a e-con-full e-flex e-con e-child\" data-id=\"533814a\" data-element_type=\"container\" data-e-type=\"container\">\n\t\t\t\t<div class=\"elementor-element elementor-element-6d3101d elementor-widget elementor-widget-heading\" data-id=\"6d3101d\" data-element_type=\"widget\" data-e-type=\"widget\" data-widget_type=\"heading.default\">\n\t\t\t\t<div class=\"elementor-widget-container\">\n\t\t\t\t\t<h5 class=\"elementor-heading-title elementor-size-default\">SEL- PROTECTION EXPERT<\/h5>\t\t\t\t<\/div>\n\t\t\t\t<\/div>\n\t\t\t\t<div class=\"elementor-element elementor-element-e561fdb elementor-widget elementor-widget-image\" data-id=\"e561fdb\" data-element_type=\"widget\" data-e-type=\"widget\" data-widget_type=\"image.default\">\n\t\t\t\t<div class=\"elementor-widget-container\">\n\t\t\t\t\t\t\t\t\t\t\t\t\t\t\t\t<a href=\"https:\/\/www.4aelektrik.com.tr\/wp-content\/uploads\/2024\/05\/SEL-PROTECTION.jpg\" data-elementor-open-lightbox=\"yes\" data-elementor-lightbox-title=\"SEL-PROTECTION\" data-e-action-hash=\"#elementor-action%3Aaction%3Dlightbox%26settings%3DeyJpZCI6NDA3NywidXJsIjoiaHR0cHM6XC9cL3d3dy40YWVsZWt0cmlrLmNvbS50clwvd3AtY29udGVudFwvdXBsb2Fkc1wvMjAyNFwvMDVcL1NFTC1QUk9URUNUSU9OLmpwZyJ9\">\n\t\t\t\t\t\t\t<img loading=\"lazy\" decoding=\"async\" width=\"751\" height=\"580\" src=\"https:\/\/www.4aelektrik.com.tr\/wp-content\/uploads\/2024\/05\/SEL-PROTECTION.jpg\" class=\"attachment-large size-large wp-image-4077\" alt=\"\" srcset=\"https:\/\/www.4aelektrik.com.tr\/wp-content\/uploads\/2024\/05\/SEL-PROTECTION.jpg 1024w, https:\/\/www.4aelektrik.com.tr\/wp-content\/uploads\/2024\/05\/SEL-PROTECTION-600x463.jpg 600w, https:\/\/www.4aelektrik.com.tr\/wp-content\/uploads\/2024\/05\/SEL-PROTECTION-300x232.jpg 300w, https:\/\/www.4aelektrik.com.tr\/wp-content\/uploads\/2024\/05\/SEL-PROTECTION-768x593.jpg 768w\" sizes=\"(max-width: 751px) 100vw, 751px\" \/>\t\t\t\t\t\t\t\t<\/a>\n\t\t\t\t\t\t\t\t\t\t\t\t\t\t\t<\/div>\n\t\t\t\t<\/div>\n\t\t\t\t<\/div>\n\t\t<div class=\"elementor-element elementor-element-c51033f e-con-full e-flex e-con e-child\" data-id=\"c51033f\" data-element_type=\"container\" data-e-type=\"container\">\n\t\t\t\t<div class=\"elementor-element elementor-element-cded16c elementor-widget elementor-widget-heading\" data-id=\"cded16c\" data-element_type=\"widget\" data-e-type=\"widget\" data-widget_type=\"heading.default\">\n\t\t\t\t<div class=\"elementor-widget-container\">\n\t\t\t\t\t<h5 class=\"elementor-heading-title elementor-size-default\">SEL- INTEGRATION<\/h5>\t\t\t\t<\/div>\n\t\t\t\t<\/div>\n\t\t\t\t<div class=\"elementor-element elementor-element-3896aa6 elementor-widget elementor-widget-image\" data-id=\"3896aa6\" data-element_type=\"widget\" data-e-type=\"widget\" data-widget_type=\"image.default\">\n\t\t\t\t<div class=\"elementor-widget-container\">\n\t\t\t\t\t\t\t\t\t\t\t\t\t\t\t\t<a href=\"https:\/\/www.4aelektrik.com.tr\/wp-content\/uploads\/2024\/05\/SEL-INTEGRATION_AUTOMATION.jpg\" data-elementor-open-lightbox=\"yes\" data-elementor-lightbox-title=\"SEL-INTEGRATION_AUTOMATION\" data-e-action-hash=\"#elementor-action%3Aaction%3Dlightbox%26settings%3DeyJpZCI6NDA3NiwidXJsIjoiaHR0cHM6XC9cL3d3dy40YWVsZWt0cmlrLmNvbS50clwvd3AtY29udGVudFwvdXBsb2Fkc1wvMjAyNFwvMDVcL1NFTC1JTlRFR1JBVElPTl9BVVRPTUFUSU9OLmpwZyJ9\">\n\t\t\t\t\t\t\t<img loading=\"lazy\" decoding=\"async\" width=\"751\" height=\"580\" src=\"https:\/\/www.4aelektrik.com.tr\/wp-content\/uploads\/2024\/05\/SEL-INTEGRATION_AUTOMATION.jpg\" class=\"attachment-large size-large wp-image-4076\" alt=\"\" srcset=\"https:\/\/www.4aelektrik.com.tr\/wp-content\/uploads\/2024\/05\/SEL-INTEGRATION_AUTOMATION.jpg 1024w, https:\/\/www.4aelektrik.com.tr\/wp-content\/uploads\/2024\/05\/SEL-INTEGRATION_AUTOMATION-600x463.jpg 600w, https:\/\/www.4aelektrik.com.tr\/wp-content\/uploads\/2024\/05\/SEL-INTEGRATION_AUTOMATION-300x232.jpg 300w, https:\/\/www.4aelektrik.com.tr\/wp-content\/uploads\/2024\/05\/SEL-INTEGRATION_AUTOMATION-768x593.jpg 768w\" sizes=\"(max-width: 751px) 100vw, 751px\" \/>\t\t\t\t\t\t\t\t<\/a>\n\t\t\t\t\t\t\t\t\t\t\t\t\t\t\t<\/div>\n\t\t\t\t<\/div>\n\t\t\t\t<\/div>\n\t\t\t\t\t<\/div>\n\t\t\t\t<\/div>\n\t\t\t\t<\/div>","protected":false},"excerpt":{"rendered":"<p>ISO 9001:2015 TR ISO 45001:2018 TR ISO 14001:2015 TR ISO 9001:2015 EN ISO 45001:2018 EN ISO 14001:2015 EN SF6 SERT\u0130F\u0130KASI EAC SERT\u0130F\u0130KASI &#8211; PAGE 1 EAC SERT\u0130F\u0130KASI &#8211; PAGE 2 SEL- PROTECTION EXPERT SEL- INTEGRATION<\/p>","protected":false},"author":1,"featured_media":0,"parent":0,"menu_order":0,"comment_status":"closed","ping_status":"closed","template":"","meta":{"footnotes":""},"class_list":["post-4060","page","type-page","status-publish","hentry"],"_links":{"self":[{"href":"https:\/\/www.4aelektrik.com.tr\/en\/wp-json\/wp\/v2\/pages\/4060","targetHints":{"allow":["GET"]}}],"collection":[{"href":"https:\/\/www.4aelektrik.com.tr\/en\/wp-json\/wp\/v2\/pages"}],"about":[{"href":"https:\/\/www.4aelektrik.com.tr\/en\/wp-json\/wp\/v2\/types\/page"}],"author":[{"embeddable":true,"href":"https:\/\/www.4aelektrik.com.tr\/en\/wp-json\/wp\/v2\/users\/1"}],"replies":[{"embeddable":true,"href":"https:\/\/www.4aelektrik.com.tr\/en\/wp-json\/wp\/v2\/comments?post=4060"}],"version-history":[{"count":76,"href":"https:\/\/www.4aelektrik.com.tr\/en\/wp-json\/wp\/v2\/pages\/4060\/revisions"}],"predecessor-version":[{"id":5150,"href":"https:\/\/www.4aelektrik.com.tr\/en\/wp-json\/wp\/v2\/pages\/4060\/revisions\/5150"}],"wp:attachment":[{"href":"https:\/\/www.4aelektrik.com.tr\/en\/wp-json\/wp\/v2\/media?parent=4060"}],"curies":[{"name":"wp","href":"https:\/\/api.w.org\/{rel}","templated":true}]}}