{"id":4100,"date":"2024-05-31T06:59:23","date_gmt":"2024-05-31T03:59:23","guid":{"rendered":"https:\/\/4aelektrik.com.tr\/?page_id=4100"},"modified":"2025-11-18T16:41:18","modified_gmt":"2025-11-18T13:41:18","slug":"kurumsal","status":"publish","type":"page","link":"https:\/\/www.4aelektrik.com.tr\/en\/kurumsal\/","title":{"rendered":"Corparate"},"content":{"rendered":"<div data-elementor-type=\"wp-page\" data-elementor-id=\"4100\" class=\"elementor elementor-4100\">\n\t\t\t\t<div class=\"elementor-element elementor-element-7832246 e-flex e-con-boxed e-con e-parent\" data-id=\"7832246\" data-element_type=\"container\" data-e-type=\"container\">\n\t\t\t\t\t<div class=\"e-con-inner\">\n\t\t\t\t<div class=\"elementor-element elementor-element-faca256 elementor-widget elementor-widget-text-editor\" data-id=\"faca256\" data-element_type=\"widget\" data-e-type=\"widget\" data-widget_type=\"text-editor.default\">\n\t\t\t\t<div class=\"elementor-widget-container\">\n\t\t\t\t\t\t\t\t\t<h2 class=\"sec-title title-selector\"><span class=\"text-theme\">4A Electrical<\/span>\u00a0Electronics Technology and Industry Inc. Co.<\/h2><p>4A Electrical Electronics Technology and Industry Inc. Co. was established in 2005 in Istanbul by bringing together the professional expertise and industry experience of its partners. With a fundamental principle of investing in both technology and human resources, our company aims to differentiate itself in the<br \/>sector and become a leading force. The successful projects we have undertaken to date stand as proof of this commitment. Since its establishment, our company has demonstrated steady growth and has become a recognized name in the energy sector, known for its engineering solutions. In 2012, we expanded internationally by launching our Oman subsidiary under the name 4A Electric Electronic Technology Industry LLC. In 2014, we further broadened our operations by incorporating panel manufacturing into our business activities.<\/p>\t\t\t\t\t\t\t\t<\/div>\n\t\t\t\t<\/div>\n\t\t\t\t\t<\/div>\n\t\t\t\t<\/div>\n\t\t<div class=\"elementor-element elementor-element-ab2f5de e-grid e-con-boxed e-con e-parent\" data-id=\"ab2f5de\" data-element_type=\"container\" data-e-type=\"container\">\n\t\t\t\t\t<div class=\"e-con-inner\">\n\t\t\t\t<div class=\"elementor-element elementor-element-c706ddb elementor-widget elementor-widget-webteckbutton\" data-id=\"c706ddb\" data-element_type=\"widget\" data-e-type=\"widget\" data-widget_type=\"webteckbutton.default\">\n\t\t\t\t<div class=\"elementor-widget-container\">\n\t\t\t\t\t<!-- Button --><div class=\"btn-wrapper left\"><a class=\"th-btn style6 style-radius\" href=\"\/en\/kurumsal\/hakkimizda\/\">About Us<\/a><\/div><!-- End Button -->\t\t\t\t<\/div>\n\t\t\t\t<\/div>\n\t\t\t\t<div class=\"elementor-element elementor-element-3059187 elementor-widget elementor-widget-webteckbutton\" data-id=\"3059187\" data-element_type=\"widget\" data-e-type=\"widget\" data-widget_type=\"webteckbutton.default\">\n\t\t\t\t<div class=\"elementor-widget-container\">\n\t\t\t\t\t<!-- Button --><div class=\"btn-wrapper left\"><a class=\"th-btn style6 style-radius\" href=\"\/en\/kurumsal\/genel-mudur-mesaji\/\">MESSAGE FROM THE CEO<\/a><\/div><!-- End Button -->\t\t\t\t<\/div>\n\t\t\t\t<\/div>\n\t\t\t\t<div class=\"elementor-element elementor-element-324d81b elementor-widget elementor-widget-webteckbutton\" data-id=\"324d81b\" data-element_type=\"widget\" data-e-type=\"widget\" data-widget_type=\"webteckbutton.default\">\n\t\t\t\t<div class=\"elementor-widget-container\">\n\t\t\t\t\t<!-- Button --><div class=\"btn-wrapper left\"><a class=\"th-btn style6 style-radius\" href=\"\/en\/kurumsal\/sirket-katalogu\/\">Company Catalogs<\/a><\/div><!-- End Button -->\t\t\t\t<\/div>\n\t\t\t\t<\/div>\n\t\t\t\t<div class=\"elementor-element elementor-element-f6ead4c elementor-widget elementor-widget-webteckbutton\" data-id=\"f6ead4c\" data-element_type=\"widget\" data-e-type=\"widget\" data-widget_type=\"webteckbutton.default\">\n\t\t\t\t<div class=\"elementor-widget-container\">\n\t\t\t\t\t<!-- Button --><div class=\"btn-wrapper left\"><a class=\"th-btn style6 style-radius\" href=\"\/en\/kurumsal\/etik_degerler_politikamiz\/\">Our Ethical Values Policy<\/a><\/div><!-- End Button -->\t\t\t\t<\/div>\n\t\t\t\t<\/div>\n\t\t\t\t\t<\/div>\n\t\t\t\t<\/div>\n\t\t\t\t<\/div>","protected":false},"excerpt":{"rendered":"<p>4A Elektrik\u00a0Elektronik Teknoloji Ve Sanayi Anonim \u015eirketi 4A Elektrik Elektronik Teknoloji ve Sanayi Anonim \u015eirketi, ortaklar\u0131n\u0131n mesleki faaliyetleri ve sekt\u00f6rdeki deneyimlerinin bir arayagetirilmesiyle 2005 y\u0131l\u0131nda \u0130stanbul\u2019da kurulmu\u015ftur. Teknolojiye ve insana yat\u0131r\u0131m\u0131 ilke edinerek sekt\u00f6rde farkl\u0131la\u015fmay\u0131 ve \u00f6nc\u00fc olmay\u0131 hedefleyen firmam\u0131z g\u00fcn\u00fcm\u00fcze kadar yapm\u0131\u015f oldu\u011fu i\u015flerle bunu ispatlam\u0131\u015ft\u0131r. Firmam\u0131z, kuruldu\u011fu tarihten bug\u00fcne kadar ge\u00e7en s\u00fcre i\u00e7erisinde&#8230;<\/p>","protected":false},"author":1,"featured_media":0,"parent":0,"menu_order":0,"comment_status":"closed","ping_status":"closed","template":"","meta":{"footnotes":""},"class_list":["post-4100","page","type-page","status-publish","hentry"],"_links":{"self":[{"href":"https:\/\/www.4aelektrik.com.tr\/en\/wp-json\/wp\/v2\/pages\/4100","targetHints":{"allow":["GET"]}}],"collection":[{"href":"https:\/\/www.4aelektrik.com.tr\/en\/wp-json\/wp\/v2\/pages"}],"about":[{"href":"https:\/\/www.4aelektrik.com.tr\/en\/wp-json\/wp\/v2\/types\/page"}],"author":[{"embeddable":true,"href":"https:\/\/www.4aelektrik.com.tr\/en\/wp-json\/wp\/v2\/users\/1"}],"replies":[{"embeddable":true,"href":"https:\/\/www.4aelektrik.com.tr\/en\/wp-json\/wp\/v2\/comments?post=4100"}],"version-history":[{"count":13,"href":"https:\/\/www.4aelektrik.com.tr\/en\/wp-json\/wp\/v2\/pages\/4100\/revisions"}],"predecessor-version":[{"id":5072,"href":"https:\/\/www.4aelektrik.com.tr\/en\/wp-json\/wp\/v2\/pages\/4100\/revisions\/5072"}],"wp:attachment":[{"href":"https:\/\/www.4aelektrik.com.tr\/en\/wp-json\/wp\/v2\/media?parent=4100"}],"curies":[{"name":"wp","href":"https:\/\/api.w.org\/{rel}","templated":true}]}}