{"id":4114,"date":"2024-05-31T07:09:06","date_gmt":"2024-05-31T04:09:06","guid":{"rendered":"https:\/\/4aelektrik.com.tr\/?page_id=4114"},"modified":"2024-05-31T07:12:49","modified_gmt":"2024-05-31T04:12:49","slug":"genel-mudur-mesaji","status":"publish","type":"page","link":"https:\/\/www.4aelektrik.com.tr\/en\/kurumsal\/genel-mudur-mesaji\/","title":{"rendered":"MESSAGE FROM THE CEO"},"content":{"rendered":"<div data-elementor-type=\"wp-page\" data-elementor-id=\"4114\" class=\"elementor elementor-4114\">\n\t\t\t\t<div class=\"elementor-element elementor-element-7e02b524 e-flex e-con-boxed e-con e-parent\" data-id=\"7e02b524\" data-element_type=\"container\" data-e-type=\"container\">\n\t\t\t\t\t<div class=\"e-con-inner\">\n\t\t<div class=\"elementor-element elementor-element-1fc4cc79 e-con-full e-flex e-con e-child\" data-id=\"1fc4cc79\" data-element_type=\"container\" data-e-type=\"container\">\n\t\t\t\t<div class=\"elementor-element elementor-element-7e25c8bf elementor-widget elementor-widget-text-editor\" data-id=\"7e25c8bf\" data-element_type=\"widget\" data-e-type=\"widget\" data-widget_type=\"text-editor.default\">\n\t\t\t\t<div class=\"elementor-widget-container\">\n\t\t\t\t\t\t\t\t\t<p>\u00a0 \u00a0 \u00a0 \u00a0 \u00a0 \u00a0 \u00a0 \u00a0We, as employees of 4A Electrical and Electronics\nTechnology Industry Inc. Co. consider generating innovative\ntechnologies and intelligent engineering solutions for Energy\nsector for our country and for the world as our mission.\n4A Electrical was founded in 2005 in Istanbul, Turkey by a\ngroup of engineers gathered around this mission. Together\nwith the professionals who has the same goals and values\njoined us since 4A Electrical was founded, We have\ncelebrated our 10th anniversary in 2015 with the pride of\ncompleting many successful projects in dozens of countries.<\/p><p>4A Electrical has managed to attract the attention and\nmake a difference in energy sector by bringing different\nperspectives to traditional practices and implementing\npractices pioneering new technologies. Apart from projects in\nelectricity transmission, generation and distribution systems,\n4A Electrical has successfully realized different critical\nsolutions in infrastructure and in the industry with detailed\nengineering approach.<\/p><p>We are also implementing our understanding of innovative\ntechnologies and intelligent engineering in the field of\nproduct sales, manufacturing, turnkey projects, training and\nconsultancy services in a solution-oriented approach. Hence\nsuccess depends on the quality and the permanency of the\nservices provided, human factor is the basis of our quality\npolicy and our vision. 4A Electrical offers its employees\nhealthy, delighted and friendly working environment. Honesty\nand sincerity are fundamental values at 4A Electrical.\nLikewise, in addition to our result oriented approach,\nhonesty, sincere communication and understanding lies in\nthe heart<br \/>of our customer relationship.<\/p><p>As all 4A Electrical employees, we will continue our way,\nkeeping in mind that \u201chuman\u201d is the most important value\nthat will lead us to the pleasure of bringing innovative\ntechnologies and intelligent solutions in the energy sector.<\/p><p><strong>Devrim ERO\u011eLU<\/strong><\/p>\t\t\t\t\t\t\t\t<\/div>\n\t\t\t\t<\/div>\n\t\t\t\t<\/div>\n\t\t<div class=\"elementor-element elementor-element-1bd6df45 e-con-full e-flex e-con e-child\" data-id=\"1bd6df45\" data-element_type=\"container\" data-e-type=\"container\">\n\t\t\t\t<div class=\"elementor-element elementor-element-756c65f3 elementor-widget elementor-widget-nav-menu\" data-id=\"756c65f3\" data-element_type=\"widget\" data-e-type=\"widget\" data-widget_type=\"nav-menu.default\">\n\t\t\t\t<div class=\"elementor-widget-container\">\n\t\t\t\t\t \t\t\t\t<\/div>\n\t\t\t\t<\/div>\n\t\t\t\t<\/div>\n\t\t\t\t\t<\/div>\n\t\t\t\t<\/div>\n\t\t\t\t<\/div>","protected":false},"excerpt":{"rendered":"<p>\u00a0 \u00a0 \u00a0 \u00a0 \u00a0 \u00a0 \u00a0 \u00a0Bizler, 4A Elektrik Elektronik Teknoloji Sanayi A.\u015e. \u00e7al\u0131\u015fanlar\u0131 olarak \u00fclkemizde ve d\u00fcnyada enerji sekt\u00f6r\u00fcnde yenilik\u00e7i teknolojiler ve ak\u0131lc\u0131 m\u00fchendislik \u00e7\u00f6z\u00fcmleri \u00fcretmeyi g\u00f6revimiz olarak g\u00f6r\u00fcyoruz. 4A Elektrik \u0130stanbul, T\u00fcrkiye\u2019de 2005 y\u0131l\u0131nda bu hedef etraf\u0131nda birle\u015fmi\u015f bir grup m\u00fchendis taraf\u0131ndan kuruldu. Kuruldu\u011fu tarihten bu yana ayn\u0131 hedef ve de\u011ferlere sahip&#8230;<\/p>","protected":false},"author":1,"featured_media":0,"parent":4100,"menu_order":1,"comment_status":"closed","ping_status":"closed","template":"","meta":{"footnotes":""},"class_list":["post-4114","page","type-page","status-publish","hentry"],"_links":{"self":[{"href":"https:\/\/www.4aelektrik.com.tr\/en\/wp-json\/wp\/v2\/pages\/4114","targetHints":{"allow":["GET"]}}],"collection":[{"href":"https:\/\/www.4aelektrik.com.tr\/en\/wp-json\/wp\/v2\/pages"}],"about":[{"href":"https:\/\/www.4aelektrik.com.tr\/en\/wp-json\/wp\/v2\/types\/page"}],"author":[{"embeddable":true,"href":"https:\/\/www.4aelektrik.com.tr\/en\/wp-json\/wp\/v2\/users\/1"}],"replies":[{"embeddable":true,"href":"https:\/\/www.4aelektrik.com.tr\/en\/wp-json\/wp\/v2\/comments?post=4114"}],"version-history":[{"count":4,"href":"https:\/\/www.4aelektrik.com.tr\/en\/wp-json\/wp\/v2\/pages\/4114\/revisions"}],"predecessor-version":[{"id":4119,"href":"https:\/\/www.4aelektrik.com.tr\/en\/wp-json\/wp\/v2\/pages\/4114\/revisions\/4119"}],"up":[{"embeddable":true,"href":"https:\/\/www.4aelektrik.com.tr\/en\/wp-json\/wp\/v2\/pages\/4100"}],"wp:attachment":[{"href":"https:\/\/www.4aelektrik.com.tr\/en\/wp-json\/wp\/v2\/media?parent=4114"}],"curies":[{"name":"wp","href":"https:\/\/api.w.org\/{rel}","templated":true}]}}