{"id":4120,"date":"2024-05-31T07:13:39","date_gmt":"2024-05-31T04:13:39","guid":{"rendered":"https:\/\/4aelektrik.com.tr\/?page_id=4120"},"modified":"2025-11-14T10:32:09","modified_gmt":"2025-11-14T07:32:09","slug":"etik_degerler_politikamiz","status":"publish","type":"page","link":"https:\/\/www.4aelektrik.com.tr\/en\/kurumsal\/etik_degerler_politikamiz\/","title":{"rendered":"Our Ethical Values Policy"},"content":{"rendered":"<p style=\"text-align: center;\"><strong>OUR ETHICAL VALUES POLICY<\/strong><\/p>\n<p>4A Elektrik Elektronik Teknoloji A.\u015e. adopts full compliance with <strong>national and international laws, standards, and regulations as<\/strong> a<br \/>\nfundamental principle.<\/p>\n<ol>\n<li><strong>EMPLOYEE FOCUS <\/strong><\/li>\n<\/ol>\n<p>Top management accepts investing in its employees and <strong>respecting human rights<\/strong> as fundamental principles.<br \/>\nWithin this scope:<\/p>\n<ul>\n<li>Ensures fair treatment and equal opportunity <strong>in recruitment without discrimination based on gender, language, religion, ethnicity, political opinion, <\/strong>or any similar difference.<\/li>\n<li>Evaluates employee ages and working conditions <strong>in full compliance with legal limits<\/strong> .<\/li>\n<li>Provides employees <strong>with opportunities for professional development and continuous training<\/strong> .<\/li>\n<li>Establishes open and transparent communication channels with employees, their representatives, and OHS professionals to ensure active participation in the system.<\/li>\n<li>Analyzes <strong>health, safety, and environmental conditions in work processes and works to prevent occupational accidents and diseases<\/strong> .<\/li>\n<li>Strengthens employee engagement and trust by ensuring the right person is selected for the right position<\/li>\n<li>Promotes ethical behavior, honesty, and commitment to corporate culture across the organization.<\/li>\n<\/ul>\n<ol start=\"2\">\n<li><strong>HSE (HEALTH, SAFETY, AND ENVIRONMENT) FOCUS <\/strong><\/li>\n<\/ol>\n<p>4A Elektrik prioritizes the protection of its employees from risks and hazards in all its activities <strong>.<\/strong> .<\/p>\n<ul>\n<li>Within the framework of Occupational Health and Safety culture, all employees are trained within their duties, authorities, and responsibilities and are empowered with the authority to <strong>stop work<\/strong> in <strong>risky situations<\/strong> .<\/li>\n<li>Creates awareness of environmental responsibility regarding the use of <strong>natural resources,<\/strong> energy conservation, and consumption reduction.<\/li>\n<li>Evaluates the environmental impacts of products and services through <strong>a life-cycle approach<\/strong> and adopts the principle of sustainability.<\/li>\n<li>Continuously measures, analyzes, <strong>and plans improvements<\/strong> regarding the company\u2019s impact on the environment, society, and natural life.<\/li>\n<li>Acts with <strong>awareness of climate change and ecosystem impacts in all operations<\/strong> and conveys the same approach to suppliers and business partners<\/li>\n<\/ul>\n<ol start=\"3\">\n<li><strong>CUSTOMER FOCUS <\/strong><\/li>\n<\/ol>\n<p>4A Elektrik <strong>aims to develop engineering solutions tailored<\/strong> to customer needs by understanding those needs.<\/p>\n<ul>\n<li>Adheres to <strong>ethical values, human rights, confidentiality, and personal data protection<\/strong> in relationships with customers.<\/li>\n<li>Maintains product and service quality in line with the principle of continuous improvement and never compromises ethical principles under any circumstances.<\/li>\n<li>Takes customer feedback into account to ensure <strong>continuity, trust, and satisfaction<\/strong> .<\/li>\n<\/ul>\n<ol start=\"4\">\n<li><strong>SENSITIVITY TO PERSONAL DATA AND INFORMATION SECURITY <\/strong><\/li>\n<\/ol>\n<ul>\n<li>Principles of honesty, accountability, openness, and transparency are essential in relationships with customers.<\/li>\n<li><strong>Ensures the<\/strong> security of personal data belonging to employees and third-party stakeholders within the framework of the Privacy Policy.<\/li>\n<li><strong>Establishes the necessary infrastructure and systems to ensure data security in compliance with the requirements<\/strong> of the Personal Data Protection Law (KVKK).<\/li>\n<li><strong>Through the Ethical Violation Mechanism, <\/strong>it defines how ethical violations are evaluated, the consequences they entail, and regulates documentation, approval systems, and oversight by the Ethics Committee, applying sanctions when necessary.<\/li>\n<li>Ensures that illumination statements, <strong>cookie policies, and confidentiality commitments are explicitly included<\/strong> in all contracts.<\/li>\n<li>The company remains committed to <strong>confidentiality and data protection principles in all its activities with customers, suppliers, and employees<\/strong> .<\/li>\n<\/ul>\n<ol start=\"5\">\n<li><strong>ETHICAL AND PRINCIPLED APPROACH IN SUPPLIER RELATIONS <\/strong><\/li>\n<\/ol>\n<ul>\n<li>The company <strong>does not allow unethical relations with any individual or institution within the scope of its Anti-Bribery and Anti-Corruption Policy<\/strong> .<\/li>\n<li>Selects and monitors suppliers, subcontractors, and business partners in alignment with 4A Elektrik\u2019s ethical values.<\/li>\n<li>Fully complies with the <strong>United Nations Global Compact in conducting<\/strong> its operations and expects the same compliance from its business partners.<\/li>\n<li>Guarantees compliance with ethical values, legislation, and legal requirements in supplier selection through control mechanisms.<\/li>\n<li>Considers ethical compliance <strong>a global corporate responsibility<\/strong> for 4A Elektrik.<\/li>\n<\/ul>\n<ol start=\"6\">\n<li><strong>CONTINUOUS IMPROVEMENT FOCUS <\/strong><\/li>\n<\/ol>\n<p>While conducting its activities in line with ethical principles, 4A Elektrik is committed to:<\/p>\n<ul>\n<li>Continuously improving its performance,<\/li>\n<li>Implementing lessons learned through corrective and preventive actions,<\/li>\n<li>Adopting innovative technologies and modern management systems,<\/li>\n<li>Creating a <strong>sustainable corporate culture<\/strong> by involving employees in this development process.<\/li>\n<\/ul>","protected":false},"excerpt":{"rendered":"<p>ET\u0130K DE\u011eERLER POL\u0130T\u0130KAMIZ 4A Elektrik Elektronik Teknoloji A.\u015e., t\u00fcm faaliyetlerinde ulusal ve uluslararas\u0131 yasa, standart ve d\u00fczenlemelere tam uyum ilkesini benimser. Bu ilke do\u011frultusunda etik de\u011ferlerini tan\u0131mlar. \u00c7ALI\u015eAN ODAKLILIK \u00dcst y\u00f6netim, \u00e7al\u0131\u015fanlar\u0131na yat\u0131r\u0131m yapmay\u0131 ve insan haklar\u0131na sayg\u0131y\u0131 temel prensip kabul eder. Bu kapsamda: \u0130\u015fe al\u0131mlarda cinsiyet, dil, din, etnik k\u00f6ken, siyasi g\u00f6r\u00fc\u015f veya benzeri&#8230;<\/p>","protected":false},"author":1,"featured_media":0,"parent":4100,"menu_order":2,"comment_status":"closed","ping_status":"closed","template":"","meta":{"footnotes":""},"class_list":["post-4120","page","type-page","status-publish","hentry","page--item"],"_links":{"self":[{"href":"https:\/\/www.4aelektrik.com.tr\/en\/wp-json\/wp\/v2\/pages\/4120","targetHints":{"allow":["GET"]}}],"collection":[{"href":"https:\/\/www.4aelektrik.com.tr\/en\/wp-json\/wp\/v2\/pages"}],"about":[{"href":"https:\/\/www.4aelektrik.com.tr\/en\/wp-json\/wp\/v2\/types\/page"}],"author":[{"embeddable":true,"href":"https:\/\/www.4aelektrik.com.tr\/en\/wp-json\/wp\/v2\/users\/1"}],"replies":[{"embeddable":true,"href":"https:\/\/www.4aelektrik.com.tr\/en\/wp-json\/wp\/v2\/comments?post=4120"}],"version-history":[{"count":6,"href":"https:\/\/www.4aelektrik.com.tr\/en\/wp-json\/wp\/v2\/pages\/4120\/revisions"}],"predecessor-version":[{"id":5065,"href":"https:\/\/www.4aelektrik.com.tr\/en\/wp-json\/wp\/v2\/pages\/4120\/revisions\/5065"}],"up":[{"embeddable":true,"href":"https:\/\/www.4aelektrik.com.tr\/en\/wp-json\/wp\/v2\/pages\/4100"}],"wp:attachment":[{"href":"https:\/\/www.4aelektrik.com.tr\/en\/wp-json\/wp\/v2\/media?parent=4120"}],"curies":[{"name":"wp","href":"https:\/\/api.w.org\/{rel}","templated":true}]}}