{"id":4126,"date":"2024-05-31T07:18:24","date_gmt":"2024-05-31T04:18:24","guid":{"rendered":"https:\/\/4aelektrik.com.tr\/?page_id=4126"},"modified":"2025-04-13T17:57:06","modified_gmt":"2025-04-13T14:57:06","slug":"sirket-katalogu","status":"publish","type":"page","link":"https:\/\/www.4aelektrik.com.tr\/en\/kurumsal\/sirket-katalogu\/","title":{"rendered":"Company Catalogs"},"content":{"rendered":"<div data-elementor-type=\"wp-page\" data-elementor-id=\"4126\" class=\"elementor elementor-4126\">\n\t\t\t\t<div class=\"elementor-element elementor-element-6e7a4faf e-flex e-con-boxed e-con e-parent\" data-id=\"6e7a4faf\" data-element_type=\"container\" data-e-type=\"container\">\n\t\t\t\t\t<div class=\"e-con-inner\">\n\t\t<div class=\"elementor-element elementor-element-587fb696 e-con-full e-flex e-con e-child\" data-id=\"587fb696\" data-element_type=\"container\" data-e-type=\"container\">\n\t\t<div class=\"elementor-element elementor-element-91f28bc e-flex e-con-boxed e-con e-child\" data-id=\"91f28bc\" data-element_type=\"container\" data-e-type=\"container\">\n\t\t\t\t\t<div class=\"e-con-inner\">\n\t\t<div class=\"elementor-element elementor-element-eaae08a e-grid e-con-boxed e-con e-child\" data-id=\"eaae08a\" data-element_type=\"container\" data-e-type=\"container\">\n\t\t\t\t\t<div class=\"e-con-inner\">\n\t\t\t\t<div class=\"elementor-element elementor-element-4911126 elementor-widget elementor-widget-text-editor\" data-id=\"4911126\" data-element_type=\"widget\" data-e-type=\"widget\" data-widget_type=\"text-editor.default\">\n\t\t\t\t<div class=\"elementor-widget-container\">\n\t\t\t\t\t\t\t\t\t<p><img fetchpriority=\"high\" decoding=\"async\" class=\"alignnone size-medium wp-image-4129 aligncenter\" src=\"https:\/\/4aelektrik.com.tr\/wp-content\/uploads\/2024\/05\/KATALOG-KAPAK-400x343-1-300x257.jpg\" alt=\"\" width=\"300\" height=\"257\" srcset=\"https:\/\/www.4aelektrik.com.tr\/wp-content\/uploads\/2024\/05\/KATALOG-KAPAK-400x343-1-300x257.jpg 300w, https:\/\/www.4aelektrik.com.tr\/wp-content\/uploads\/2024\/05\/KATALOG-KAPAK-400x343-1.jpg 400w\" sizes=\"(max-width: 300px) 100vw, 300px\" \/><\/p><p style=\"text-align: center;\">T\u00fcrk\u00e7e\/ \u0130ngilizce<\/p><p style=\"text-align: center;\"><a href=\"https:\/\/www.4aelektrik.com.tr\/wp-content\/uploads\/2024\/05\/4A-lr-111.pdf\" target=\"_blank\" rel=\"noopener\">Download<\/a><\/p>\t\t\t\t\t\t\t\t<\/div>\n\t\t\t\t<\/div>\n\t\t\t\t<div class=\"elementor-element elementor-element-643d76c elementor-widget elementor-widget-text-editor\" data-id=\"643d76c\" data-element_type=\"widget\" data-e-type=\"widget\" data-widget_type=\"text-editor.default\">\n\t\t\t\t<div class=\"elementor-widget-container\">\n\t\t\t\t\t\t\t\t\t<p><img fetchpriority=\"high\" decoding=\"async\" class=\"alignnone size-medium wp-image-4129 aligncenter\" src=\"https:\/\/4aelektrik.com.tr\/wp-content\/uploads\/2024\/05\/KATALOG-KAPAK-400x343-1-300x257.jpg\" alt=\"\" width=\"300\" height=\"257\" srcset=\"https:\/\/www.4aelektrik.com.tr\/wp-content\/uploads\/2024\/05\/KATALOG-KAPAK-400x343-1-300x257.jpg 300w, https:\/\/www.4aelektrik.com.tr\/wp-content\/uploads\/2024\/05\/KATALOG-KAPAK-400x343-1.jpg 400w\" sizes=\"(max-width: 300px) 100vw, 300px\" \/><\/p><p style=\"text-align: center;\">English\/ Russian<\/p><p style=\"text-align: center;\"><a href=\"https:\/\/www.4aelektrik.com.tr\/wp-content\/uploads\/2024\/05\/4A-KATOLOG-RU.pdf\" target=\"_blank\" rel=\"noopener\">Download<\/a><\/p>\t\t\t\t\t\t\t\t<\/div>\n\t\t\t\t<\/div>\n\t\t\t\t<div class=\"elementor-element elementor-element-42526ee elementor-widget elementor-widget-text-editor\" data-id=\"42526ee\" data-element_type=\"widget\" data-e-type=\"widget\" data-widget_type=\"text-editor.default\">\n\t\t\t\t<div class=\"elementor-widget-container\">\n\t\t\t\t\t\t\t\t\t<p><img fetchpriority=\"high\" decoding=\"async\" class=\"alignnone size-medium wp-image-4129 aligncenter\" src=\"https:\/\/4aelektrik.com.tr\/wp-content\/uploads\/2024\/05\/KATALOG-KAPAK-400x343-1-300x257.jpg\" alt=\"\" width=\"300\" height=\"257\" srcset=\"https:\/\/www.4aelektrik.com.tr\/wp-content\/uploads\/2024\/05\/KATALOG-KAPAK-400x343-1-300x257.jpg 300w, https:\/\/www.4aelektrik.com.tr\/wp-content\/uploads\/2024\/05\/KATALOG-KAPAK-400x343-1.jpg 400w\" sizes=\"(max-width: 300px) 100vw, 300px\" \/><\/p><p style=\"text-align: center;\">English\/ Spanish<\/p><p style=\"text-align: center;\"><a href=\"https:\/\/www.4aelektrik.com.tr\/wp-content\/uploads\/2024\/05\/4A-KATALOG-Ispanyolca.pdf\" target=\"_blank\" rel=\"noopener\">Download<\/a><\/p>\t\t\t\t\t\t\t\t<\/div>\n\t\t\t\t<\/div>\n\t\t\t\t\t<\/div>\n\t\t\t\t<\/div>\n\t\t\t\t\t<\/div>\n\t\t\t\t<\/div>\n\t\t\t\t<\/div>\n\t\t<div class=\"elementor-element elementor-element-2c6ce729 e-con-full e-flex e-con e-child\" data-id=\"2c6ce729\" data-element_type=\"container\" data-e-type=\"container\">\n\t\t\t\t<div class=\"elementor-element elementor-element-3e9eac5a elementor-widget elementor-widget-nav-menu\" data-id=\"3e9eac5a\" data-element_type=\"widget\" data-e-type=\"widget\" data-widget_type=\"nav-menu.default\">\n\t\t\t\t<div class=\"elementor-widget-container\">\n\t\t\t\t\t \t\t\t\t<\/div>\n\t\t\t\t<\/div>\n\t\t\t\t<\/div>\n\t\t\t\t\t<\/div>\n\t\t\t\t<\/div>\n\t\t\t\t<\/div>","protected":false},"excerpt":{"rendered":"<p>T\u00fcrk\u00e7e\/ \u0130ngilizce Katalo\u011fu \u0130ndir English\/ Russian Katalo\u011fu \u0130ndir English\/ Spanish Katalo\u011fu \u0130ndir<\/p>","protected":false},"author":1,"featured_media":0,"parent":4100,"menu_order":3,"comment_status":"closed","ping_status":"closed","template":"","meta":{"footnotes":""},"class_list":["post-4126","page","type-page","status-publish","hentry"],"_links":{"self":[{"href":"https:\/\/www.4aelektrik.com.tr\/en\/wp-json\/wp\/v2\/pages\/4126","targetHints":{"allow":["GET"]}}],"collection":[{"href":"https:\/\/www.4aelektrik.com.tr\/en\/wp-json\/wp\/v2\/pages"}],"about":[{"href":"https:\/\/www.4aelektrik.com.tr\/en\/wp-json\/wp\/v2\/types\/page"}],"author":[{"embeddable":true,"href":"https:\/\/www.4aelektrik.com.tr\/en\/wp-json\/wp\/v2\/users\/1"}],"replies":[{"embeddable":true,"href":"https:\/\/www.4aelektrik.com.tr\/en\/wp-json\/wp\/v2\/comments?post=4126"}],"version-history":[{"count":16,"href":"https:\/\/www.4aelektrik.com.tr\/en\/wp-json\/wp\/v2\/pages\/4126\/revisions"}],"predecessor-version":[{"id":4995,"href":"https:\/\/www.4aelektrik.com.tr\/en\/wp-json\/wp\/v2\/pages\/4126\/revisions\/4995"}],"up":[{"embeddable":true,"href":"https:\/\/www.4aelektrik.com.tr\/en\/wp-json\/wp\/v2\/pages\/4100"}],"wp:attachment":[{"href":"https:\/\/www.4aelektrik.com.tr\/en\/wp-json\/wp\/v2\/media?parent=4126"}],"curies":[{"name":"wp","href":"https:\/\/api.w.org\/{rel}","templated":true}]}}