{"id":4299,"date":"2024-09-22T00:04:52","date_gmt":"2024-09-21T21:04:52","guid":{"rendered":"https:\/\/www.4aelektrik.com.tr\/?page_id=4299"},"modified":"2024-09-22T00:04:53","modified_gmt":"2024-09-21T21:04:53","slug":"cerez-politikasi","status":"publish","type":"page","link":"https:\/\/www.4aelektrik.com.tr\/en\/cerez-politikasi\/","title":{"rendered":"Cookie Policy"},"content":{"rendered":"<p><strong>4A ELECTRIC COOKIE POLICY<\/strong><\/p>\n\n\n\n<p>4A Elektrik Elektronik Tek. San. A.\u015e. (4A ELEKTR\u0130K), like many other websites, uses cookies to ensure that visitors have a better experience on the website.&nbsp;<\/p>\n\n\n\n<p><br>\u0130\u015fbu \u00c7erez Politikas\u0131 4A ELEKTR\u0130K\u2019in &nbsp;web sitesi ziyaret\u00e7ilerine sitemizde kullan\u0131lan \u00e7erezin tan\u0131m\u0131, \u00e7erez t\u00fcrleri, \u00e7erez tercihlerinin nas\u0131l y\u00f6netilebilece\u011fi konular\u0131nda bilgilendirmek amac\u0131yla haz\u0131rlanm\u0131\u015ft\u0131r.<\/p>\n\n\n\n<p>If you close the cookie usage warning on the website or continue to use the website, it is assumed that you have approved the use of cookies.<br><br>If you do not accept the use of cookies, we kindly ask you not to continue to the website or to change your cookie preferences in your browser. We would like to remind you that if cookies are not allowed, some features of the website may lose their functionality.<\/p>\n\n\n\n<p><strong>What is a Cookie?<\/strong><strong><\/strong><\/p>\n\n\n\n<p>Cookies are small text files that are stored on your computer or mobile device when you visit a website. These files store data such as your IP address, session information, pages you access, etc. Cookies do not contain data such as your first and last name or address. Cookies can help you remember your website preferences, keep you logged in, or present you with content that interests you.<\/p>\n\n\n\n<p>For detailed information about cookies, you can visit www.aboutcookies.org and www.allaboutcookies.org.<\/p>\n\n\n\n<p><strong>Cookie Types and Purposes of Use <\/strong><strong><\/strong><\/p>\n\n\n\n<p><strong>Session Cookies: <\/strong>Session cookies are temporary cookies that can be deleted from the device after closing the browser. The main function of these cookies is to ensure the proper functioning of the website.<strong><\/strong><\/p>\n\n\n\n<p><strong>Persistent Cookies:&nbsp; <\/strong>Persistent cookies, on the other hand, remain on the device after the browser is closed until they are deleted by the visitor or until they expire.<\/p>\n\n\n\n<p><strong>First Side: <\/strong>First-party cookies are cookies placed on the device by the operator of the visited website.<strong><\/strong><\/p>\n\n\n\n<p><strong>Third Party Cookies:&nbsp; <\/strong>Third-party cookies are cookies placed on the device and controlled by parties other than the operator of the visited website. YouTube is used on our website to provide you with more information about our company. YouTube may place Cookies on your computer if you watch videos embedded from YouTube on the pages. We have no control over third-party cookies. Please visit the relevant third-party website for more information about these cookies and how to manage them.<strong><\/strong><\/p>\n\n\n\n<p><strong>Mandatory Cookies<\/strong><\/p>\n\n\n\n<p>The use of certain cookies is essential for our site to function properly. For example, authentication cookies, which are activated when you log in to our site, ensure that your active session continues when you move from one page to another on our site.<\/p>\n\n\n\n<p><strong>Functionality and Preference Cookies<\/strong><\/p>\n\n\n\n<p>These cookies help us personalize the services offered on our site by remembering your preferences and choices on the site. For example, they allow us to remember your language selection on our site or the font size you have chosen when reading a text.<\/p>\n\n\n\n<p><strong>Social Media Cookies<\/strong><\/p>\n\n\n\n<p>These cookies allow us to collect information about your social media usage. For example, cookies can be used to use information about your Facebook\/Twitter accounts to create personalized ads or conduct market research.<\/p>\n\n\n\n<p><strong>Performance and Analysis Cookies<\/strong><\/p>\n\n\n\n<p>These cookies allow us to improve the services we provide to you by analyzing your use of our site and its performance. For example, these cookies allow us to identify which pages our visitors view most, whether our site is working properly, and any potential problems.<\/p>\n\n\n\n<p><strong>Targeting or advertising cookies<\/strong><\/p>\n\n\n\n<p>We use cookies to promote products and services to you on our site or in media outside of our site. We may also collaborate with some of our business partners to advertise and promote you on or outside of our site. For example, cookies may be used to track whether you clicked on an advertisement you saw on our site, and whether you used the service on the site to which the advertisement directed you after it attracted your attention.<\/p>\n\n\n\n<h2 class=\"wp-block-heading\">How long will cookies be stored?<\/h2>\n\n\n\n<p>We will not store Cookies for longer than the purpose for which the Cookie was placed. Most Cookies we use are \u201cSession Cookies\u201d, meaning they will be deleted as soon as you close your internet browser. Some Cookies may be stored for longer periods (for example, those placed so that we can remember your user login details, preferred language settings or other options). Google Analytics Cookies are stored for up to two years in order to obtain long-term reports on the use of the website. For information on the retention periods of Cookies, see our Cookie Table.<\/p>\n\n\n\n<p><strong>How Can I Control the Use of Cookies?<\/strong><\/p>\n\n\n\n<p>You can view and personalize your preferences regarding cookies by checking your browser settings.<\/p>\n\n\n\n<p><strong>How to Change Your Cookie Preferences?<\/strong><\/p>\n\n\n\n<p>You can personalize cookies or block them completely by changing the settings of the browser you use. You can access detailed information about the steps to be followed for different browsers from the links below:<\/p>\n\n\n\n<p><strong>Google Chrome<\/strong>&nbsp;:&nbsp;<br><a href=\"https:\/\/support.google.com\/chrome\/answer\/95647?co=GENIE.Platform%3DDesktop&amp;hl=tr\" target=\"_blank\" rel=\"noreferrer noopener\">https:\/\/support.google.com\/chrome\/answer\/95647?co=GENIE.Platform%3DDesktop&amp;hl=tr<\/a><\/p>\n\n\n\n<p><strong>Internet Explorer<\/strong>&nbsp;:&nbsp;<br><a href=\"https:\/\/support.microsoft.com\/tr-tr\/help\/17442\/windows-internet-explorer-delete-manage-cookies\" target=\"_blank\" rel=\"noreferrer noopener\">https:\/\/support.microsoft.com\/tr-tr\/help\/17442\/windows-internet-explorer-delete-manage-cookies<\/a><\/p>\n\n\n\n<p><strong>Mozilla Firefox<\/strong>&nbsp;:&nbsp;<br><a href=\"https:\/\/support.mozilla.org\/tr\/kb\/cerezleri-silme-web-sitelerinin-bilgilerini-kaldirma\" target=\"_blank\" rel=\"noreferrer noopener\">https:\/\/support.mozilla.org\/tr\/kb\/cerezleri-silme-web-sitelerinin-bilgilerini-kaldirma<\/a><\/p>\n\n\n\n<p><strong>Yandex<\/strong>&nbsp;:&nbsp;<br><a href=\"https:\/\/yandex.com.tr\/support\/browser-classic\/personal-data-protection\/cookies.xml\" target=\"_blank\" rel=\"noreferrer noopener\">https:\/\/yandex.com.tr\/support\/browser-classic\/personal-data-protection\/cookies.xml<\/a><\/p>\n\n\n\n<p><strong>Safari&nbsp;<\/strong>:&nbsp;<br><a href=\"https:\/\/support.apple.com\/kb\/PH21411?locale=tr_TR\" target=\"_blank\" rel=\"noreferrer noopener\">https:\/\/support.apple.com\/kb\/PH21411?locale=tr_TR<\/a><\/p>\n\n\n\n<p><br>To manage your cookie preferences on other browsers, you can review the relevant browser's help or support page.<\/p>\n\n\n\n<h2 class=\"wp-block-heading\">Contact Us<\/h2>\n\n\n\n<p>If you have any questions regarding this notification&nbsp;<strong><u>Kvkk@4Aelektrik.com.tr<\/u><\/strong> You can contact us at .<\/p>\n\n\n\n<figure class=\"wp-block-image size-large is-resized\"><img fetchpriority=\"high\" decoding=\"async\" width=\"491\" height=\"1024\" src=\"https:\/\/www.4aelektrik.com.tr\/wp-content\/uploads\/2024\/09\/cerez-491x1024.jpg\" alt=\"\" class=\"wp-image-4300\" style=\"width:839px;height:auto\" srcset=\"https:\/\/www.4aelektrik.com.tr\/wp-content\/uploads\/2024\/09\/cerez-491x1024.jpg 491w, https:\/\/www.4aelektrik.com.tr\/wp-content\/uploads\/2024\/09\/cerez-600x1252.jpg 600w, https:\/\/www.4aelektrik.com.tr\/wp-content\/uploads\/2024\/09\/cerez-144x300.jpg 144w, https:\/\/www.4aelektrik.com.tr\/wp-content\/uploads\/2024\/09\/cerez-768x1603.jpg 768w, https:\/\/www.4aelektrik.com.tr\/wp-content\/uploads\/2024\/09\/cerez-736x1536.jpg 736w, https:\/\/www.4aelektrik.com.tr\/wp-content\/uploads\/2024\/09\/cerez-981x2048.jpg 981w, https:\/\/www.4aelektrik.com.tr\/wp-content\/uploads\/2024\/09\/cerez.jpg 1003w\" sizes=\"(max-width: 491px) 100vw, 491px\" \/><\/figure>","protected":false},"excerpt":{"rendered":"<p>4A ELEKTR\u0130K \u00c7EREZ POL\u0130T\u0130KASI 4A Elektrik Elektronik Tek. San. A.\u015e. (4A ELEKTR\u0130K) bir\u00e7ok web sitesinde oldu\u011fu gibi ziyaret\u00e7ilerin web sitesini daha iyi deneyimlemelerini sa\u011flamak amac\u0131yla \u00e7erez kullanmaktad\u0131r.&nbsp; \u0130\u015fbu \u00c7erez Politikas\u0131 4A ELEKTR\u0130K\u2019in &nbsp;web sitesi ziyaret\u00e7ilerine sitemizde kullan\u0131lan \u00e7erezin tan\u0131m\u0131, \u00e7erez t\u00fcrleri, \u00e7erez tercihlerinin nas\u0131l y\u00f6netilebilece\u011fi konular\u0131nda bilgilendirmek amac\u0131yla haz\u0131rlanm\u0131\u015ft\u0131r. Web sitesinde yer alan \u00e7erez kullan\u0131m&#8230;<\/p>","protected":false},"author":1,"featured_media":0,"parent":0,"menu_order":0,"comment_status":"closed","ping_status":"closed","template":"","meta":{"footnotes":""},"class_list":["post-4299","page","type-page","status-publish","hentry","page--item"],"_links":{"self":[{"href":"https:\/\/www.4aelektrik.com.tr\/en\/wp-json\/wp\/v2\/pages\/4299","targetHints":{"allow":["GET"]}}],"collection":[{"href":"https:\/\/www.4aelektrik.com.tr\/en\/wp-json\/wp\/v2\/pages"}],"about":[{"href":"https:\/\/www.4aelektrik.com.tr\/en\/wp-json\/wp\/v2\/types\/page"}],"author":[{"embeddable":true,"href":"https:\/\/www.4aelektrik.com.tr\/en\/wp-json\/wp\/v2\/users\/1"}],"replies":[{"embeddable":true,"href":"https:\/\/www.4aelektrik.com.tr\/en\/wp-json\/wp\/v2\/comments?post=4299"}],"version-history":[{"count":1,"href":"https:\/\/www.4aelektrik.com.tr\/en\/wp-json\/wp\/v2\/pages\/4299\/revisions"}],"predecessor-version":[{"id":4301,"href":"https:\/\/www.4aelektrik.com.tr\/en\/wp-json\/wp\/v2\/pages\/4299\/revisions\/4301"}],"wp:attachment":[{"href":"https:\/\/www.4aelektrik.com.tr\/en\/wp-json\/wp\/v2\/media?parent=4299"}],"curies":[{"name":"wp","href":"https:\/\/api.w.org\/{rel}","templated":true}]}}