{"id":4792,"date":"2025-02-09T18:52:40","date_gmt":"2025-02-09T15:52:40","guid":{"rendered":"https:\/\/www.4aelektrik.com.tr\/?page_id=4792"},"modified":"2025-02-11T10:17:13","modified_gmt":"2025-02-11T07:17:13","slug":"pano-imalati","status":"publish","type":"page","link":"https:\/\/www.4aelektrik.com.tr\/en\/cozumler-ve-hizmetler\/pano-imalati\/","title":{"rendered":"Panelboard Manufacturing"},"content":{"rendered":"<div data-elementor-type=\"wp-page\" data-elementor-id=\"4792\" class=\"elementor elementor-4792\">\n\t\t\t\t\t\t<section class=\"elementor-section elementor-top-section elementor-element elementor-element-dd687d0 elementor-section-boxed elementor-section-height-default elementor-section-height-default\" data-id=\"dd687d0\" data-element_type=\"section\" data-e-type=\"section\">\n\t\t\t\t\t\t<div class=\"elementor-container elementor-column-gap-default\">\n\t\t\t\t\t<div class=\"elementor-column elementor-col-100 elementor-top-column elementor-element elementor-element-db941f5\" data-id=\"db941f5\" data-element_type=\"column\" data-e-type=\"column\">\n\t\t\t<div class=\"elementor-widget-wrap elementor-element-populated\">\n\t\t\t\t\t\t<section class=\"elementor-section elementor-inner-section elementor-element elementor-element-5b4444b elementor-section-full_width elementor-section-height-default elementor-section-height-default\" data-id=\"5b4444b\" data-element_type=\"section\" data-e-type=\"section\">\n\t\t\t\t\t\t<div class=\"elementor-container elementor-column-gap-no\">\n\t\t\t\t\t<div class=\"elementor-column elementor-col-50 elementor-inner-column elementor-element elementor-element-8ba6101 page-single\" data-id=\"8ba6101\" data-element_type=\"column\" data-e-type=\"column\">\n\t\t\t<div class=\"elementor-widget-wrap elementor-element-populated\">\n\t\t\t\t\t\t<div class=\"elementor-element elementor-element-71ac6f4 page-img elementor-widget elementor-widget-image\" data-id=\"71ac6f4\" data-element_type=\"widget\" data-e-type=\"widget\" data-widget_type=\"image.default\">\n\t\t\t\t<div class=\"elementor-widget-container\">\n\t\t\t\t\t\t\t\t\t\t\t\t\t\t\t<img fetchpriority=\"high\" decoding=\"async\" width=\"874\" height=\"580\" src=\"https:\/\/www.4aelektrik.com.tr\/wp-content\/uploads\/2025\/02\/Pano_Imalat_2-e1738933003645.jpg\" class=\"attachment-full size-full wp-image-4808\" alt=\"\" srcset=\"https:\/\/www.4aelektrik.com.tr\/wp-content\/uploads\/2025\/02\/Pano_Imalat_2-e1738933003645.jpg 874w, https:\/\/www.4aelektrik.com.tr\/wp-content\/uploads\/2025\/02\/Pano_Imalat_2-e1738933003645-300x199.jpg 300w, https:\/\/www.4aelektrik.com.tr\/wp-content\/uploads\/2025\/02\/Pano_Imalat_2-e1738933003645-768x510.jpg 768w, https:\/\/www.4aelektrik.com.tr\/wp-content\/uploads\/2025\/02\/Pano_Imalat_2-e1738933003645-600x398.jpg 600w\" sizes=\"(max-width: 874px) 100vw, 874px\" \/>\t\t\t\t\t\t\t\t\t\t\t\t\t\t\t<\/div>\n\t\t\t\t<\/div>\n\t\t\t\t<div class=\"elementor-element elementor-element-9257c4d h3 page-title elementor-widget elementor-widget-heading\" data-id=\"9257c4d\" data-element_type=\"widget\" data-e-type=\"widget\" data-widget_type=\"heading.default\">\n\t\t\t\t<div class=\"elementor-widget-container\">\n\t\t\t\t\t<h3 class=\"elementor-heading-title elementor-size-default\"><h2 style=\"font-family: Barlow, sans-serif;white-space: normal\">Panelboard Manufacturing<\/h2><\/h3>\t\t\t\t<\/div>\n\t\t\t\t<\/div>\n\t\t\t\t<div class=\"elementor-element elementor-element-700b652 elementor-widget elementor-widget-text-editor\" data-id=\"700b652\" data-element_type=\"widget\" data-e-type=\"widget\" data-widget_type=\"text-editor.default\">\n\t\t\t\t<div class=\"elementor-widget-container\">\n\t\t\t\t\t\t\t\t\t<p><strong>4A ELEKTRIK<\/strong>, utilizing its fully equipped 700m\u00b2 manufacturing facility is capable to supply the required LV &amp; MV solutions for\nall needs.<\/p><ul><li>Type tested Metal-Clad and Metal-Enclosed MV switchgear<\/li><li>Type tested Low Voltage (LV) Main Switchboard and Sub Distribution boards<\/li><li>Fixed or withdrawable (WWW) MCC panelboards<\/li><li>Protection panelboards,<\/li><li>Automation (RTU, PLC etc) panelboards<\/li><li>Control panelboards<\/li><li>Auxiliary services panelboards<\/li><li>Marshalling Kiosks<\/li><li>Special (AVR, Synchronization, local SCADA etc) panelboards<\/li><\/ul>\t\t\t\t\t\t\t\t<\/div>\n\t\t\t\t<\/div>\n\t\t\t\t\t<\/div>\n\t\t<\/div>\n\t\t\t\t<div class=\"elementor-column elementor-col-50 elementor-inner-column elementor-element elementor-element-9d8bc2c\" data-id=\"9d8bc2c\" data-element_type=\"column\" data-e-type=\"column\">\n\t\t\t<div class=\"elementor-widget-wrap elementor-element-populated\">\n\t\t\t\t\t\t<div class=\"elementor-element elementor-element-a438f76 elementor-widget elementor-widget-nav-menu\" data-id=\"a438f76\" data-element_type=\"widget\" data-e-type=\"widget\" data-widget_type=\"nav-menu.default\">\n\t\t\t\t<div class=\"elementor-widget-container\">\n\t\t\t\t\t \t\t\t\t<\/div>\n\t\t\t\t<\/div>\n\t\t\t\t<div class=\"elementor-element elementor-element-b8aa450 elementor-widget__width-initial elementor-widget elementor-widget-text-editor\" data-id=\"b8aa450\" data-element_type=\"widget\" data-e-type=\"widget\" data-widget_type=\"text-editor.default\">\n\t\t\t\t<div class=\"elementor-widget-container\">\n\t\t\t\t\t\t\t\t\t<div class=\"widget widget_banner\" data-bg-src=\"https:\/\/themeholy.com\/wordpress\/test\/wp-content\/uploads\/2023\/03\/widget_banner-1.jpg\"><div class=\"widget-banner\"><span class=\"text\">WE ARE WITH YOU<\/span><h2 class=\"title\">FOR DETAILED INFORMATION<\/h2><p><a class=\"th-btn style3\" href=\"\/en\/iletisim\/\">Contact Us<\/a><\/p><\/div><\/div>\t\t\t\t\t\t\t\t<\/div>\n\t\t\t\t<\/div>\n\t\t\t\t\t<\/div>\n\t\t<\/div>\n\t\t\t\t\t<\/div>\n\t\t<\/section>\n\t\t\t\t\t<\/div>\n\t\t<\/div>\n\t\t\t\t\t<\/div>\n\t\t<\/section>\n\t\t\t\t<\/div>","protected":false},"excerpt":{"rendered":"<p>Pano \u0130malat\u0131 4A ELEKTR\u0130K, t\u00fcm ihtiya\u00e7lar\u0131 kar\u015f\u0131layacak \u015fekilde gerekli ekipmanla donat\u0131lm\u0131\u015f 700m\u00b2 kapal\u0131 alanda faaliyet g\u00f6steren \u00fcretim tesisi ile, AG ve OG pano ihtiya\u00e7lar\u0131n\u0131 en do\u011fru ve h\u0131zl\u0131 \u00e7\u00f6z\u00fcmlerle kar\u015f\u0131lamaktad\u0131r. Tip testli Metal B\u00f6lmeli ve Metal Muhafazal\u0131 MV h\u00fccreler Tip testli Al\u00e7ak Gerilim (AG) ADP ve tali da\u011f\u0131t\u0131m panolar\u0131 Sabit ya da \u00e7ekmeceli tipte MCC&#8230;<\/p>","protected":false},"author":1,"featured_media":0,"parent":527,"menu_order":10,"comment_status":"closed","ping_status":"closed","template":"","meta":{"footnotes":""},"class_list":["post-4792","page","type-page","status-publish","hentry"],"_links":{"self":[{"href":"https:\/\/www.4aelektrik.com.tr\/en\/wp-json\/wp\/v2\/pages\/4792","targetHints":{"allow":["GET"]}}],"collection":[{"href":"https:\/\/www.4aelektrik.com.tr\/en\/wp-json\/wp\/v2\/pages"}],"about":[{"href":"https:\/\/www.4aelektrik.com.tr\/en\/wp-json\/wp\/v2\/types\/page"}],"author":[{"embeddable":true,"href":"https:\/\/www.4aelektrik.com.tr\/en\/wp-json\/wp\/v2\/users\/1"}],"replies":[{"embeddable":true,"href":"https:\/\/www.4aelektrik.com.tr\/en\/wp-json\/wp\/v2\/comments?post=4792"}],"version-history":[{"count":26,"href":"https:\/\/www.4aelektrik.com.tr\/en\/wp-json\/wp\/v2\/pages\/4792\/revisions"}],"predecessor-version":[{"id":4959,"href":"https:\/\/www.4aelektrik.com.tr\/en\/wp-json\/wp\/v2\/pages\/4792\/revisions\/4959"}],"up":[{"embeddable":true,"href":"https:\/\/www.4aelektrik.com.tr\/en\/wp-json\/wp\/v2\/pages\/527"}],"wp:attachment":[{"href":"https:\/\/www.4aelektrik.com.tr\/en\/wp-json\/wp\/v2\/media?parent=4792"}],"curies":[{"name":"wp","href":"https:\/\/api.w.org\/{rel}","templated":true}]}}