{"id":4828,"date":"2025-02-09T19:33:15","date_gmt":"2025-02-09T16:33:15","guid":{"rendered":"https:\/\/www.4aelektrik.com.tr\/?page_id=4828"},"modified":"2025-02-11T10:16:33","modified_gmt":"2025-02-11T07:16:33","slug":"urun-satis-ve-teknik-destek","status":"publish","type":"page","link":"https:\/\/www.4aelektrik.com.tr\/en\/cozumler-ve-hizmetler\/urun-satis-ve-teknik-destek\/","title":{"rendered":"Product Sales and Technical Support"},"content":{"rendered":"<div data-elementor-type=\"wp-page\" data-elementor-id=\"4828\" class=\"elementor elementor-4828\">\n\t\t\t\t\t\t<section class=\"elementor-section elementor-top-section elementor-element elementor-element-4a627ba elementor-section-boxed elementor-section-height-default elementor-section-height-default\" data-id=\"4a627ba\" data-element_type=\"section\" data-e-type=\"section\">\n\t\t\t\t\t\t<div class=\"elementor-container elementor-column-gap-default\">\n\t\t\t\t\t<div class=\"elementor-column elementor-col-100 elementor-top-column elementor-element elementor-element-f1805a9\" data-id=\"f1805a9\" data-element_type=\"column\" data-e-type=\"column\">\n\t\t\t<div class=\"elementor-widget-wrap elementor-element-populated\">\n\t\t\t\t\t\t<section class=\"elementor-section elementor-inner-section elementor-element elementor-element-f7ce269 elementor-section-full_width elementor-section-height-default elementor-section-height-default\" data-id=\"f7ce269\" data-element_type=\"section\" data-e-type=\"section\">\n\t\t\t\t\t\t<div class=\"elementor-container elementor-column-gap-no\">\n\t\t\t\t\t<div class=\"elementor-column elementor-col-50 elementor-inner-column elementor-element elementor-element-9021d12 page-single\" data-id=\"9021d12\" data-element_type=\"column\" data-e-type=\"column\">\n\t\t\t<div class=\"elementor-widget-wrap elementor-element-populated\">\n\t\t\t\t\t\t<div class=\"elementor-element elementor-element-83dd53c page-img elementor-widget elementor-widget-image\" data-id=\"83dd53c\" data-element_type=\"widget\" data-e-type=\"widget\" data-widget_type=\"image.default\">\n\t\t\t\t<div class=\"elementor-widget-container\">\n\t\t\t\t\t\t\t\t\t\t\t\t\t\t\t<img fetchpriority=\"high\" decoding=\"async\" width=\"748\" height=\"509\" src=\"https:\/\/www.4aelektrik.com.tr\/wp-content\/uploads\/2024\/05\/enerjiyonetim.png\" class=\"attachment-full size-full wp-image-3796\" alt=\"\" srcset=\"https:\/\/www.4aelektrik.com.tr\/wp-content\/uploads\/2024\/05\/enerjiyonetim.png 748w, https:\/\/www.4aelektrik.com.tr\/wp-content\/uploads\/2024\/05\/enerjiyonetim-600x408.png 600w, https:\/\/www.4aelektrik.com.tr\/wp-content\/uploads\/2024\/05\/enerjiyonetim-300x204.png 300w\" sizes=\"(max-width: 748px) 100vw, 748px\" \/>\t\t\t\t\t\t\t\t\t\t\t\t\t\t\t<\/div>\n\t\t\t\t<\/div>\n\t\t\t\t<div class=\"elementor-element elementor-element-3d44165 h3 page-title elementor-widget elementor-widget-heading\" data-id=\"3d44165\" data-element_type=\"widget\" data-e-type=\"widget\" data-widget_type=\"heading.default\">\n\t\t\t\t<div class=\"elementor-widget-container\">\n\t\t\t\t\t<h3 class=\"elementor-heading-title elementor-size-default\"><h2 style=\"font-family: Barlow, sans-serif;white-space: normal\">Product Sales and Technical Support<\/h2><\/h3>\t\t\t\t<\/div>\n\t\t\t\t<\/div>\n\t\t\t\t<div class=\"elementor-element elementor-element-0d1de76 elementor-widget elementor-widget-text-editor\" data-id=\"0d1de76\" data-element_type=\"widget\" data-e-type=\"widget\" data-widget_type=\"text-editor.default\">\n\t\t\t\t<div class=\"elementor-widget-container\">\n\t\t\t\t\t\t\t\t\t<p><strong>4A ELEKTRIK<\/strong>, has been performing sales and marketing activities of unique products from reputable brands and also provide\ntechnical support for these products that comes from the industry expertise and technical capabilities.<\/p><ul><li>High voltage protection relays<\/li><li>Energy automation products<\/li><li>Electrical test equipment and test sets<\/li><li>Communication products for electrical systems<\/li><li>Transmission line insulators and substation arresters<\/li><li>Energy automation software<\/li><li>Power quality analysers and compensation products<\/li><li>SF6 gas handling devices<\/li><\/ul>\t\t\t\t\t\t\t\t<\/div>\n\t\t\t\t<\/div>\n\t\t\t\t\t<\/div>\n\t\t<\/div>\n\t\t\t\t<div class=\"elementor-column elementor-col-50 elementor-inner-column elementor-element elementor-element-06065e2\" data-id=\"06065e2\" data-element_type=\"column\" data-e-type=\"column\">\n\t\t\t<div class=\"elementor-widget-wrap elementor-element-populated\">\n\t\t\t\t\t\t<div class=\"elementor-element elementor-element-71edad6 elementor-widget elementor-widget-text-editor\" data-id=\"71edad6\" data-element_type=\"widget\" data-e-type=\"widget\" data-widget_type=\"text-editor.default\">\n\t\t\t\t<div class=\"elementor-widget-container\">\n\t\t\t\t\t\t\t\t\t<div class=\"widget widget_banner\" data-bg-src=\"https:\/\/themeholy.com\/wordpress\/test\/wp-content\/uploads\/2023\/03\/widget_banner-1.jpg\"><div class=\"widget-banner\"><span class=\"text\">WE ARE WITH YOU<\/span><h2 class=\"title\">FOR DETAILED INFORMATION<\/h2><p><a class=\"th-btn style3\" href=\"\/en\/iletisim\/\">Contact Us<\/a><\/p><\/div><\/div>\t\t\t\t\t\t\t\t<\/div>\n\t\t\t\t<\/div>\n\t\t\t\t\t<\/div>\n\t\t<\/div>\n\t\t\t\t\t<\/div>\n\t\t<\/section>\n\t\t\t\t\t<\/div>\n\t\t<\/div>\n\t\t\t\t\t<\/div>\n\t\t<\/section>\n\t\t\t\t<\/div>","protected":false},"excerpt":{"rendered":"<p>\u00dcr\u00fcn Sat\u0131\u015f ve Teknik Destek 4A ELEKTR\u0130K, sahip oldu\u011fu uzmanl\u0131k ve teknik bilgi birikimi ile arkas\u0131nda g\u00fcvenle durabildi\u011fi g\u00fcvenilir markalar\u0131n \u00f6zel \u00fcr\u00fcnlerinin, ithalat, ihracat, sat\u0131\u015f ve temsilcili\u011fini yapmaktad\u0131r. Y\u00fcksek gerilim koruma r\u00f6leleri Enerji otomasyonu \u00fcr\u00fcnleri Elektrik test cihazlar\u0131 ve test sistemleri Elektrik sistemleri i\u00e7in haberle\u015fme \u00fcr\u00fcnleri Enerji nakil hatt\u0131 izolat\u00f6rleri, parafudrlar Enerji otomasyon yaz\u0131l\u0131mlar\u0131 Enerji&#8230;<\/p>","protected":false},"author":1,"featured_media":0,"parent":527,"menu_order":9,"comment_status":"closed","ping_status":"closed","template":"","meta":{"footnotes":""},"class_list":["post-4828","page","type-page","status-publish","hentry"],"_links":{"self":[{"href":"https:\/\/www.4aelektrik.com.tr\/en\/wp-json\/wp\/v2\/pages\/4828","targetHints":{"allow":["GET"]}}],"collection":[{"href":"https:\/\/www.4aelektrik.com.tr\/en\/wp-json\/wp\/v2\/pages"}],"about":[{"href":"https:\/\/www.4aelektrik.com.tr\/en\/wp-json\/wp\/v2\/types\/page"}],"author":[{"embeddable":true,"href":"https:\/\/www.4aelektrik.com.tr\/en\/wp-json\/wp\/v2\/users\/1"}],"replies":[{"embeddable":true,"href":"https:\/\/www.4aelektrik.com.tr\/en\/wp-json\/wp\/v2\/comments?post=4828"}],"version-history":[{"count":27,"href":"https:\/\/www.4aelektrik.com.tr\/en\/wp-json\/wp\/v2\/pages\/4828\/revisions"}],"predecessor-version":[{"id":4956,"href":"https:\/\/www.4aelektrik.com.tr\/en\/wp-json\/wp\/v2\/pages\/4828\/revisions\/4956"}],"up":[{"embeddable":true,"href":"https:\/\/www.4aelektrik.com.tr\/en\/wp-json\/wp\/v2\/pages\/527"}],"wp:attachment":[{"href":"https:\/\/www.4aelektrik.com.tr\/en\/wp-json\/wp\/v2\/media?parent=4828"}],"curies":[{"name":"wp","href":"https:\/\/api.w.org\/{rel}","templated":true}]}}