{"id":508,"date":"2024-02-04T06:44:27","date_gmt":"2024-02-04T06:44:27","guid":{"rendered":"https:\/\/themeholy.com\/wordpress\/fresh\/?page_id=508"},"modified":"2025-02-09T21:20:03","modified_gmt":"2025-02-09T18:20:03","slug":"hakkimizda","status":"publish","type":"page","link":"https:\/\/www.4aelektrik.com.tr\/en\/kurumsal\/hakkimizda\/","title":{"rendered":"About Us"},"content":{"rendered":"<div data-elementor-type=\"wp-page\" data-elementor-id=\"508\" class=\"elementor elementor-508\">\n\t\t\t\t<div class=\"elementor-element elementor-element-8691a30 e-flex e-con-boxed e-con e-parent\" data-id=\"8691a30\" data-element_type=\"container\" data-e-type=\"container\">\n\t\t\t\t\t<div class=\"e-con-inner\">\n\t\t<div class=\"elementor-element elementor-element-22b0897 e-con-full e-flex e-con e-child\" data-id=\"22b0897\" data-element_type=\"container\" data-e-type=\"container\">\n\t\t\t\t<div class=\"elementor-element elementor-element-cbef141 elementor-widget elementor-widget-image\" data-id=\"cbef141\" data-element_type=\"widget\" data-e-type=\"widget\" data-widget_type=\"image.default\">\n\t\t\t\t<div class=\"elementor-widget-container\">\n\t\t\t\t\t\t\t\t\t\t\t\t\t\t\t<img fetchpriority=\"high\" decoding=\"async\" width=\"751\" height=\"294\" src=\"https:\/\/www.4aelektrik.com.tr\/wp-content\/uploads\/2024\/03\/why_bg_8-1024x401.png\" class=\"attachment-large size-large wp-image-3485\" alt=\"\" srcset=\"https:\/\/www.4aelektrik.com.tr\/wp-content\/uploads\/2024\/03\/why_bg_8-1024x401.png 1024w, https:\/\/www.4aelektrik.com.tr\/wp-content\/uploads\/2024\/03\/why_bg_8-600x235.png 600w, https:\/\/www.4aelektrik.com.tr\/wp-content\/uploads\/2024\/03\/why_bg_8-300x118.png 300w, https:\/\/www.4aelektrik.com.tr\/wp-content\/uploads\/2024\/03\/why_bg_8-768x301.png 768w, https:\/\/www.4aelektrik.com.tr\/wp-content\/uploads\/2024\/03\/why_bg_8-1536x602.png 1536w, https:\/\/www.4aelektrik.com.tr\/wp-content\/uploads\/2024\/03\/why_bg_8.png 1920w\" sizes=\"(max-width: 751px) 100vw, 751px\" \/>\t\t\t\t\t\t\t\t\t\t\t\t\t\t\t<\/div>\n\t\t\t\t<\/div>\n\t\t\t\t<div class=\"elementor-element elementor-element-9204ebc elementor-widget elementor-widget-tragasectiontitle\" data-id=\"9204ebc\" data-element_type=\"widget\" data-e-type=\"widget\" data-widget_type=\"tragasectiontitle.default\">\n\t\t\t\t<div class=\"elementor-widget-container\">\n\t\t\t\t\t<div class=\"title-area-wrap\"><div class=\"title-area\" ><span class=\"sub-title subtitle-selector\"><img decoding=\"async\" src=\"https:\/\/www.4aelektrik.com.tr\/wp-content\/uploads\/2024\/02\/title_shape_1-1.svg\" alt=\"4Aelektrik\"  class=\"icon me-2\" \/>Corparate<\/span><h2 class=\"sec-title title-selector\"><span class=\"text-theme\">4A Electrical<\/span> Electronics Technology and Industry Co<\/h2><\/div><\/div>\t\t\t\t<\/div>\n\t\t\t\t<\/div>\n\t\t\t\t<div class=\"elementor-element elementor-element-f67c8fc elementor-widget elementor-widget-text-editor\" data-id=\"f67c8fc\" data-element_type=\"widget\" data-e-type=\"widget\" data-widget_type=\"text-editor.default\">\n\t\t\t\t<div class=\"elementor-widget-container\">\n\t\t\t\t\t\t\t\t\t<p>4A Electrical Electronics Technology and Industry Inc. Co. was established in 2005 in Istanbul by bringing together the professional expertise and industry experience of its partners. With a fundamental principle of investing in both technology and human resources, our company aims to differentiate itself in the sector and become a leading force. The successful projects we have undertaken to date stand as proof of this commitment.\n\nSince its establishment, our company has demonstrated steady growth and has become a recognized name in the energy sector, known for its engineering solutions. In 2012, we expanded internationally by launching our Oman subsidiary under the name 4A Electric Electronic Technology Industry LLC. In 2014, we further broadened our operations by incorporating panel manufacturing into our business activities.<\/p>\t\t\t\t\t\t\t\t<\/div>\n\t\t\t\t<\/div>\n\t\t\t\t<\/div>\n\t\t\t\t\t<\/div>\n\t\t\t\t<\/div>\n\t\t<div class=\"elementor-element elementor-element-49a1cbb e-flex e-con-boxed e-con e-parent\" data-id=\"49a1cbb\" data-element_type=\"container\" data-e-type=\"container\">\n\t\t\t\t\t<div class=\"e-con-inner\">\n\t\t\t\t\t<\/div>\n\t\t\t\t<\/div>\n\t\t\t\t<\/div>","protected":false},"excerpt":{"rendered":"<p>Kurumsal 4A Elektrik Elektronik Teknoloji ve Sanayi Anonim \u015eirketi 4A Elektrik Elektronik Teknoloji ve Sanayi Anonim \u015eirketi, ortaklar\u0131n\u0131n mesleki faaliyetleri ve sekt\u00f6rdeki deneyimlerinin bir araya getirilmesiyle 2005 y\u0131l\u0131nda \u0130stanbul\u2019da kurulmu\u015ftur. Teknolojiye ve insana yat\u0131r\u0131m\u0131 ilke edinerek sekt\u00f6rde farkl\u0131la\u015fmay\u0131 ve \u00f6nc\u00fc olmay\u0131 hedefleyen firmam\u0131z g\u00fcn\u00fcm\u00fcze kadar yapm\u0131\u015f oldu\u011fu i\u015flerle bunu ispatlam\u0131\u015ft\u0131r. Firmam\u0131z, kuruldu\u011fu tarihten bug\u00fcne kadar&#8230;<\/p>","protected":false},"author":1,"featured_media":0,"parent":4100,"menu_order":0,"comment_status":"closed","ping_status":"closed","template":"template-builder.php","meta":{"footnotes":""},"class_list":["post-508","page","type-page","status-publish","hentry"],"_links":{"self":[{"href":"https:\/\/www.4aelektrik.com.tr\/en\/wp-json\/wp\/v2\/pages\/508","targetHints":{"allow":["GET"]}}],"collection":[{"href":"https:\/\/www.4aelektrik.com.tr\/en\/wp-json\/wp\/v2\/pages"}],"about":[{"href":"https:\/\/www.4aelektrik.com.tr\/en\/wp-json\/wp\/v2\/types\/page"}],"author":[{"embeddable":true,"href":"https:\/\/www.4aelektrik.com.tr\/en\/wp-json\/wp\/v2\/users\/1"}],"replies":[{"embeddable":true,"href":"https:\/\/www.4aelektrik.com.tr\/en\/wp-json\/wp\/v2\/comments?post=508"}],"version-history":[{"count":23,"href":"https:\/\/www.4aelektrik.com.tr\/en\/wp-json\/wp\/v2\/pages\/508\/revisions"}],"predecessor-version":[{"id":4855,"href":"https:\/\/www.4aelektrik.com.tr\/en\/wp-json\/wp\/v2\/pages\/508\/revisions\/4855"}],"up":[{"embeddable":true,"href":"https:\/\/www.4aelektrik.com.tr\/en\/wp-json\/wp\/v2\/pages\/4100"}],"wp:attachment":[{"href":"https:\/\/www.4aelektrik.com.tr\/en\/wp-json\/wp\/v2\/media?parent=508"}],"curies":[{"name":"wp","href":"https:\/\/api.w.org\/{rel}","templated":true}]}}