{"id":527,"date":"2024-02-04T09:09:26","date_gmt":"2024-02-04T09:09:26","guid":{"rendered":"https:\/\/themeholy.com\/wordpress\/fresh\/?page_id=527"},"modified":"2025-02-09T19:38:43","modified_gmt":"2025-02-09T16:38:43","slug":"cozumler-ve-hizmetler","status":"publish","type":"page","link":"https:\/\/www.4aelektrik.com.tr\/en\/cozumler-ve-hizmetler\/","title":{"rendered":"Solutions &amp; Services"},"content":{"rendered":"<div data-elementor-type=\"wp-page\" data-elementor-id=\"527\" class=\"elementor elementor-527\">\n\t\t\t\t\t\t<section class=\"elementor-section elementor-top-section elementor-element elementor-element-1967ce0e elementor-section-boxed elementor-section-height-default elementor-section-height-default\" data-id=\"1967ce0e\" data-element_type=\"section\" data-e-type=\"section\">\n\t\t\t\t\t\t<div class=\"elementor-container elementor-column-gap-default\">\n\t\t\t\t\t<div class=\"elementor-column elementor-col-100 elementor-top-column elementor-element elementor-element-43cd6db7\" data-id=\"43cd6db7\" data-element_type=\"column\" data-e-type=\"column\">\n\t\t\t<div class=\"elementor-widget-wrap elementor-element-populated\">\n\t\t\t\t\t\t<div class=\"elementor-element elementor-element-f628dbb elementor-widget elementor-widget-tragasectiontitle\" data-id=\"f628dbb\" data-element_type=\"widget\" data-e-type=\"widget\" data-widget_type=\"tragasectiontitle.default\">\n\t\t\t\t<div class=\"elementor-widget-container\">\n\t\t\t\t\t<div class=\"title-area-wrap\"><div class=\"title-area\" ><div class=\"shadow-title\">4A ELEKTRIK<\/div><span class=\"sub-title subtitle-selector\"><img decoding=\"async\" src=\"https:\/\/www.4aelektrik.com.tr\/wp-content\/uploads\/2024\/02\/title_shape_2.svg\" alt=\"4Aelektrik\"  class=\"icon me-2\" \/>4A ELEKTRIK<\/span><h2 class=\"sec-title title-selector\">Solutions <span class=\"text-theme\">&amp;<\/span> Services <\/h2><\/div><\/div>\t\t\t\t<\/div>\n\t\t\t\t<\/div>\n\t\t\t\t<div class=\"elementor-element elementor-element-78b334b5 elementor-widget elementor-widget-tragaservice\" data-id=\"78b334b5\" data-element_type=\"widget\" data-e-type=\"widget\" data-widget_type=\"tragaservice.default\">\n\t\t\t\t<div class=\"elementor-widget-container\">\n\t\t\t\t\t\r\n\t\t\t<div class=\"service-style4\">\r\n\t\t\t\t<div class=\"swiper th-slider has-shadow\" data-slider-options='{\"loop\":true,\"breakpoints\":{\"0\":{\"slidesPerView\":1},\"576\":{\"slidesPerView\":\"1\"},\"768\":{\"slidesPerView\":\"2\"},\"992\":{\"slidesPerView\":\"2\"},\"1200\":{\"slidesPerView\":\"3\"}}}'>\r\n\t\t\t\t\t<div class=\"swiper-wrapper\">\r\n\t\t\t\t\t\t\t\t\t\t\t\t\t<div class=\"swiper-slide\">\r\n\t\t\t\t\t\t\t\t<div class=\"service-3d elementor-box\">\r\n\t\t\t\t\t\t\t\t\t\t\t\t\t\t\t\t\t\t\t<div class=\"service-3d_icon\">\r\n\t\t\t\t\t\t\t\t\t\t\t<img decoding=\"async\" src=\"https:\/\/www.4aelektrik.com.tr\/wp-content\/uploads\/2024\/05\/METRO-SCADA1.jpg\" alt=\"4Aelektrik\"  \/>\t\t\t\t\t\t\t\t\t\t<\/div>\r\n\t\t\t\t\t\t\t\t\t\t\t\t\t\t\t\t\t\t<div class=\"service-3d_content\">\r\n\t\t\t\t\t\t\t\t\t\t\t\t\t\t\t\t\t\t\t\t\t<h3 class=\"box-title\"><a href=\"\/en\/cozumler-ve-hizmetler\/scada-dms-dcs-ems\/\">SCADA \/ DMS \/ DCS \/ EMS<\/a><\/h3>\r\n\t\t\t\t\t\t\t\t\t\t\t\t\t\t\t\t\t\t\t\t\t\t\t\t\t\t\t\t\t\t\t<p class=\"service-3d_text\">4A ELEKTRIK designs and implements modern SCADA systems with the effective use of developing technologies and numerical devices. It aims for continuous development and progress in SCADA systems, especially for electricity production, transmission and distribution systems.<\/p>\r\n\t\t\t\t\t\t\t\t\t\t\t\t\t\t\t\t\t\t\t\t<a href=\"\/en\/cozumler-ve-hizmetler\/scada-dms-dcs-ems\/\" class=\"th-btn\">Service Details<i class=\"fa-regular fa-arrow-right ms-2\"><\/i><\/a>\r\n\t\t\t\t\t\t\t\t\t<\/div>\r\n\t\t\t\t\t\t\t\t<\/div>\r\n\t\t\t\t\t\t\t<\/div>\r\n\t\t\t\t\t\t\t\t\t\t\t\t\t<div class=\"swiper-slide\">\r\n\t\t\t\t\t\t\t\t<div class=\"service-3d elementor-box\">\r\n\t\t\t\t\t\t\t\t\t\t\t\t\t\t\t\t\t\t\t<div class=\"service-3d_icon\">\r\n\t\t\t\t\t\t\t\t\t\t\t<img decoding=\"async\" src=\"https:\/\/www.4aelektrik.com.tr\/wp-content\/uploads\/2024\/05\/site_service.png\" alt=\"4Aelektrik\"  \/>\t\t\t\t\t\t\t\t\t\t<\/div>\r\n\t\t\t\t\t\t\t\t\t\t\t\t\t\t\t\t\t\t<div class=\"service-3d_content\">\r\n\t\t\t\t\t\t\t\t\t\t\t\t\t\t\t\t\t\t\t\t\t<h3 class=\"box-title\"><a href=\"\/en\/cozumler-ve-hizmetler\/enerji-yonetim-sistemleri\/\">Energy Management Systems<\/a><\/h3>\r\n\t\t\t\t\t\t\t\t\t\t\t\t\t\t\t\t\t\t\t\t\t\t\t\t\t\t\t\t\t\t\t<p class=\"service-3d_text\">4A ELEKTRIK carries out the design and manufacturing of advanced systems in energy management systems with its deep technological infrastructure and capabilities.<\/p>\r\n\t\t\t\t\t\t\t\t\t\t\t\t\t\t\t\t\t\t\t\t<a href=\"\/en\/cozumler-ve-hizmetler\/enerji-yonetim-sistemleri\/\" class=\"th-btn\">Service Details<i class=\"fa-regular fa-arrow-right ms-2\"><\/i><\/a>\r\n\t\t\t\t\t\t\t\t\t<\/div>\r\n\t\t\t\t\t\t\t\t<\/div>\r\n\t\t\t\t\t\t\t<\/div>\r\n\t\t\t\t\t\t\t\t\t\t\t\t\t<div class=\"swiper-slide\">\r\n\t\t\t\t\t\t\t\t<div class=\"service-3d elementor-box\">\r\n\t\t\t\t\t\t\t\t\t\t\t\t\t\t\t\t\t\t\t<div class=\"service-3d_icon\">\r\n\t\t\t\t\t\t\t\t\t\t\t<img decoding=\"async\" src=\"https:\/\/www.4aelektrik.com.tr\/wp-content\/uploads\/2024\/05\/prot_auto.png\" alt=\"4Aelektrik\"  \/>\t\t\t\t\t\t\t\t\t\t<\/div>\r\n\t\t\t\t\t\t\t\t\t\t\t\t\t\t\t\t\t\t<div class=\"service-3d_content\">\r\n\t\t\t\t\t\t\t\t\t\t\t\t\t\t\t\t\t\t\t\t\t<h3 class=\"box-title\"><a href=\"\/en\/cozumler-ve-hizmetler\/koruma-ve-kontrol-sistemleri\/\">Protection and Automation Systems<\/a><\/h3>\r\n\t\t\t\t\t\t\t\t\t\t\t\t\t\t\t\t\t\t\t\t\t\t\t\t\t\t\t\t\t\t\t<p class=\"service-3d_text\">4A ELEKTRIK as a result of its 20 years experience and expertise, designs, manufactures and executes protection and energy\nautomation systems especially in high voltage and medium voltage systems.\nIn this field, the company is not only the follower of the innovative technologies that goes to the extend of digital transfomer\nsubstation automation systems, but the pioneer in implementation and design.<\/p>\r\n\t\t\t\t\t\t\t\t\t\t\t\t\t\t\t\t\t\t\t\t<a href=\"\/en\/cozumler-ve-hizmetler\/koruma-ve-kontrol-sistemleri\/\" class=\"th-btn\">Service Details<i class=\"fa-regular fa-arrow-right ms-2\"><\/i><\/a>\r\n\t\t\t\t\t\t\t\t\t<\/div>\r\n\t\t\t\t\t\t\t\t<\/div>\r\n\t\t\t\t\t\t\t<\/div>\r\n\t\t\t\t\t\t\t\t\t\t\t\t<\/div>\r\n\t\t\t\t<\/div>\r\n\t\t\t<\/div>\r\n\r\n         \r\n    \t\t\t\t\t<\/div>\n\t\t\t\t<\/div>\n\t\t\t\t<div class=\"elementor-element elementor-element-4ef7a4f elementor-widget elementor-widget-tragaservice\" data-id=\"4ef7a4f\" data-element_type=\"widget\" data-e-type=\"widget\" data-widget_type=\"tragaservice.default\">\n\t\t\t\t<div class=\"elementor-widget-container\">\n\t\t\t\t\t\r\n\t\t\t<div class=\"service-style4\">\r\n\t\t\t\t<div class=\"swiper th-slider has-shadow\" data-slider-options='{\"loop\":true,\"breakpoints\":{\"0\":{\"slidesPerView\":1},\"576\":{\"slidesPerView\":\"1\"},\"768\":{\"slidesPerView\":\"2\"},\"992\":{\"slidesPerView\":\"2\"},\"1200\":{\"slidesPerView\":\"3\"}}}'>\r\n\t\t\t\t\t<div class=\"swiper-wrapper\">\r\n\t\t\t\t\t\t\t\t\t\t\t\t\t<div class=\"swiper-slide\">\r\n\t\t\t\t\t\t\t\t<div class=\"service-3d elementor-box\">\r\n\t\t\t\t\t\t\t\t\t\t\t\t\t\t\t\t\t\t\t<div class=\"service-3d_icon\">\r\n\t\t\t\t\t\t\t\t\t\t\t<img decoding=\"async\" src=\"https:\/\/www.4aelektrik.com.tr\/wp-content\/uploads\/2024\/05\/Organized-Industrial-Park-1.jpg\" alt=\"4Aelektrik\"  \/>\t\t\t\t\t\t\t\t\t\t<\/div>\r\n\t\t\t\t\t\t\t\t\t\t\t\t\t\t\t\t\t\t<div class=\"service-3d_content\">\r\n\t\t\t\t\t\t\t\t\t\t\t\t\t\t\t\t\t\t\t\t\t<h3 class=\"box-title\"><a href=\"\/en\/cozumler-ve-hizmetler\/anahtar-teslim-projeler\/\">Turnkey Projects<\/a><\/h3>\r\n\t\t\t\t\t\t\t\t\t\t\t\t\t\t\t\t\t\t\t\t\t\t\t\t\t\t\t\t\t\t\t<p class=\"service-3d_text\">4A ELEKTRIK has been providing turnkey solutions and projects to its customers for years.<\/p>\r\n\t\t\t\t\t\t\t\t\t\t\t\t\t\t\t\t\t\t\t\t<a href=\"\/en\/cozumler-ve-hizmetler\/anahtar-teslim-projeler\/\" class=\"th-btn\">Service Details<i class=\"fa-regular fa-arrow-right ms-2\"><\/i><\/a>\r\n\t\t\t\t\t\t\t\t\t<\/div>\r\n\t\t\t\t\t\t\t\t<\/div>\r\n\t\t\t\t\t\t\t<\/div>\r\n\t\t\t\t\t\t\t\t\t\t\t\t\t<div class=\"swiper-slide\">\r\n\t\t\t\t\t\t\t\t<div class=\"service-3d elementor-box\">\r\n\t\t\t\t\t\t\t\t\t\t\t\t\t\t\t\t\t\t\t<div class=\"service-3d_icon\">\r\n\t\t\t\t\t\t\t\t\t\t\t<img decoding=\"async\" src=\"https:\/\/www.4aelektrik.com.tr\/wp-content\/uploads\/2024\/05\/CAMSEKI-RES1.jpg\" alt=\"4Aelektrik\"  \/>\t\t\t\t\t\t\t\t\t\t<\/div>\r\n\t\t\t\t\t\t\t\t\t\t\t\t\t\t\t\t\t\t<div class=\"service-3d_content\">\r\n\t\t\t\t\t\t\t\t\t\t\t\t\t\t\t\t\t\t\t\t\t<h3 class=\"box-title\"><a href=\"\/en\/cozumler-ve-hizmetler\/guc-sistemleri-haberlesme\/\">Power Systems Communications<\/a><\/h3>\r\n\t\t\t\t\t\t\t\t\t\t\t\t\t\t\t\t\t\t\t\t\t\t\t\t\t\t\t\t\t\t\t<p class=\"service-3d_text\">4A ELEKTRIK has the ability to implement applications related to advanced communication systems needed by power systems and implements this as an important business line. Communication solutions applied in energy systems require mastery of advanced communication infrastructures.<\/p>\r\n\t\t\t\t\t\t\t\t\t\t\t\t\t\t\t\t\t\t\t\t<a href=\"\/en\/cozumler-ve-hizmetler\/guc-sistemleri-haberlesme\/\" class=\"th-btn\">Service Details<i class=\"fa-regular fa-arrow-right ms-2\"><\/i><\/a>\r\n\t\t\t\t\t\t\t\t\t<\/div>\r\n\t\t\t\t\t\t\t\t<\/div>\r\n\t\t\t\t\t\t\t<\/div>\r\n\t\t\t\t\t\t\t\t\t\t\t\t\t<div class=\"swiper-slide\">\r\n\t\t\t\t\t\t\t\t<div class=\"service-3d elementor-box\">\r\n\t\t\t\t\t\t\t\t\t\t\t\t\t\t\t\t\t\t\t<div class=\"service-3d_icon\">\r\n\t\t\t\t\t\t\t\t\t\t\t<img decoding=\"async\" src=\"https:\/\/www.4aelektrik.com.tr\/wp-content\/uploads\/2025\/02\/saha_servis_test_devreye_alma.jpg\" alt=\"4Aelektrik\"  \/>\t\t\t\t\t\t\t\t\t\t<\/div>\r\n\t\t\t\t\t\t\t\t\t\t\t\t\t\t\t\t\t\t<div class=\"service-3d_content\">\r\n\t\t\t\t\t\t\t\t\t\t\t\t\t\t\t\t\t\t\t\t\t<h3 class=\"box-title\"><a href=\"\/en\/cozumler-ve-hizmetler\/saha-test-ve-devreye-alma\/\">Field Service, Testing and Commissioning Services<\/a><\/h3>\r\n\t\t\t\t\t\t\t\t\t\t\t\t\t\t\t\t\t\t\t\t\t\t\t\t\t\t\t\t\t\t\t<p class=\"service-3d_text\">4A ELEKTRIK is one of the very few organizations that has the ability to perform site work, factory and site acceptance tests of all systems it sells and undertakes in its own right. At the same time, in addition to the systems it undertakes, it also provides field service, testing and commissioning services to its domestic and international private customers.<\/p>\r\n\t\t\t\t\t\t\t\t\t\t\t\t\t\t\t\t\t\t\t\t<a href=\"\/en\/cozumler-ve-hizmetler\/saha-test-ve-devreye-alma\/\" class=\"th-btn\">Service Details<i class=\"fa-regular fa-arrow-right ms-2\"><\/i><\/a>\r\n\t\t\t\t\t\t\t\t\t<\/div>\r\n\t\t\t\t\t\t\t\t<\/div>\r\n\t\t\t\t\t\t\t<\/div>\r\n\t\t\t\t\t\t\t\t\t\t\t\t<\/div>\r\n\t\t\t\t<\/div>\r\n\t\t\t<\/div>\r\n\r\n         \r\n    \t\t\t\t\t<\/div>\n\t\t\t\t<\/div>\n\t\t\t\t<div class=\"elementor-element elementor-element-2ef7daa elementor-widget elementor-widget-tragaservice\" data-id=\"2ef7daa\" data-element_type=\"widget\" data-e-type=\"widget\" data-widget_type=\"tragaservice.default\">\n\t\t\t\t<div class=\"elementor-widget-container\">\n\t\t\t\t\t\r\n\t\t\t<div class=\"service-style4\">\r\n\t\t\t\t<div class=\"swiper th-slider has-shadow\" data-slider-options='{\"loop\":true,\"breakpoints\":{\"0\":{\"slidesPerView\":1},\"576\":{\"slidesPerView\":\"1\"},\"768\":{\"slidesPerView\":\"2\"},\"992\":{\"slidesPerView\":\"2\"},\"1200\":{\"slidesPerView\":\"3\"}}}'>\r\n\t\t\t\t\t<div class=\"swiper-wrapper\">\r\n\t\t\t\t\t\t\t\t\t\t\t\t\t<div class=\"swiper-slide\">\r\n\t\t\t\t\t\t\t\t<div class=\"service-3d elementor-box\">\r\n\t\t\t\t\t\t\t\t\t\t\t\t\t\t\t\t\t\t\t<div class=\"service-3d_icon\">\r\n\t\t\t\t\t\t\t\t\t\t\t<img decoding=\"async\" src=\"https:\/\/www.4aelektrik.com.tr\/wp-content\/uploads\/2024\/05\/engineering.png\" alt=\"4Aelektrik\"  \/>\t\t\t\t\t\t\t\t\t\t<\/div>\r\n\t\t\t\t\t\t\t\t\t\t\t\t\t\t\t\t\t\t<div class=\"service-3d_content\">\r\n\t\t\t\t\t\t\t\t\t\t\t\t\t\t\t\t\t\t\t\t\t<h3 class=\"box-title\"><a href=\"\/en\/cozumler-ve-hizmetler\/guc-sistemleri-muhendislik-hizmetleri\/\">Power Systems Engineering Services<\/a><\/h3>\r\n\t\t\t\t\t\t\t\t\t\t\t\t\t\t\t\t\t\t\t\t\t\t\t\t\t\t\t\t\t\t\t<p class=\"service-3d_text\">4A ELEKTRIK has been providing engineering services in various fields for energy facilities for many years, consistently ensuring high quality, reliability, and innovative solutions in every project it undertakes.<\/p>\r\n\t\t\t\t\t\t\t\t\t\t\t\t\t\t\t\t\t\t\t\t<a href=\"\/en\/cozumler-ve-hizmetler\/guc-sistemleri-muhendislik-hizmetleri\/\" class=\"th-btn\">Service Details<i class=\"fa-regular fa-arrow-right ms-2\"><\/i><\/a>\r\n\t\t\t\t\t\t\t\t\t<\/div>\r\n\t\t\t\t\t\t\t\t<\/div>\r\n\t\t\t\t\t\t\t<\/div>\r\n\t\t\t\t\t\t\t\t\t\t\t\t\t<div class=\"swiper-slide\">\r\n\t\t\t\t\t\t\t\t<div class=\"service-3d elementor-box\">\r\n\t\t\t\t\t\t\t\t\t\t\t\t\t\t\t\t\t\t\t<div class=\"service-3d_icon\">\r\n\t\t\t\t\t\t\t\t\t\t\t<img decoding=\"async\" src=\"https:\/\/www.4aelektrik.com.tr\/wp-content\/uploads\/2025\/01\/Egitim_ve_danismanlik.jpg\" alt=\"4Aelektrik\"  \/>\t\t\t\t\t\t\t\t\t\t<\/div>\r\n\t\t\t\t\t\t\t\t\t\t\t\t\t\t\t\t\t\t<div class=\"service-3d_content\">\r\n\t\t\t\t\t\t\t\t\t\t\t\t\t\t\t\t\t\t\t\t\t<h3 class=\"box-title\"><a href=\"\/en\/cozumler-ve-hizmetler\/egitim-ve-danismanlik-hizmetleri\/\">Training and Consulting Services<\/a><\/h3>\r\n\t\t\t\t\t\t\t\t\t\t\t\t\t\t\t\t\t\t\t\t\t\t\t\t\t\t\t\t\t\t\t<p class=\"service-3d_text\">4A ELEKTRIK offers training and consultancy services to its customers with its high technical capability and continuous internal training programs. 4A ELEKTR\u0130K can provide services in many areas, from the study and feasibility studies of facilities to operator and business training.<\/p>\r\n\t\t\t\t\t\t\t\t\t\t\t\t\t\t\t\t\t\t\t\t<a href=\"\/en\/cozumler-ve-hizmetler\/egitim-ve-danismanlik-hizmetleri\/\" class=\"th-btn\">Service Details<i class=\"fa-regular fa-arrow-right ms-2\"><\/i><\/a>\r\n\t\t\t\t\t\t\t\t\t<\/div>\r\n\t\t\t\t\t\t\t\t<\/div>\r\n\t\t\t\t\t\t\t<\/div>\r\n\t\t\t\t\t\t\t\t\t\t\t\t\t<div class=\"swiper-slide\">\r\n\t\t\t\t\t\t\t\t<div class=\"service-3d elementor-box\">\r\n\t\t\t\t\t\t\t\t\t\t\t\t\t\t\t\t\t\t\t<div class=\"service-3d_icon\">\r\n\t\t\t\t\t\t\t\t\t\t\t<img decoding=\"async\" src=\"https:\/\/www.4aelektrik.com.tr\/wp-content\/uploads\/2024\/05\/enerjiyonetim.png\" alt=\"4Aelektrik\"  \/>\t\t\t\t\t\t\t\t\t\t<\/div>\r\n\t\t\t\t\t\t\t\t\t\t\t\t\t\t\t\t\t\t<div class=\"service-3d_content\">\r\n\t\t\t\t\t\t\t\t\t\t\t\t\t\t\t\t\t\t\t\t\t<h3 class=\"box-title\"><a href=\"\/en\/urun-satis-ve-teknik-destek\/\">Product Sales and Technical Support<\/a><\/h3>\r\n\t\t\t\t\t\t\t\t\t\t\t\t\t\t\t\t\t\t\t\t\t\t\t\t\t\t\t\t\t\t\t<p class=\"service-3d_text\">4A ELEKTRIK carries out the import, export, sales, and representation of special products from trusted and reliable brands, which it can confidently stand behind thanks to its expertise, technical knowledge, and years of experience.<\/p>\r\n\t\t\t\t\t\t\t\t\t\t\t\t\t\t\t\t\t\t\t\t<a href=\"\/en\/urun-satis-ve-teknik-destek\/\" class=\"th-btn\">Service Details<i class=\"fa-regular fa-arrow-right ms-2\"><\/i><\/a>\r\n\t\t\t\t\t\t\t\t\t<\/div>\r\n\t\t\t\t\t\t\t\t<\/div>\r\n\t\t\t\t\t\t\t<\/div>\r\n\t\t\t\t\t\t\t\t\t\t\t\t<\/div>\r\n\t\t\t\t<\/div>\r\n\t\t\t<\/div>\r\n\r\n         \r\n    \t\t\t\t\t<\/div>\n\t\t\t\t<\/div>\n\t\t\t\t<div class=\"elementor-element elementor-element-48e7952 elementor-widget elementor-widget-tragaservice\" data-id=\"48e7952\" data-element_type=\"widget\" data-e-type=\"widget\" data-widget_type=\"tragaservice.default\">\n\t\t\t\t<div class=\"elementor-widget-container\">\n\t\t\t\t\t\r\n\t\t\t<div class=\"service-style4\">\r\n\t\t\t\t<div class=\"swiper th-slider has-shadow\" data-slider-options='{\"loop\":true,\"breakpoints\":{\"0\":{\"slidesPerView\":1},\"576\":{\"slidesPerView\":\"1\"},\"768\":{\"slidesPerView\":\"2\"},\"992\":{\"slidesPerView\":\"2\"},\"1200\":{\"slidesPerView\":\"3\"}}}'>\r\n\t\t\t\t\t<div class=\"swiper-wrapper\">\r\n\t\t\t\t\t\t\t\t\t\t\t\t\t<div class=\"swiper-slide\">\r\n\t\t\t\t\t\t\t\t<div class=\"service-3d elementor-box\">\r\n\t\t\t\t\t\t\t\t\t\t\t\t\t\t\t\t\t\t\t<div class=\"service-3d_icon\">\r\n\t\t\t\t\t\t\t\t\t\t\t<img decoding=\"async\" src=\"https:\/\/www.4aelektrik.com.tr\/wp-content\/uploads\/2025\/02\/Pano_Imalat_2-e1738933003645.jpg\" alt=\"4Aelektrik\"  \/>\t\t\t\t\t\t\t\t\t\t<\/div>\r\n\t\t\t\t\t\t\t\t\t\t\t\t\t\t\t\t\t\t<div class=\"service-3d_content\">\r\n\t\t\t\t\t\t\t\t\t\t\t\t\t\t\t\t\t\t\t\t\t<h3 class=\"box-title\"><a href=\"\/en\/pano-imalati\/\">Panel Manufacturing<\/a><\/h3>\r\n\t\t\t\t\t\t\t\t\t\t\t\t\t\t\t\t\t\t\t\t\t\t\t\t\t\t\t\t\t\t\t<p class=\"service-3d_text\">4A ELEKTRIK meets the LV and MV panel needs with highly accurate and fast solutions, provided by its 700m\u00b2 production facility, which is fully equipped with the necessary tools and infrastructure to fulfill all customer requirements.<\/p>\r\n\t\t\t\t\t\t\t\t\t\t\t\t\t\t\t\t\t\t\t\t<a href=\"\/en\/pano-imalati\/\" class=\"th-btn\">Service Details<i class=\"fa-regular fa-arrow-right ms-2\"><\/i><\/a>\r\n\t\t\t\t\t\t\t\t\t<\/div>\r\n\t\t\t\t\t\t\t\t<\/div>\r\n\t\t\t\t\t\t\t<\/div>\r\n\t\t\t\t\t\t\t\t\t\t\t\t<\/div>\r\n\t\t\t\t<\/div>\r\n\t\t\t<\/div>\r\n\r\n         \r\n    \t\t\t\t\t<\/div>\n\t\t\t\t<\/div>\n\t\t\t\t\t<\/div>\n\t\t<\/div>\n\t\t\t\t\t<\/div>\n\t\t<\/section>\n\t\t\t\t<section class=\"elementor-section elementor-top-section elementor-element elementor-element-774b64e8 elementor-section-boxed elementor-section-height-default elementor-section-height-default\" data-id=\"774b64e8\" data-element_type=\"section\" data-e-type=\"section\" data-settings=\"{&quot;background_background&quot;:&quot;classic&quot;}\">\n\t\t\t\t\t\t<div class=\"elementor-container elementor-column-gap-default\">\n\t\t\t\t\t<div class=\"elementor-column elementor-col-100 elementor-top-column elementor-element elementor-element-3d6d25a9\" data-id=\"3d6d25a9\" data-element_type=\"column\" data-e-type=\"column\">\n\t\t\t<div class=\"elementor-widget-wrap elementor-element-populated\">\n\t\t\t\t\t\t<div class=\"elementor-element elementor-element-540bed30 elementor-widget__width-initial ms-auto me-auto elementor-widget elementor-widget-tragasectiontitle\" data-id=\"540bed30\" data-element_type=\"widget\" data-e-type=\"widget\" data-widget_type=\"tragasectiontitle.default\">\n\t\t\t\t<div class=\"elementor-widget-container\">\n\t\t\t\t\t<div class=\"title-area-wrap\"><div class=\"title-area\" ><span class=\"sub-title subtitle-selector\"><img decoding=\"async\" src=\"https:\/\/www.4aelektrik.com.tr\/wp-content\/uploads\/2024\/02\/title_shape_2.svg\" alt=\"4Aelektrik\"  class=\"icon me-2\" \/>4A ELEKTRIK<\/span><h2 class=\"sec-title title-selector\">Would you like to work with us?<\/span>Check out our references<\/span><\/h2><\/div><\/div>\t\t\t\t<\/div>\n\t\t\t\t<\/div>\n\t\t\t\t<div class=\"elementor-element elementor-element-188a2d9 elementor-widget elementor-widget-webteckbutton\" data-id=\"188a2d9\" data-element_type=\"widget\" data-e-type=\"widget\" data-widget_type=\"webteckbutton.default\">\n\t\t\t\t<div class=\"elementor-widget-container\">\n\t\t\t\t\t<!-- Button --><div class=\"btn-wrapper center\"><a class=\"th-btn style6 style-radius\" href=\"\/en\/referanslar\/\">References<i class=\"far fa-arrow-right ms-2\"><\/i><\/a><\/div><!-- End Button -->\t\t\t\t<\/div>\n\t\t\t\t<\/div>\n\t\t\t\t\t<\/div>\n\t\t<\/div>\n\t\t\t\t\t<\/div>\n\t\t<\/section>\n\t\t\t\t<\/div>","protected":false},"excerpt":{"rendered":"<p>4A ELEKTR\u0130K4A ELEKTR\u0130K \u00c7\u00d6Z\u00dcMLER VE H\u0130ZMETLER SCADA \/ DMS \/ DCS \/ EMS 4A ELEKTR\u0130K geli\u015fen teknolojiler ve numerik cihazlar\u0131n etkin kullan\u0131m\u0131 ile modern SCADA sistemleri tasarlamakta ve uygulamaktad\u0131r. \u00d6zellikle elektrik \u00fcretim, iletim ve da\u011f\u0131t\u0131m sistemlerine y\u00f6nelik SCADA sistemleri konusunda s\u00fcrekli geli\u015ftirme ve ilerleme hedeflemektedir. H\u0130ZMET DETAYLARI Enerji Y\u00f6netim Sistemleri 4A ELEKTR\u0130K derin teknolojik altyap\u0131s\u0131&#8230;<\/p>","protected":false},"author":1,"featured_media":0,"parent":0,"menu_order":0,"comment_status":"closed","ping_status":"closed","template":"template-builder.php","meta":{"footnotes":""},"class_list":["post-527","page","type-page","status-publish","hentry"],"_links":{"self":[{"href":"https:\/\/www.4aelektrik.com.tr\/en\/wp-json\/wp\/v2\/pages\/527","targetHints":{"allow":["GET"]}}],"collection":[{"href":"https:\/\/www.4aelektrik.com.tr\/en\/wp-json\/wp\/v2\/pages"}],"about":[{"href":"https:\/\/www.4aelektrik.com.tr\/en\/wp-json\/wp\/v2\/types\/page"}],"author":[{"embeddable":true,"href":"https:\/\/www.4aelektrik.com.tr\/en\/wp-json\/wp\/v2\/users\/1"}],"replies":[{"embeddable":true,"href":"https:\/\/www.4aelektrik.com.tr\/en\/wp-json\/wp\/v2\/comments?post=527"}],"version-history":[{"count":160,"href":"https:\/\/www.4aelektrik.com.tr\/en\/wp-json\/wp\/v2\/pages\/527\/revisions"}],"predecessor-version":[{"id":4847,"href":"https:\/\/www.4aelektrik.com.tr\/en\/wp-json\/wp\/v2\/pages\/527\/revisions\/4847"}],"wp:attachment":[{"href":"https:\/\/www.4aelektrik.com.tr\/en\/wp-json\/wp\/v2\/media?parent=527"}],"curies":[{"name":"wp","href":"https:\/\/api.w.org\/{rel}","templated":true}]}}