{"id":560,"date":"2024-02-04T09:13:17","date_gmt":"2024-02-04T09:13:17","guid":{"rendered":"https:\/\/themeholy.com\/wordpress\/fresh\/?page_id=560"},"modified":"2025-02-10T13:26:19","modified_gmt":"2025-02-10T10:26:19","slug":"scada-dms-dcs-ems","status":"publish","type":"page","link":"https:\/\/www.4aelektrik.com.tr\/en\/cozumler-ve-hizmetler\/scada-dms-dcs-ems\/","title":{"rendered":"SCADA \/ DMS \/ DCS \/ EMS"},"content":{"rendered":"\t\t<div data-elementor-type=\"wp-page\" data-elementor-id=\"560\" class=\"elementor elementor-560\">\n\t\t\t\t\t\t<section class=\"elementor-section elementor-top-section elementor-element elementor-element-4a800654 elementor-section-boxed elementor-section-height-default elementor-section-height-default\" data-id=\"4a800654\" data-element_type=\"section\" data-e-type=\"section\">\n\t\t\t\t\t\t<div class=\"elementor-container elementor-column-gap-default\">\n\t\t\t\t\t<div class=\"elementor-column elementor-col-100 elementor-top-column elementor-element elementor-element-1d3b9efc\" data-id=\"1d3b9efc\" data-element_type=\"column\" data-e-type=\"column\">\n\t\t\t<div class=\"elementor-widget-wrap elementor-element-populated\">\n\t\t\t\t\t\t<section class=\"elementor-section elementor-inner-section elementor-element elementor-element-2202ec6e elementor-section-full_width elementor-section-height-default elementor-section-height-default\" data-id=\"2202ec6e\" data-element_type=\"section\" data-e-type=\"section\">\n\t\t\t\t\t\t<div class=\"elementor-container elementor-column-gap-no\">\n\t\t\t\t\t<div class=\"elementor-column elementor-col-50 elementor-inner-column elementor-element elementor-element-3ec19dd5 page-single\" data-id=\"3ec19dd5\" data-element_type=\"column\" data-e-type=\"column\">\n\t\t\t<div class=\"elementor-widget-wrap elementor-element-populated\">\n\t\t\t\t\t\t<div class=\"elementor-element elementor-element-24292833 page-img elementor-widget elementor-widget-image\" data-id=\"24292833\" data-element_type=\"widget\" data-e-type=\"widget\" data-widget_type=\"image.default\">\n\t\t\t\t<div class=\"elementor-widget-container\">\n\t\t\t\t\t\t\t\t\t\t\t\t\t\t\t<img fetchpriority=\"high\" decoding=\"async\" width=\"965\" height=\"642\" src=\"https:\/\/www.4aelektrik.com.tr\/wp-content\/uploads\/2024\/05\/METRO-SCADA1.jpg\" class=\"attachment-full size-full wp-image-3798\" alt=\"\" srcset=\"https:\/\/www.4aelektrik.com.tr\/wp-content\/uploads\/2024\/05\/METRO-SCADA1.jpg 965w, https:\/\/www.4aelektrik.com.tr\/wp-content\/uploads\/2024\/05\/METRO-SCADA1-600x399.jpg 600w, https:\/\/www.4aelektrik.com.tr\/wp-content\/uploads\/2024\/05\/METRO-SCADA1-300x200.jpg 300w, https:\/\/www.4aelektrik.com.tr\/wp-content\/uploads\/2024\/05\/METRO-SCADA1-768x511.jpg 768w\" sizes=\"(max-width: 965px) 100vw, 965px\" \/>\t\t\t\t\t\t\t\t\t\t\t\t\t\t\t<\/div>\n\t\t\t\t<\/div>\n\t\t\t\t<div class=\"elementor-element elementor-element-3e358639 h3 page-title elementor-widget elementor-widget-heading\" data-id=\"3e358639\" data-element_type=\"widget\" data-e-type=\"widget\" data-widget_type=\"heading.default\">\n\t\t\t\t<div class=\"elementor-widget-container\">\n\t\t\t\t\t<h3 class=\"elementor-heading-title elementor-size-default\"><h2 style=\"font-family: Barlow, sans-serif;white-space: normal\">SCADA \/ DMS \/ DCS \/ EMS<\/h2><\/h3>\t\t\t\t<\/div>\n\t\t\t\t<\/div>\n\t\t\t\t\t<\/div>\n\t\t<\/div>\n\t\t\t\t<div class=\"elementor-column elementor-col-50 elementor-inner-column elementor-element elementor-element-5496d82e\" data-id=\"5496d82e\" data-element_type=\"column\" data-e-type=\"column\">\n\t\t\t<div class=\"elementor-widget-wrap elementor-element-populated\">\n\t\t\t\t\t\t<div class=\"elementor-element elementor-element-2ddb3cb elementor-widget elementor-widget-nav-menu\" data-id=\"2ddb3cb\" data-element_type=\"widget\" data-e-type=\"widget\" data-widget_type=\"nav-menu.default\">\n\t\t\t\t<div class=\"elementor-widget-container\">\n\t\t\t\t\t \t\t\t\t<\/div>\n\t\t\t\t<\/div>\n\t\t\t\t<div class=\"elementor-element elementor-element-7f7030d6 elementor-widget elementor-widget-text-editor\" data-id=\"7f7030d6\" data-element_type=\"widget\" data-e-type=\"widget\" data-widget_type=\"text-editor.default\">\n\t\t\t\t<div class=\"elementor-widget-container\">\n\t\t\t\t\t\t\t\t\t<div class=\"widget widget_banner \" data-bg-src=\"https:\/\/themeholy.com\/wordpress\/test\/wp-content\/uploads\/2023\/03\/widget_banner-1.jpg\"><div class=\"widget-banner\"><span class=\"text\">\u0130LET\u0130\u015e\u0130M B\u0130LG\u0130LER\u0130<\/span><h2 class=\"title\">DETAYLI B\u0130LG\u0130N \u0130\u00c7\u0130N<\/h2><p><a class=\"th-btn style3\" href=\"\/iletisim\/\">\u0130LET\u0130\u015e\u0130M<\/a><\/p><\/div><\/div>\t\t\t\t\t\t\t\t<\/div>\n\t\t\t\t<\/div>\n\t\t\t\t\t<\/div>\n\t\t<\/div>\n\t\t\t\t\t<\/div>\n\t\t<\/section>\n\t\t\t\t<div class=\"elementor-element elementor-element-fab3ecb elementor-widget elementor-widget-text-editor\" data-id=\"fab3ecb\" data-element_type=\"widget\" data-e-type=\"widget\" data-widget_type=\"text-editor.default\">\n\t\t\t\t<div class=\"elementor-widget-container\">\n\t\t\t\t\t\t\t\t\t<div class=\"flex-shrink-0 flex flex-col relative items-end\"><div class=\"pt-0\"><div class=\"gizmo-bot-avatar flex h-8 w-8 items-center justify-center overflow-hidden rounded-full\"><div class=\"relative p-1 rounded-sm flex items-center justify-center bg-token-main-surface-primary text-token-text-primary h-8 w-8\">4A ELEKTR\u0130K geli\u015fen teknolojiler ve numerik cihazlar\u0131n etkin kullan\u0131m\u0131 ile modern SCADA sistemleri tasarlamakta ve uygulamaktad\u0131r. \u00d6zellikle elektrik \u00fcretim, iletim ve da\u011f\u0131t\u0131m sistemlerine y\u00f6nelik SCADA sistemleri konusunda s\u00fcrekli geli\u015ftirme ve ilerleme hedeflemektedir.<\/div><\/div><\/div><\/div><div class=\"group\/conversation-turn relative flex w-full min-w-0 flex-col agent-turn\"><div class=\"flex-col gap-1 md:gap-3\"><div class=\"flex max-w-full flex-col flex-grow\"><div class=\"min-h-8 text-message flex w-full flex-col items-end gap-2 whitespace-normal break-words text-start [.text-message+&amp;]:mt-5\" dir=\"auto\" data-message-author-role=\"assistant\" data-message-id=\"ecc13070-7a42-43b3-b650-09f640b01566\" data-message-model-slug=\"gpt-4o\"><div class=\"flex w-full flex-col gap-1 empty:hidden first:pt-[3px]\"><div class=\"markdown prose w-full break-words dark:prose-invert light\"><ul><li>Trafo merkezleri otomasyon sistemleri SCADA\/HMI<br \/>uygulamalar\u0131<\/li><li>\u0130nsans\u0131z merkez yeterlili\u011finde SCADA uygulamalar\u0131<\/li><li>Dinamik elektrik ve haberle\u015fme g\u00f6sterimleri<\/li><li>Enerji Raporlar\u0131, Trendler, Olay ve Ar\u0131za Kay\u0131tlar\u0131<\/li><li>Kullan\u0131c\u0131 yetkilendirme ve kullan\u0131c\u0131 i\u015flemleri kay\u0131tlar\u0131<\/li><li>Da\u011f\u0131t\u0131m Y\u00f6netim Sistemlerine \u00f6zel yaz\u0131l\u0131m ve fonksiyonlar<\/li><li>Da\u011f\u0131t\u0131lm\u0131\u015f Kontrol Sistemleri uygulamalar\u0131<\/li><li>Enerji Y\u00f6netim Sistemleri<\/li><li>Otomatik Uzaktan Saya\u00e7 Okuma sistemleri<\/li><li>Y\u00fck Y\u00f6netimi<\/li><li>Operasyonlar ve Kesinti y\u00f6netimi<\/li><li>K\u0131sa D\u00f6nemli Y\u00fck Tahmini<\/li><li>Otomatik Manevra Program\u0131<\/li><li>Ekip Y\u00f6netimi<\/li><li>Y\u00fck Da\u011f\u0131t\u0131m\u0131<\/li><li>Ar\u0131za Bulma, \u0130zole Etme ve Giderme<\/li><\/ul><\/div><\/div><\/div><\/div><\/div><\/div>\t\t\t\t\t\t\t\t<\/div>\n\t\t\t\t<\/div>\n\t\t\t\t\t<\/div>\n\t\t<\/div>\n\t\t\t\t\t<\/div>\n\t\t<\/section>\n\t\t\t\t<\/div>\n\t\t","protected":false},"excerpt":{"rendered":"<p>SCADA \/ DMS \/ DCS \/ EMS \u0130LET\u0130\u015e\u0130M B\u0130LG\u0130LER\u0130 DETAYLI B\u0130LG\u0130N \u0130\u00c7\u0130N \u0130LET\u0130\u015e\u0130M 4A ELEKTR\u0130K geli\u015fen teknolojiler ve numerik cihazlar\u0131n etkin kullan\u0131m\u0131 ile modern SCADA sistemleri tasarlamakta ve uygulamaktad\u0131r. \u00d6zellikle elektrik \u00fcretim, iletim ve da\u011f\u0131t\u0131m sistemlerine y\u00f6nelik SCADA sistemleri konusunda s\u00fcrekli geli\u015ftirme ve ilerleme hedeflemektedir. Trafo merkezleri otomasyon sistemleri SCADA\/HMIuygulamalar\u0131 \u0130nsans\u0131z merkez yeterlili\u011finde SCADA uygulamalar\u0131&#8230;<\/p>","protected":false},"author":1,"featured_media":0,"parent":527,"menu_order":0,"comment_status":"closed","ping_status":"closed","template":"","meta":{"footnotes":""},"class_list":["post-560","page","type-page","status-publish","hentry"],"_links":{"self":[{"href":"https:\/\/www.4aelektrik.com.tr\/en\/wp-json\/wp\/v2\/pages\/560","targetHints":{"allow":["GET"]}}],"collection":[{"href":"https:\/\/www.4aelektrik.com.tr\/en\/wp-json\/wp\/v2\/pages"}],"about":[{"href":"https:\/\/www.4aelektrik.com.tr\/en\/wp-json\/wp\/v2\/types\/page"}],"author":[{"embeddable":true,"href":"https:\/\/www.4aelektrik.com.tr\/en\/wp-json\/wp\/v2\/users\/1"}],"replies":[{"embeddable":true,"href":"https:\/\/www.4aelektrik.com.tr\/en\/wp-json\/wp\/v2\/comments?post=560"}],"version-history":[{"count":29,"href":"https:\/\/www.4aelektrik.com.tr\/en\/wp-json\/wp\/v2\/pages\/560\/revisions"}],"predecessor-version":[{"id":4899,"href":"https:\/\/www.4aelektrik.com.tr\/en\/wp-json\/wp\/v2\/pages\/560\/revisions\/4899"}],"up":[{"embeddable":true,"href":"https:\/\/www.4aelektrik.com.tr\/en\/wp-json\/wp\/v2\/pages\/527"}],"wp:attachment":[{"href":"https:\/\/www.4aelektrik.com.tr\/en\/wp-json\/wp\/v2\/media?parent=560"}],"curies":[{"name":"wp","href":"https:\/\/api.w.org\/{rel}","templated":true}]}}