{"id":967,"date":"2024-02-06T11:51:27","date_gmt":"2024-02-06T11:51:27","guid":{"rendered":"https:\/\/themeholy.com\/wordpress\/fresh\/?page_id=967"},"modified":"2025-02-08T14:22:34","modified_gmt":"2025-02-08T11:22:34","slug":"iletisim","status":"publish","type":"page","link":"https:\/\/www.4aelektrik.com.tr\/en\/iletisim\/","title":{"rendered":"Contact Us"},"content":{"rendered":"<div data-elementor-type=\"wp-page\" data-elementor-id=\"967\" class=\"elementor elementor-967\">\n\t\t\t\t\t\t<section class=\"elementor-section elementor-top-section elementor-element elementor-element-0ff19cb elementor-section-boxed elementor-section-height-default elementor-section-height-default\" data-id=\"0ff19cb\" data-element_type=\"section\" data-e-type=\"section\">\n\t\t\t\t\t\t<div class=\"elementor-container elementor-column-gap-no\">\n\t\t\t\t\t<div class=\"elementor-column elementor-col-100 elementor-top-column elementor-element elementor-element-3c5cf3d\" data-id=\"3c5cf3d\" data-element_type=\"column\" data-e-type=\"column\">\n\t\t\t<div class=\"elementor-widget-wrap\">\n\t\t\t\t\t\t\t<\/div>\n\t\t<\/div>\n\t\t\t\t\t<\/div>\n\t\t<\/section>\n\t\t\t\t<section class=\"elementor-section elementor-top-section elementor-element elementor-element-cbcf9c2 elementor-section-boxed elementor-section-height-default elementor-section-height-default\" data-id=\"cbcf9c2\" data-element_type=\"section\" data-e-type=\"section\" data-settings=\"{&quot;background_background&quot;:&quot;classic&quot;}\">\n\t\t\t\t\t\t<div class=\"elementor-container elementor-column-gap-no\">\n\t\t\t\t\t<div class=\"elementor-column elementor-col-100 elementor-top-column elementor-element elementor-element-2192b9d\" data-id=\"2192b9d\" data-element_type=\"column\" data-e-type=\"column\">\n\t\t\t<div class=\"elementor-widget-wrap elementor-element-populated\">\n\t\t\t\t\t\t<section class=\"elementor-section elementor-inner-section elementor-element elementor-element-4a12494 elementor-section-boxed elementor-section-height-default elementor-section-height-default\" data-id=\"4a12494\" data-element_type=\"section\" data-e-type=\"section\">\n\t\t\t\t\t\t<div class=\"elementor-container elementor-column-gap-no\">\n\t\t\t\t\t<div class=\"elementor-column elementor-col-50 elementor-inner-column elementor-element elementor-element-ba80bda\" data-id=\"ba80bda\" data-element_type=\"column\" data-e-type=\"column\">\n\t\t\t<div class=\"elementor-widget-wrap elementor-element-populated\">\n\t\t\t\t\t\t<div class=\"elementor-element elementor-element-7da31b1 elementor-widget elementor-widget-tragasectiontitle\" data-id=\"7da31b1\" data-element_type=\"widget\" data-e-type=\"widget\" data-widget_type=\"tragasectiontitle.default\">\n\t\t\t\t<div class=\"elementor-widget-container\">\n\t\t\t\t\t<div class=\"title-area-wrap\"><div class=\"title-area mb-35\" ><span class=\"sub-title subtitle-selector\"><img decoding=\"async\" src=\"https:\/\/www.4aelektrik.com.tr\/wp-content\/uploads\/2024\/02\/title_shape_2.svg\" alt=\"4Aelektrik\"  class=\"icon me-2\" \/>Contact Form<\/span><h2 class=\"sec-title title-selector\">Do you have any question?<\/h2><\/div><p class=\"desc-selector mt-n2 mb-4\">You can contact us regarding the issues you would like to ask us regarding our activities and cooperation. Your questions or information will be answered by us as soon as possible.<\/p><\/div>\t\t\t\t<\/div>\n\t\t\t\t<\/div>\n\t\t\t\t\t<\/div>\n\t\t<\/div>\n\t\t\t\t<div class=\"elementor-column elementor-col-50 elementor-inner-column elementor-element elementor-element-8c85849 elementor-hidden-tablet elementor-hidden-mobile\" data-id=\"8c85849\" data-element_type=\"column\" data-e-type=\"column\">\n\t\t\t<div class=\"elementor-widget-wrap\">\n\t\t\t\t\t\t\t<\/div>\n\t\t<\/div>\n\t\t\t\t\t<\/div>\n\t\t<\/section>\n\t\t\t\t<section class=\"elementor-section elementor-inner-section elementor-element elementor-element-96198ec elementor-section-boxed elementor-section-height-default elementor-section-height-default\" data-id=\"96198ec\" data-element_type=\"section\" data-e-type=\"section\">\n\t\t\t\t\t\t<div class=\"elementor-container elementor-column-gap-no\">\n\t\t\t\t\t<div class=\"elementor-column elementor-col-50 elementor-inner-column elementor-element elementor-element-1086121\" data-id=\"1086121\" data-element_type=\"column\" data-e-type=\"column\">\n\t\t\t<div class=\"elementor-widget-wrap elementor-element-populated\">\n\t\t\t\t\t\t<div class=\"elementor-element elementor-element-3548456 elementor-widget elementor-widget-tragacontactus\" data-id=\"3548456\" data-element_type=\"widget\" data-e-type=\"widget\" data-widget_type=\"tragacontactus.default\">\n\t\t\t\t<div class=\"elementor-widget-container\">\n\t\t\t\t\t<div>\n<div class=\"wpcf7 no-js\" id=\"wpcf7-f3181-o1\" lang=\"en-US\" dir=\"ltr\" data-wpcf7-id=\"3181\">\n<div class=\"screen-reader-response\"><p role=\"status\" aria-live=\"polite\" aria-atomic=\"true\"><\/p> <ul><\/ul><\/div>\n<form action=\"\/en\/wp-json\/wp\/v2\/pages\/967#wpcf7-f3181-o1\" method=\"post\" class=\"wpcf7-form init\" aria-label=\"Contact form\" novalidate=\"novalidate\" data-status=\"init\" data-trp-original-action=\"\/en\/wp-json\/wp\/v2\/pages\/967#wpcf7-f3181-o1\">\n<fieldset class=\"hidden-fields-container\"><input type=\"hidden\" name=\"_wpcf7\" value=\"3181\" \/><input type=\"hidden\" name=\"_wpcf7_version\" value=\"6.1.5\" \/><input type=\"hidden\" name=\"_wpcf7_locale\" value=\"en_US\" \/><input type=\"hidden\" name=\"_wpcf7_unit_tag\" value=\"wpcf7-f3181-o1\" \/><input type=\"hidden\" name=\"_wpcf7_container_post\" value=\"0\" \/><input type=\"hidden\" name=\"_wpcf7_posted_data_hash\" value=\"\" \/>\n<\/fieldset>\n<div class=\"appoitment-form\">\n\t<div class=\"row\">\n\t\t<div class=\"form-group col-sm-6\">\n                      <span class=\"wpcf7-form-control-wrap\" data-name=\"text-82\"><input size=\"40\" maxlength=\"400\" class=\"wpcf7-form-control wpcf7-text wpcf7-validates-as-required form-control\" aria-required=\"true\" aria-invalid=\"false\" placeholder=\"Name Surname\" value=\"\" type=\"text\" name=\"text-82\" \/><\/span>\n\t\t<\/div>\n\t\t<div class=\"form-group col-sm-6\">\n\t\t\t<span class=\"wpcf7-form-control-wrap\" data-name=\"your-email\"><input size=\"40\" maxlength=\"400\" class=\"wpcf7-form-control wpcf7-email wpcf7-validates-as-required wpcf7-text wpcf7-validates-as-email form-control\" aria-required=\"true\" aria-invalid=\"false\" placeholder=\"Email\" value=\"\" type=\"email\" name=\"your-email\" \/><\/span>\n\t\t<\/div>\n\t\t<div class=\"form-group col-sm-6\">\n\n                        <span class=\"wpcf7-form-control-wrap\" data-name=\"menu-375\"><select class=\"wpcf7-form-control wpcf7-select wpcf7-validates-as-required form-select\" aria-required=\"true\" aria-invalid=\"false\" name=\"menu-375\"><option value=\"Konuyu Se\u00e7iniz\">Konuyu Se\u00e7iniz<\/option><option value=\"\u00d6n Bilgi\">\u00d6n Bilgi<\/option><option value=\"Ula\u015f\u0131m\">Ula\u015f\u0131m<\/option><option value=\"Hizmetler\">Hizmetler<\/option><option value=\"\u0130nsan Kaynaklar\u0131\">\u0130nsan Kaynaklar\u0131<\/option><\/select><\/span>\n\t\t<\/div>\n\t\t<div class=\"form-group col-sm-6\">\n                        <span class=\"wpcf7-form-control-wrap\" data-name=\"tel-378\"><input size=\"40\" maxlength=\"400\" class=\"wpcf7-form-control wpcf7-tel wpcf7-validates-as-required wpcf7-text wpcf7-validates-as-tel form-control\" aria-required=\"true\" aria-invalid=\"false\" placeholder=\"Phone\" value=\"\" type=\"tel\" name=\"tel-378\" \/><\/span>\n\t\t<\/div>\n\t\t<div class=\"form-group col-sm-12\">\n                      <span class=\"wpcf7-form-control-wrap\" data-name=\"text-82\"><input size=\"40\" maxlength=\"400\" class=\"wpcf7-form-control wpcf7-text wpcf7-validates-as-required form-control\" aria-required=\"true\" aria-invalid=\"false\" placeholder=\"Company\" value=\"\" type=\"text\" name=\"text-82\" \/><\/span>\n\t\t<\/div>\n\t\t<div class=\"form-group col-12\">\n                        <span class=\"wpcf7-form-control-wrap\" data-name=\"textarea-783\"><textarea cols=\"40\" rows=\"10\" maxlength=\"2000\" class=\"wpcf7-form-control wpcf7-textarea form-control\" aria-invalid=\"false\" placeholder=\"Your messages...\" name=\"textarea-783\"><\/textarea><\/span>\n\t\t<\/div>\n\t\t<div class=\"form-btn col-12\">\n                        <button class=\"th-btn w-100 wpcf7\">Submit<\/button>\n\t\t<\/div>\n\t<\/div>\n<\/div><p style=\"display: none !important;\" class=\"akismet-fields-container\" data-prefix=\"_wpcf7_ak_\"><label>&#916;<textarea name=\"_wpcf7_ak_hp_textarea\" cols=\"45\" rows=\"8\" maxlength=\"100\"><\/textarea><\/label><input type=\"hidden\" id=\"ak_js_1\" name=\"_wpcf7_ak_js\" value=\"62\"\/><script>\ndocument.getElementById( \"ak_js_1\" ).setAttribute( \"value\", ( new Date() ).getTime() );\n<\/script>\n<\/p><div class=\"wpcf7-response-output\" aria-hidden=\"true\"><\/div>\n<input type=\"hidden\" name=\"trp-form-language\" value=\"en\"\/><\/form>\n<\/div>\n<\/div>\t\t\t\t<\/div>\n\t\t\t\t<\/div>\n\t\t\t\t<div class=\"elementor-element elementor-element-dbcacbd elementor-widget elementor-widget-tragacontactinfo\" data-id=\"dbcacbd\" data-element_type=\"widget\" data-e-type=\"widget\" data-widget_type=\"tragacontactinfo.default\">\n\t\t\t\t<div class=\"elementor-widget-container\">\n\t\t\t\t\t<div class=\"row gy-4\"><div class=\"col-xl-4 col-md-6\"><div class=\"contact-info\"><div class=\"contact-info_icon\"><i class=\"fas fa-location-dot\"><\/i><\/div><div class=\"media-body\"><h4 class=\"box-title\">Office Address<\/h4><span class=\"contact-info_text\"><a href=\"https:\/\/www.google.com\/maps\">K\u00fc\u00e7\u00fckyal\u0131 \u0130\u015f Merkezi, Girne Mah. Irmaklar Sok. No.72 -13C Blok \u00a0Posta Kodu: 34852 Maltepe \u0130stanbul\/ T\u00fcrkiye<\/a><\/span><\/div><\/div><\/div><div class=\"col-xl-4 col-md-6\"><div class=\"contact-info\"><div class=\"contact-info_icon\"><i class=\"fas fa-phone\"><\/i><\/div><div class=\"media-body\"><h4 class=\"box-title\">Phone<\/h4><span class=\"contact-info_text\"><a href=\"tel:Phone:+902163663828\">Phone: +90 216 366 38 28\n<\/a><a href=\"tel:Fax:+902163663829\">Fax: +90 216 366 38 29<\/a><\/span><\/div><\/div><\/div><div class=\"col-xl-4 col-md-6\"><div class=\"contact-info\"><div class=\"contact-info_icon\"><i class=\"fas fa-envelope\"><\/i><\/div><div class=\"media-body\"><h4 class=\"box-title\">Email<\/h4><span class=\"contact-info_text\"><a href=\"mailto:info@4aelektrik.com.tr\">info@4aelektrik.com.tr<\/a><a href=\"mailto:\"><\/a><\/span><\/div><\/div><\/div><\/div>\t\t\t\t<\/div>\n\t\t\t\t<\/div>\n\t\t\t\t\t<\/div>\n\t\t<\/div>\n\t\t\t\t<div class=\"elementor-column elementor-col-50 elementor-inner-column elementor-element elementor-element-6a6d249 elementor-hidden-tablet elementor-hidden-mobile\" data-id=\"6a6d249\" data-element_type=\"column\" data-e-type=\"column\">\n\t\t\t<div class=\"elementor-widget-wrap\">\n\t\t\t\t\t\t\t<\/div>\n\t\t<\/div>\n\t\t\t\t\t<\/div>\n\t\t<\/section>\n\t\t\t\t\t<\/div>\n\t\t<\/div>\n\t\t\t\t\t<\/div>\n\t\t<\/section>\n\t\t<div class=\"elementor-element elementor-element-bde5a52 e-con-full e-flex e-con e-parent\" data-id=\"bde5a52\" data-element_type=\"container\" data-e-type=\"container\">\n\t\t<div class=\"elementor-element elementor-element-9386a57 e-con-full e-flex e-con e-child\" data-id=\"9386a57\" data-element_type=\"container\" data-e-type=\"container\">\n\t\t\t\t<div class=\"elementor-element elementor-element-98d8af6 elementor-widget elementor-widget-html\" data-id=\"98d8af6\" data-element_type=\"widget\" data-e-type=\"widget\" data-widget_type=\"html.default\">\n\t\t\t\t<div class=\"elementor-widget-container\">\n\t\t\t\t\t<iframe style=\"border: 0;\" src=\"https:\/\/www.google.com\/maps\/embed?pb=!1m14!1m8!1m3!1d24110.024463027697!2d29.133204!3d40.943079!3m2!1i1024!2i768!4f13.1!3m3!1m2!1s0x14cac684a98a8185%3A0xcc099aef3dd364db!2zR2lybmUgTWFoYWxsZXNpLCBLw7zDp8O8a3lhbMSxIMSwxZ8gTXJrLiBTaXRlc2ksIDM0ODUyIE1hbHRlcGUvxLBzdGFuYnVsLCBUw7xya2l5ZQ!5e0!3m2!1str!2sin!4v1528204169368\" width=\"100%\" height=\"450\" frameborder=\"0\" allowfullscreen=\"allowfullscreen\" data-mce-fragment=\"1\"><\/iframe>\t\t\t\t<\/div>\n\t\t\t\t<\/div>\n\t\t\t\t<\/div>\n\t\t\t\t<\/div>\n\t\t\t\t<\/div>","protected":false},"excerpt":{"rendered":"<p>\u0130leti\u015fim Formu Sorular\u0131n\u0131z m\u0131 var? Faaliyetlerimiz ve i\u015f birli\u011fi i\u00e7in bize sormak istedi\u011finiz konularla ilgili bizimle ileti\u015fime ge\u00e7ebilirsiniz. Sordu\u011funuz sorular veya bilgiler en k\u0131sa s\u00fcrede taraf\u0131m\u0131zdan cevapland\u0131r\u0131lacakt\u0131r. Konuyu Se\u00e7iniz\u00d6n BilgiUla\u015f\u0131mHizmetler\u0130nsan Kaynaklar\u0131 FORMU G\u00d6NDER &#916; Ofis Adresi K\u00fc\u00e7\u00fckyal\u0131 \u0130\u015f Merkezi, Girne Mah. Irmaklar Sok. No.72 -13C Blok \u00a0Posta Kodu: 34852 Maltepe \u0130stanbul\/ T\u00fcrkiye Ofis Telefon Phone:&#8230;<\/p>","protected":false},"author":1,"featured_media":0,"parent":0,"menu_order":0,"comment_status":"closed","ping_status":"closed","template":"template-builder.php","meta":{"footnotes":""},"class_list":["post-967","page","type-page","status-publish","hentry"],"_links":{"self":[{"href":"https:\/\/www.4aelektrik.com.tr\/en\/wp-json\/wp\/v2\/pages\/967","targetHints":{"allow":["GET"]}}],"collection":[{"href":"https:\/\/www.4aelektrik.com.tr\/en\/wp-json\/wp\/v2\/pages"}],"about":[{"href":"https:\/\/www.4aelektrik.com.tr\/en\/wp-json\/wp\/v2\/types\/page"}],"author":[{"embeddable":true,"href":"https:\/\/www.4aelektrik.com.tr\/en\/wp-json\/wp\/v2\/users\/1"}],"replies":[{"embeddable":true,"href":"https:\/\/www.4aelektrik.com.tr\/en\/wp-json\/wp\/v2\/comments?post=967"}],"version-history":[{"count":29,"href":"https:\/\/www.4aelektrik.com.tr\/en\/wp-json\/wp\/v2\/pages\/967\/revisions"}],"predecessor-version":[{"id":4760,"href":"https:\/\/www.4aelektrik.com.tr\/en\/wp-json\/wp\/v2\/pages\/967\/revisions\/4760"}],"wp:attachment":[{"href":"https:\/\/www.4aelektrik.com.tr\/en\/wp-json\/wp\/v2\/media?parent=967"}],"curies":[{"name":"wp","href":"https:\/\/api.w.org\/{rel}","templated":true}]}}